{"id":87642,"date":"2023-08-09T00:04:58","date_gmt":"2023-08-08T23:04:58","guid":{"rendered":"https:\/\/santepara.ma\/?product=md-repair-v-creme-vergetures-200ml"},"modified":"2025-03-27T14:45:55","modified_gmt":"2025-03-27T13:45:55","slug":"md-repair-v-creme-vergetures-200ml","status":"publish","type":"product","link":"https:\/\/santepara.ma\/?product=md-repair-v-creme-vergetures-200ml","title":{"rendered":"M&amp;D Repair V Creme Vergetures 200Ml"},"content":{"rendered":"<p><span>Cr\u00e8me \u00e0 la texture cors\u00e9e \u00e0 haut pouvoir \u00e9lastifiant \u00e0 base de beurre de karit\u00e9 et d&rsquo;huile d&rsquo;avocat, qui nourrit en profondeur la peau.\u00a0<\/span><span>Ce produit, gr\u00e2ce \u00e0 la pr\u00e9sence de collag\u00e8ne marin et d&rsquo;\u00e9lastine marine, est une aide valable pour pr\u00e9venir la perte de tonicit\u00e9 de la peau et la formation de nouvelles vergetures, gardant la peau naturellement \u00e9lastique et hydrat\u00e9e.<\/span><\/p>\n","protected":false},"excerpt":{"rendered":"<p>Action \u00e9lastifiante et tonifiante de la peau.<\/p>\n<p>Pr\u00e9vention de la formation des vergetures.<\/p>\n<p>Texture riche et nourrissante.<\/p>\n","protected":false},"featured_media":87641,"comment_status":"open","ping_status":"closed","template":"","meta":{"_joinchat":[]},"pwb-brand":[537],"product_cat":[333,334],"product_tag":[],"brands":[{"id":537,"name":"M&amp;D","slug":"md"}],"_links":{"self":[{"href":"https:\/\/santepara.ma\/index.php?rest_route=\/wp\/v2\/product\/87642"}],"collection":[{"href":"https:\/\/santepara.ma\/index.php?rest_route=\/wp\/v2\/product"}],"about":[{"href":"https:\/\/santepara.ma\/index.php?rest_route=\/wp\/v2\/types\/product"}],"replies":[{"embeddable":true,"href":"https:\/\/santepara.ma\/index.php?rest_route=%2Fwp%2Fv2%2Fcomments&post=87642"}],"wp:featuredmedia":[{"embeddable":true,"href":"https:\/\/santepara.ma\/index.php?rest_route=\/wp\/v2\/media\/87641"}],"wp:attachment":[{"href":"https:\/\/santepara.ma\/index.php?rest_route=%2Fwp%2Fv2%2Fmedia&parent=87642"}],"wp:term":[{"taxonomy":"pwb-brand","embeddable":true,"href":"https:\/\/santepara.ma\/index.php?rest_route=%2Fwp%2Fv2%2Fpwb-brand&post=87642"},{"taxonomy":"product_cat","embeddable":true,"href":"https:\/\/santepara.ma\/index.php?rest_route=%2Fwp%2Fv2%2Fproduct_cat&post=87642"},{"taxonomy":"product_tag","embeddable":true,"href":"https:\/\/santepara.ma\/index.php?rest_route=%2Fwp%2Fv2%2Fproduct_tag&post=87642"}],"curies":[{"name":"wp","href":"https:\/\/api.w.org\/{rel}","templated":true}]}}