{"id":87650,"date":"2023-08-09T00:05:00","date_gmt":"2023-08-08T23:05:00","guid":{"rendered":"https:\/\/santepara.ma\/?product=md-bio12-lotion-reparatrice-200ml"},"modified":"2023-11-04T13:01:54","modified_gmt":"2023-11-04T12:01:54","slug":"md-bio12-lotion-reparatrice-200ml","status":"publish","type":"product","link":"https:\/\/santepara.ma\/?product=md-bio12-lotion-reparatrice-200ml","title":{"rendered":"M&amp;D Bio12 Lotion Reparatrice 200ml"},"content":{"rendered":"<p><span>Lotion en spray facile \u00e0 utiliser apr\u00e8s chaque lavage avec une action nourrissante, fortifiante et protectrice, id\u00e9ale pour le traitement des cheveux fragiles et ab\u00eem\u00e9s.\u00a0<\/span><span>Elle convient particuli\u00e8rement aux cheveux stress\u00e9s ou trait\u00e9s.\u00a0<\/span><span>Facilite le coiffage et facilite le repassage, en particulier les cheveux sont plus r\u00e9sistants au stress thermique, rendant l&rsquo;utilisation du lisseur plus s\u00fbre.<\/span><\/p>\n","protected":false},"excerpt":{"rendered":"<p><strong><span>Action nourrissante et fortifiante<\/span><\/strong><\/p>\n<p><strong><span>Protection contre le stress thermique<\/span><\/strong><\/p>\n<p><strong><span>Convient aux cheveux stress\u00e9s ou trait\u00e9s<\/span><\/strong><\/p>\n","protected":false},"featured_media":87649,"comment_status":"open","ping_status":"closed","template":"","meta":{"_joinchat":[]},"pwb-brand":[538],"product_cat":[268],"product_tag":[],"brands":[{"id":538,"name":"BIO12","slug":"bio12"}],"_links":{"self":[{"href":"https:\/\/santepara.ma\/index.php?rest_route=\/wp\/v2\/product\/87650"}],"collection":[{"href":"https:\/\/santepara.ma\/index.php?rest_route=\/wp\/v2\/product"}],"about":[{"href":"https:\/\/santepara.ma\/index.php?rest_route=\/wp\/v2\/types\/product"}],"replies":[{"embeddable":true,"href":"https:\/\/santepara.ma\/index.php?rest_route=%2Fwp%2Fv2%2Fcomments&post=87650"}],"wp:featuredmedia":[{"embeddable":true,"href":"https:\/\/santepara.ma\/index.php?rest_route=\/wp\/v2\/media\/87649"}],"wp:attachment":[{"href":"https:\/\/santepara.ma\/index.php?rest_route=%2Fwp%2Fv2%2Fmedia&parent=87650"}],"wp:term":[{"taxonomy":"pwb-brand","embeddable":true,"href":"https:\/\/santepara.ma\/index.php?rest_route=%2Fwp%2Fv2%2Fpwb-brand&post=87650"},{"taxonomy":"product_cat","embeddable":true,"href":"https:\/\/santepara.ma\/index.php?rest_route=%2Fwp%2Fv2%2Fproduct_cat&post=87650"},{"taxonomy":"product_tag","embeddable":true,"href":"https:\/\/santepara.ma\/index.php?rest_route=%2Fwp%2Fv2%2Fproduct_tag&post=87650"}],"curies":[{"name":"wp","href":"https:\/\/api.w.org\/{rel}","templated":true}]}}