{"id":87822,"date":"2023-08-09T00:06:00","date_gmt":"2023-08-08T23:06:00","guid":{"rendered":"https:\/\/santepara.ma\/?product=somatoline-homme-traitement-ventre-et-abdomen-10-nuits-250ml"},"modified":"2023-11-04T13:02:02","modified_gmt":"2023-11-04T12:02:02","slug":"somatoline-homme-traitement-ventre-et-abdomen-10-nuits-250ml","status":"publish","type":"product","link":"https:\/\/santepara.ma\/?product=somatoline-homme-traitement-ventre-et-abdomen-10-nuits-250ml","title":{"rendered":"SOMATOLINE HOMME TRAITEMENT VENTRE ET ABDOMEN 10 NUITS 250ML"},"content":{"rendered":"<p>Il stimule la microcirculation, activant la gymnastique vasomotrice et favorisant ainsi l\u2019action amincissante.<\/p>\n<p>Il apporte \u00e0 la peau une sensation imm\u00e9diate de vigueur et de bien-\u00eatre gr\u00e2ce \u00e0 son parfum frais et intense.<\/p>\n<p>SOMATOLINE COSMETIC Ventre et Abdomen Intensif Nuit 10 contient le MenRedux10-complex\u2122, un nouveau complexe de principes actifs amincissants hautement concentr\u00e9s : caf\u00e9ine, caf\u00e9 vert, guarana et carnitine.<\/p>\n<p><strong><strong>Conseils d&rsquo;Utilisation : <\/strong> <\/strong><\/p>\n<p>Appliquer chaque soir, avant de dormir, une noisette de produit sur les zones \u00e0 traiter en massant avec des mouvements circulaires jusqu\u2019\u00e0 absorption compl\u00e8te.<\/p>\n<p>Continuer le traitement pendant 10 nuits cons\u00e9cutives.<\/p>\n<p>Une utilisation r\u00e9guli\u00e8re, au-del\u00e0 des 10 nuits, aide \u00e0 am\u00e9liorer les r\u00e9sultats obtenus. Non gras.<\/p>\n","protected":false},"excerpt":{"rendered":"<p>Il favorise l\u2019activit\u00e9 lipolytique et aide \u00e0 r\u00e9duire les amas graisseux localis\u00e9s.<\/p>\n","protected":false},"featured_media":87821,"comment_status":"open","ping_status":"closed","template":"","meta":{"_joinchat":[]},"pwb-brand":[547],"product_cat":[335],"product_tag":[],"brands":[{"id":547,"name":"SOMATOLINE","slug":"somatoline"}],"_links":{"self":[{"href":"https:\/\/santepara.ma\/index.php?rest_route=\/wp\/v2\/product\/87822"}],"collection":[{"href":"https:\/\/santepara.ma\/index.php?rest_route=\/wp\/v2\/product"}],"about":[{"href":"https:\/\/santepara.ma\/index.php?rest_route=\/wp\/v2\/types\/product"}],"replies":[{"embeddable":true,"href":"https:\/\/santepara.ma\/index.php?rest_route=%2Fwp%2Fv2%2Fcomments&post=87822"}],"wp:featuredmedia":[{"embeddable":true,"href":"https:\/\/santepara.ma\/index.php?rest_route=\/wp\/v2\/media\/87821"}],"wp:attachment":[{"href":"https:\/\/santepara.ma\/index.php?rest_route=%2Fwp%2Fv2%2Fmedia&parent=87822"}],"wp:term":[{"taxonomy":"pwb-brand","embeddable":true,"href":"https:\/\/santepara.ma\/index.php?rest_route=%2Fwp%2Fv2%2Fpwb-brand&post=87822"},{"taxonomy":"product_cat","embeddable":true,"href":"https:\/\/santepara.ma\/index.php?rest_route=%2Fwp%2Fv2%2Fproduct_cat&post=87822"},{"taxonomy":"product_tag","embeddable":true,"href":"https:\/\/santepara.ma\/index.php?rest_route=%2Fwp%2Fv2%2Fproduct_tag&post=87822"}],"curies":[{"name":"wp","href":"https:\/\/api.w.org\/{rel}","templated":true}]}}