{"id":87880,"date":"2023-08-09T00:06:15","date_gmt":"2023-08-08T23:06:15","guid":{"rendered":"https:\/\/santepara.ma\/?product=somatoline-amincissant-intensif-7-nuits-400ml"},"modified":"2023-11-04T13:02:05","modified_gmt":"2023-11-04T12:02:05","slug":"somatoline-amincissant-intensif-7-nuits-400ml","status":"publish","type":"product","link":"https:\/\/santepara.ma\/?product=somatoline-amincissant-intensif-7-nuits-400ml","title":{"rendered":"SOMATOLINE AMINCISSANT INTENSIF 7 NUITS 400ML"},"content":{"rendered":"<p>Aujourd&rsquo;hui, les femmes attendent d&rsquo;un traitement amincissant plus qu&rsquo;une efficacit\u00e9 prouv\u00e9e : elles recherchent aussi une rapidit\u00e9 d&rsquo;action ainsi que l&rsquo;assurance de r\u00e9sultats garantis.<\/p>\n<p>L&rsquo;Amincissant Intensif 7 nuits offre le maximum de l&rsquo;efficacit\u00e9 minceur Somatoline Cosmetic, avec des premiers r\u00e9sultats visibles en seulement 7 nuits.<\/p>\n<p>Sa formule exclusive et iconique, hautement concentr\u00e9e en ingr\u00e9dients actifs sp\u00e9cifiques offre une triple action minceur (lipolytique, drainante et anti-stockage) pour une efficacit\u00e9 amincissante en seulement 7 nuits.<\/p>\n<p>Les tests cliniques le d\u00e9montrent dans 100% des cas test\u00e9s.<\/p>\n<p><strong>Actions<\/strong> :<\/p>\n<p>&#8211; l&rsquo;action lipolytique favorise la r\u00e9duction des amas graisseux ;<\/p>\n<p>&#8211; l&rsquo;action drainante favorise l&rsquo;\u00e9limination des liquides en exc\u00e8s ;<\/p>\n<p>&#8211; l&rsquo;action anti-stockage emp\u00eache la formation de nouveaux amas graisseux.<\/p>\n<p><strong><strong>Conseils d&rsquo;Utilisation : <\/strong> <\/strong><\/p>\n<p>Appliquer le produit chaque soir pendant au moins 7 jours, en massant avec des mouvements circulaires du bas vers le haut jusqu&rsquo;\u00e0 absorption compl\u00e8te de la cr\u00e8me.<\/p>\n<p>Pour un r\u00e9sultat maximal, poursuivre l&rsquo;utilisation du produit pendant 4 semaines.<\/p>\n<p>Le traitement peut \u00eatre r\u00e9p\u00e9t\u00e9 plusieurs fois dans l&rsquo;ann\u00e9e.<\/p>\n<p>Apr\u00e8s quelques minutes de massage, vous pouvez ressentir une sensation de chaleur, \u00e9ventuellement accompagn\u00e9e de l\u00e9gers picotements et d&rsquo;une possible apparition de rougeurs temporaires.<\/p>\n<p>L&rsquo;apparition et l&rsquo;intensit\u00e9 de ces r\u00e9actions \u00e9ventuelles, qui disparaissent compl\u00e8tement apr\u00e8s 30 minutes, peuvent diff\u00e9rer selon les sensibilit\u00e9s individuelles de chacun et sont les signes de l&rsquo;action cosm\u00e9tique innovante du produit.<\/p>\n<p>Ces ph\u00e9nom\u00e8nes sont passagers et il ne faut pas les confondre avec une r\u00e9action d&rsquo;intol\u00e9rance au produit.<\/p>\n<p>En cas de rougeurs excessives, laver abondamment avec de l&rsquo;eau froide.<\/p>\n<p>Se laver soigneusement les mains apr\u00e8s application.<\/p>\n<p><strong><strong>Composition : <\/strong> <\/strong><\/p>\n<p>Formule INCI : Aqua, Maris Sal, Caprylic\/Capric Triglyceride, Cetearyl Alcohol, Dimethicone, Butyrospermum Parkii Extract, Kaolin, Propylene Glycol Diethylhexanoate, Xanthan Gum, Glycerin, C12-20 Acid PEG-8 Ester, PEG-20 Stearate, Parfum (Fragrance), Gelidium Cartilagineum Extract, Pelvetia Canaliculata Extract, Corallina Officinalis Extract, Laminaria Digitata Extract, Propylene Glycol, Ethyl Nicotinate, Tocopherol, Phenoxyethanol, Potassium Sorbate, Methylparaben, Ethylparaben, Benzyl Alcohol, Butylparaben, Isobutylparaben, Propylparaben, CI 19140, CI 42090, Benzophenone-4.<\/p>\n","protected":false},"excerpt":{"rendered":"<p>SOMATOLINE COSMETIC<\/p>\n<p>Amincissant intensif amincit jusqu&rsquo;\u00e0 1,7cm en 7 nuits Pour une action lipolytique, anti-stockage et drainante 400 ml .<\/p>\n","protected":false},"featured_media":87879,"comment_status":"open","ping_status":"closed","template":"","meta":{"_joinchat":[]},"pwb-brand":[547],"product_cat":[335],"product_tag":[],"brands":[{"id":547,"name":"SOMATOLINE","slug":"somatoline"}],"_links":{"self":[{"href":"https:\/\/santepara.ma\/index.php?rest_route=\/wp\/v2\/product\/87880"}],"collection":[{"href":"https:\/\/santepara.ma\/index.php?rest_route=\/wp\/v2\/product"}],"about":[{"href":"https:\/\/santepara.ma\/index.php?rest_route=\/wp\/v2\/types\/product"}],"replies":[{"embeddable":true,"href":"https:\/\/santepara.ma\/index.php?rest_route=%2Fwp%2Fv2%2Fcomments&post=87880"}],"wp:featuredmedia":[{"embeddable":true,"href":"https:\/\/santepara.ma\/index.php?rest_route=\/wp\/v2\/media\/87879"}],"wp:attachment":[{"href":"https:\/\/santepara.ma\/index.php?rest_route=%2Fwp%2Fv2%2Fmedia&parent=87880"}],"wp:term":[{"taxonomy":"pwb-brand","embeddable":true,"href":"https:\/\/santepara.ma\/index.php?rest_route=%2Fwp%2Fv2%2Fpwb-brand&post=87880"},{"taxonomy":"product_cat","embeddable":true,"href":"https:\/\/santepara.ma\/index.php?rest_route=%2Fwp%2Fv2%2Fproduct_cat&post=87880"},{"taxonomy":"product_tag","embeddable":true,"href":"https:\/\/santepara.ma\/index.php?rest_route=%2Fwp%2Fv2%2Fproduct_tag&post=87880"}],"curies":[{"name":"wp","href":"https:\/\/api.w.org\/{rel}","templated":true}]}}