{"id":87908,"date":"2023-08-09T00:06:24","date_gmt":"2023-08-08T23:06:24","guid":{"rendered":"https:\/\/santepara.ma\/?product=sanogyl-dent-blancheur-et-soin-75ml"},"modified":"2023-11-04T13:02:06","modified_gmt":"2023-11-04T12:02:06","slug":"sanogyl-dent-blancheur-et-soin-75ml","status":"publish","type":"product","link":"https:\/\/santepara.ma\/?product=sanogyl-dent-blancheur-et-soin-75ml","title":{"rendered":"Sanogyl dent blancheur et soin 75ml"},"content":{"rendered":"<section class=\"wpb-content-wrapper\"><div class=\"wpb_row vc_row  vc_row-fluid  mk-fullwidth-false  attched-false vc_row-fluid mpc-row\">\n<div class=\"vc_col-sm-9 wpb_column column_container mpc-column\" data-column-id=\"mpc_column-98601d768ff3cec\">\n<div class=\"vc_tta-container\" data-vc-action=\"collapse\">\n<div class=\"vc_general vc_tta vc_tta-tabs vc_tta-color-sky vc_tta-style-modern vc_tta-shape-rounded vc_tta-spacing-1 vc_tta-tabs-position-top vc_tta-controls-align-left vc_custom_1479905039817\">\n<div class=\"vc_tta-panels-container\">\n<div class=\"vc_tta-panels\">\n<div id=\"1478608798258-d1e51ffb-46eb\" class=\"vc_tta-panel vc_active\" data-vc-content=\".vc_tta-panel-body\">\n<div class=\"vc_tta-panel-body\">\n<div class=\"mk-text-block  true\">\n<p>La blancheur est particuli\u00e8re \u00e0 chacun et d\u00e9pend de la couleur naturelle de l\u2019\u00e9mail. Cependant, au fil du\u00a0 temps, la plaque dentaire se d\u00e9veloppe et certains \u00e9l\u00e9ments ext\u00e9rieurs comme le th\u00e9, le caf\u00e9 ou la cigarette tachent jour apr\u00e8s jour vos dents. Elles perdent alors leur blancheur naturelle.<\/p>\n<p><b>Dents jaunes ou ternes<\/p>\n<p>Plaque dentaire<\/b><\/p>\n<p>Pour restaurer en douceur la blancheur de vos dents nous avons con\u00e7u Sanogyl Blancheur et Soin.<\/p>\n<p><b>Blanchit<\/p>\n<p>Restaure<\/p>\n<p>Renforce<\/p>\n<p><\/b><\/p>\n<p>L\u2019expertise Sanogyl a cr\u00e9\u00e9 Sanogyl Blancheur et Soin pour blanchir en douceur et pour longtemps l\u2019\u00e9mail de vos dents.<\/p>\n<div class=\"clearboth\"><\/div>\n<\/div>\n<\/div>\n<\/div>\n<div id=\"1478608798459-f65e83e7-7635\" class=\"vc_tta-panel\" data-vc-content=\".vc_tta-panel-body\"><\/div>\n<\/div>\n<\/div>\n<\/div>\n<\/div>\n<\/div>\n<\/div>\n<div class=\"wpb_row vc_row  vc_row-fluid  mk-fullwidth-false  attched-false vc_row-fluid mpc-row\"><\/div>\n<\/section>","protected":false},"excerpt":{"rendered":"<p>Sanogyl dent blancheur et soin 75ml<\/p>\n","protected":false},"featured_media":87907,"comment_status":"open","ping_status":"closed","template":"","meta":{"_joinchat":[]},"pwb-brand":[553],"product_cat":[298],"product_tag":[],"brands":[{"id":553,"name":"Sanogyl","slug":"sanogyl"}],"_links":{"self":[{"href":"https:\/\/santepara.ma\/index.php?rest_route=\/wp\/v2\/product\/87908"}],"collection":[{"href":"https:\/\/santepara.ma\/index.php?rest_route=\/wp\/v2\/product"}],"about":[{"href":"https:\/\/santepara.ma\/index.php?rest_route=\/wp\/v2\/types\/product"}],"replies":[{"embeddable":true,"href":"https:\/\/santepara.ma\/index.php?rest_route=%2Fwp%2Fv2%2Fcomments&post=87908"}],"wp:featuredmedia":[{"embeddable":true,"href":"https:\/\/santepara.ma\/index.php?rest_route=\/wp\/v2\/media\/87907"}],"wp:attachment":[{"href":"https:\/\/santepara.ma\/index.php?rest_route=%2Fwp%2Fv2%2Fmedia&parent=87908"}],"wp:term":[{"taxonomy":"pwb-brand","embeddable":true,"href":"https:\/\/santepara.ma\/index.php?rest_route=%2Fwp%2Fv2%2Fpwb-brand&post=87908"},{"taxonomy":"product_cat","embeddable":true,"href":"https:\/\/santepara.ma\/index.php?rest_route=%2Fwp%2Fv2%2Fproduct_cat&post=87908"},{"taxonomy":"product_tag","embeddable":true,"href":"https:\/\/santepara.ma\/index.php?rest_route=%2Fwp%2Fv2%2Fproduct_tag&post=87908"}],"curies":[{"name":"wp","href":"https:\/\/api.w.org\/{rel}","templated":true}]}}