{"id":87936,"date":"2023-08-09T00:06:29","date_gmt":"2023-08-08T23:06:29","guid":{"rendered":"https:\/\/santepara.ma\/?product=sanogyl-dent-soin-globalblancheur-75ml"},"modified":"2023-11-04T13:02:09","modified_gmt":"2023-11-04T12:02:09","slug":"sanogyl-dent-soin-globalblancheur-75ml","status":"publish","type":"product","link":"https:\/\/santepara.ma\/?product=sanogyl-dent-soin-globalblancheur-75ml","title":{"rendered":"Sanogyl dent soin global+blancheur 75ml"},"content":{"rendered":"<section class=\"wpb-content-wrapper\"><div class=\"wpb_row vc_row  vc_row-fluid  mk-fullwidth-false  attched-false vc_row-fluid mpc-row\">\n<div class=\"vc_col-sm-9 wpb_column column_container mpc-column\" data-column-id=\"mpc_column-47601e6ca553615\">\n<div class=\"vc_tta-container\" data-vc-action=\"collapse\">\n<div class=\"vc_general vc_tta vc_tta-tabs vc_tta-color-sky vc_tta-style-modern vc_tta-shape-rounded vc_tta-spacing-1 vc_tta-tabs-position-top vc_tta-controls-align-left vc_custom_1479905039817\">\n<div class=\"vc_tta-panels-container\">\n<div class=\"vc_tta-panels\">\n<div id=\"1478608798258-d1e51ffb-46eb\" class=\"vc_tta-panel vc_active\" data-vc-content=\".vc_tta-panel-body\">\n<div class=\"vc_tta-panel-body\">\n<div class=\"mk-text-block  true\">\n<p>Aujourd\u2019hui la sant\u00e9 bucco-dentaire passe par le soin de toute la bouche. Elle concerne aussi bien les dents, que les gencives que la langue.<\/p>\n<p><b><\/p>\n<p>Plaque dentaire<\/p>\n<p>Mauvaise haleine<\/p>\n<p>Gencives parfois sensibles<\/b><\/p>\n<p>Sanogyl Soin Global + Blancheur vous aide \u00e0 prot\u00e9ger durablement 100% de votre capital bucco-dentaire.<\/p>\n<p><b>Nourrit \/ Fortifie<\/p>\n<p>Blanchit \/ Prot\u00e8ge<\/b><\/p>\n<p><b>Sanogyl Soin Global + Blancheur est un soin MULTIPROTECTION :<\/b><\/p>\n<ul>\n<li>Combat la formation du tartre responsable de la plaque dentaire<\/li>\n<li>Prot\u00e8ge vos gencives<\/li>\n<li>Rafra\u00eechit l\u2019haleine<\/li>\n<li>Gr\u00e2ce \u00e0 sa formule renforc\u00e9e en Bicarbonate de Sodium, rend vos dents plus blanches, tout en douceur.<\/li>\n<\/ul>\n<p><b>Le Protectiv\u2019SYSTEM de SANOGYL<\/b><\/p>\n<p>Depuis 1923, Sanogyl a construit son expertise sur le soin des gencives et des dents. Les recherches du Laboratoire Sanogyl ont permis de d\u00e9velopper le Protectiv\u2019SYSTEM, un complexe unique alliant des agents antibact\u00e9riens, un agent apaisant et du Fluor pour une protection compl\u00e8te des gencives et des dents.<\/p>\n<p>En plus de cette protection, chaque dentifrice de la gamme Sanogyl vous offre un soin sp\u00e9cifique r\u00e9pondant \u00e0 vos besoins.<\/p>\n<div class=\"clearboth\"><\/div>\n<\/div>\n<\/div>\n<\/div>\n<div id=\"1478608798459-f65e83e7-7635\" class=\"vc_tta-panel\" data-vc-content=\".vc_tta-panel-body\"><\/div>\n<\/div>\n<\/div>\n<\/div>\n<\/div>\n<\/div>\n<\/div>\n<div class=\"wpb_row vc_row  vc_row-fluid  mk-fullwidth-false  attched-false vc_row-fluid mpc-row\"><\/div>\n<\/section>","protected":false},"excerpt":{"rendered":"<p>Pour pr\u00e9server votre capital bucco-dentaire, les Laboratoires Sanogyl ont con\u00e7u Sanogyl Soin Global + Blancheur pour 12h de multiprotection, la blancheur en plus.<\/p>\n<p>&nbsp;<\/p>\n","protected":false},"featured_media":87935,"comment_status":"open","ping_status":"closed","template":"","meta":{"_joinchat":[]},"pwb-brand":[553],"product_cat":[298],"product_tag":[],"brands":[{"id":553,"name":"Sanogyl","slug":"sanogyl"}],"_links":{"self":[{"href":"https:\/\/santepara.ma\/index.php?rest_route=\/wp\/v2\/product\/87936"}],"collection":[{"href":"https:\/\/santepara.ma\/index.php?rest_route=\/wp\/v2\/product"}],"about":[{"href":"https:\/\/santepara.ma\/index.php?rest_route=\/wp\/v2\/types\/product"}],"replies":[{"embeddable":true,"href":"https:\/\/santepara.ma\/index.php?rest_route=%2Fwp%2Fv2%2Fcomments&post=87936"}],"wp:featuredmedia":[{"embeddable":true,"href":"https:\/\/santepara.ma\/index.php?rest_route=\/wp\/v2\/media\/87935"}],"wp:attachment":[{"href":"https:\/\/santepara.ma\/index.php?rest_route=%2Fwp%2Fv2%2Fmedia&parent=87936"}],"wp:term":[{"taxonomy":"pwb-brand","embeddable":true,"href":"https:\/\/santepara.ma\/index.php?rest_route=%2Fwp%2Fv2%2Fpwb-brand&post=87936"},{"taxonomy":"product_cat","embeddable":true,"href":"https:\/\/santepara.ma\/index.php?rest_route=%2Fwp%2Fv2%2Fproduct_cat&post=87936"},{"taxonomy":"product_tag","embeddable":true,"href":"https:\/\/santepara.ma\/index.php?rest_route=%2Fwp%2Fv2%2Fproduct_tag&post=87936"}],"curies":[{"name":"wp","href":"https:\/\/api.w.org\/{rel}","templated":true}]}}