{"id":88065,"date":"2023-08-09T00:07:18","date_gmt":"2023-08-08T23:07:18","guid":{"rendered":"https:\/\/santepara.ma\/?product=nuhanciam-serum-anti-taches-puissance-4-30ml"},"modified":"2024-02-22T16:18:41","modified_gmt":"2024-02-22T15:18:41","slug":"nuhanciam-serum-anti-taches-puissance-4-30ml","status":"publish","type":"product","link":"https:\/\/santepara.ma\/?product=nuhanciam-serum-anti-taches-puissance-4-30ml","title":{"rendered":"NUHANCIAM SERUM ANTI-TACHES puissance 4 30ml"},"content":{"rendered":"<p>Ce s\u00e9rum anti-taches efficace permet une att\u00e9nuation visible de toutes les taches pigmentaires dont les taches de vieillesse ainsi que des traces d\u2019hyperpigmentation laiss\u00e9es par des traumatismes tels que boutons, cicatrices et autres l\u00e9sions sur le visage et le corps. Formul\u00e9 avec 4 actifs agissant aux 4 niveaux de la formation de la tache, il \u00e9claircit la tache de fa\u00e7on cibl\u00e9e donc sans d\u00e9pigmentation autour de celle-ci. Sa texture fine et fondante p\u00e9n\u00e8tre au c\u0153ur de l\u2019\u00e9piderme. Particuli\u00e8rement efficace, c\u2019est un excellent s\u00e9rum anti-taches pour les peaux noires et toutes les peaux de phototypes III \u00e0 VI.<\/p>\n<p><strong><strong>Conseils d&rsquo;Utilisation : <\/strong> <\/strong><\/p>\n<p>Pour une correction intensive, utiliser le S\u00e9rum pendant 8 semaines, matin et soir. En entretien, continuer \u00e0 utiliser le S\u00e9rum chaque jour, le matin ou le soir ou bien en cure, une semaine par mois. Sur une peau propre et s\u00e8che, appliquer l\u2019\u00e9quivalent de 2 \u00e0 3 gouttes sur l\u2019ensemble du visage, du cou et du d\u00e9collet\u00e9. Insister sur les taches par de l\u00e9gers tapotements effectu\u00e9s avec la pulpe de vos doigts. La texture fine et fondante du S\u00e9rum p\u00e9n\u00e8tre et\u00a0 file dans la peau.<\/p>\n","protected":false},"excerpt":{"rendered":"<p>97% d\u2019ingr\u00e9dients d\u2019origine naturelle<\/p>\n","protected":false},"featured_media":88064,"comment_status":"open","ping_status":"closed","template":"","meta":{"_joinchat":[]},"pwb-brand":[561],"product_cat":[126],"product_tag":[],"brands":[{"id":561,"name":"NUHANCIAM","slug":"nuhanciam"}],"_links":{"self":[{"href":"https:\/\/santepara.ma\/index.php?rest_route=\/wp\/v2\/product\/88065"}],"collection":[{"href":"https:\/\/santepara.ma\/index.php?rest_route=\/wp\/v2\/product"}],"about":[{"href":"https:\/\/santepara.ma\/index.php?rest_route=\/wp\/v2\/types\/product"}],"replies":[{"embeddable":true,"href":"https:\/\/santepara.ma\/index.php?rest_route=%2Fwp%2Fv2%2Fcomments&post=88065"}],"wp:featuredmedia":[{"embeddable":true,"href":"https:\/\/santepara.ma\/index.php?rest_route=\/wp\/v2\/media\/88064"}],"wp:attachment":[{"href":"https:\/\/santepara.ma\/index.php?rest_route=%2Fwp%2Fv2%2Fmedia&parent=88065"}],"wp:term":[{"taxonomy":"pwb-brand","embeddable":true,"href":"https:\/\/santepara.ma\/index.php?rest_route=%2Fwp%2Fv2%2Fpwb-brand&post=88065"},{"taxonomy":"product_cat","embeddable":true,"href":"https:\/\/santepara.ma\/index.php?rest_route=%2Fwp%2Fv2%2Fproduct_cat&post=88065"},{"taxonomy":"product_tag","embeddable":true,"href":"https:\/\/santepara.ma\/index.php?rest_route=%2Fwp%2Fv2%2Fproduct_tag&post=88065"}],"curies":[{"name":"wp","href":"https:\/\/api.w.org\/{rel}","templated":true}]}}