{"id":88119,"date":"2023-08-09T00:07:33","date_gmt":"2023-08-08T23:07:33","guid":{"rendered":"https:\/\/santepara.ma\/?product=gph-collagene-marinevitamine-c-200gelules-350mg"},"modified":"2026-02-26T17:43:27","modified_gmt":"2026-02-26T16:43:27","slug":"gph-collagene-marinevitamine-c-200gelules-350mg","status":"publish","type":"product","link":"https:\/\/santepara.ma\/?product=gph-collagene-marinevitamine-c-200gelules-350mg","title":{"rendered":"GPH Collagene Marine+vitamine C 200gelules 350mg"},"content":{"rendered":"","protected":false},"excerpt":{"rendered":"<p>Notre M\u00e9lange Contribue \u00e0 la formation normale de collag\u00e9ne Pour assurer la fonction normale des cartilages et de la peau .<\/p>\n","protected":false},"featured_media":88118,"comment_status":"open","ping_status":"closed","template":"","meta":{"_joinchat":[]},"pwb-brand":[387],"product_cat":[85,132],"product_tag":[],"brands":[{"id":387,"name":"GPH","slug":"gph"}],"_links":{"self":[{"href":"https:\/\/santepara.ma\/index.php?rest_route=\/wp\/v2\/product\/88119"}],"collection":[{"href":"https:\/\/santepara.ma\/index.php?rest_route=\/wp\/v2\/product"}],"about":[{"href":"https:\/\/santepara.ma\/index.php?rest_route=\/wp\/v2\/types\/product"}],"replies":[{"embeddable":true,"href":"https:\/\/santepara.ma\/index.php?rest_route=%2Fwp%2Fv2%2Fcomments&post=88119"}],"wp:featuredmedia":[{"embeddable":true,"href":"https:\/\/santepara.ma\/index.php?rest_route=\/wp\/v2\/media\/88118"}],"wp:attachment":[{"href":"https:\/\/santepara.ma\/index.php?rest_route=%2Fwp%2Fv2%2Fmedia&parent=88119"}],"wp:term":[{"taxonomy":"pwb-brand","embeddable":true,"href":"https:\/\/santepara.ma\/index.php?rest_route=%2Fwp%2Fv2%2Fpwb-brand&post=88119"},{"taxonomy":"product_cat","embeddable":true,"href":"https:\/\/santepara.ma\/index.php?rest_route=%2Fwp%2Fv2%2Fproduct_cat&post=88119"},{"taxonomy":"product_tag","embeddable":true,"href":"https:\/\/santepara.ma\/index.php?rest_route=%2Fwp%2Fv2%2Fproduct_tag&post=88119"}],"curies":[{"name":"wp","href":"https:\/\/api.w.org\/{rel}","templated":true}]}}