{"id":88159,"date":"2023-08-09T00:07:41","date_gmt":"2023-08-08T23:07:41","guid":{"rendered":"https:\/\/santepara.ma\/?product=kin-dentifrice-aloe-vera-125-ml"},"modified":"2023-11-04T13:02:23","modified_gmt":"2023-11-04T12:02:23","slug":"kin-dentifrice-aloe-vera-125-ml","status":"publish","type":"product","link":"https:\/\/santepara.ma\/?product=kin-dentifrice-aloe-vera-125-ml","title":{"rendered":"Kin Dentifrice Aloe Vera 125 ml"},"content":{"rendered":"<p>P\u00e2te dentifrice Kin Anticaries au chlorure de c\u00e9tylpyridinium,\u00a0\u00e0 action antiseptique et antiplaque, \u00e0 la provitamine B5 et \u00e0 l&rsquo;aloe vera.<\/p>\n<p>Il exerce une action r\u00e9g\u00e9n\u00e9rante, tonifiante, en incorporant \u00e9galement du fluorure (1450 ppm) dans sa composition,\u00a0afin de pr\u00e9venir l&rsquo;apparition de caries dentaires.<\/p>\n","protected":false},"excerpt":{"rendered":"<p>P\u00e2te dentifrice Kin Anticaries au chlorure de c\u00e9tylpyridinium,\u00a0\u00e0 action antiseptique et antiplaque, \u00e0 la provitamine B5 et \u00e0 l&rsquo;aloe vera.<\/p>\n","protected":false},"featured_media":88158,"comment_status":"open","ping_status":"closed","template":"","meta":{"_joinchat":[]},"pwb-brand":[574],"product_cat":[132],"product_tag":[],"brands":[{"id":574,"name":"KIN","slug":"kin"}],"_links":{"self":[{"href":"https:\/\/santepara.ma\/index.php?rest_route=\/wp\/v2\/product\/88159"}],"collection":[{"href":"https:\/\/santepara.ma\/index.php?rest_route=\/wp\/v2\/product"}],"about":[{"href":"https:\/\/santepara.ma\/index.php?rest_route=\/wp\/v2\/types\/product"}],"replies":[{"embeddable":true,"href":"https:\/\/santepara.ma\/index.php?rest_route=%2Fwp%2Fv2%2Fcomments&post=88159"}],"wp:featuredmedia":[{"embeddable":true,"href":"https:\/\/santepara.ma\/index.php?rest_route=\/wp\/v2\/media\/88158"}],"wp:attachment":[{"href":"https:\/\/santepara.ma\/index.php?rest_route=%2Fwp%2Fv2%2Fmedia&parent=88159"}],"wp:term":[{"taxonomy":"pwb-brand","embeddable":true,"href":"https:\/\/santepara.ma\/index.php?rest_route=%2Fwp%2Fv2%2Fpwb-brand&post=88159"},{"taxonomy":"product_cat","embeddable":true,"href":"https:\/\/santepara.ma\/index.php?rest_route=%2Fwp%2Fv2%2Fproduct_cat&post=88159"},{"taxonomy":"product_tag","embeddable":true,"href":"https:\/\/santepara.ma\/index.php?rest_route=%2Fwp%2Fv2%2Fproduct_tag&post=88159"}],"curies":[{"name":"wp","href":"https:\/\/api.w.org\/{rel}","templated":true}]}}