{"id":88203,"date":"2023-08-09T00:07:54","date_gmt":"2023-08-08T23:07:54","guid":{"rendered":"https:\/\/santepara.ma\/?product=vertu-plus-omega-3-1000mg-50-capsules"},"modified":"2023-11-04T13:02:24","modified_gmt":"2023-11-04T12:02:24","slug":"vertu-plus-omega-3-1000mg-50-capsules","status":"publish","type":"product","link":"https:\/\/santepara.ma\/?product=vertu-plus-omega-3-1000mg-50-capsules","title":{"rendered":"VERTU PLUS OMEGA 3 1000mg 50 CAPSULES"},"content":{"rendered":"<p>Om\u00e9ga -3 ALA est associ\u00e9e \u00e0 une r\u00e9duction conside\u00e9rable du risque cardiaque<\/p>\n<p>omega-3 contribue au fonctionnement normal du cerveau notament du foetus et du nourisson.<\/p>\n","protected":false},"excerpt":{"rendered":"<p>Om\u00e9ga -3 ALA est associ\u00e9e \u00e0 une r\u00e9duction conside\u00e9rable du risque cardiaque omega-3 contribue au fonctionnement normal du cerveau notament<\/p>\n","protected":false},"featured_media":88202,"comment_status":"open","ping_status":"closed","template":"","meta":{"_joinchat":[]},"pwb-brand":[468],"product_cat":[223,218],"product_tag":[],"brands":[{"id":468,"name":"VERTU PLUS","slug":"vertu-plus"}],"_links":{"self":[{"href":"https:\/\/santepara.ma\/index.php?rest_route=\/wp\/v2\/product\/88203"}],"collection":[{"href":"https:\/\/santepara.ma\/index.php?rest_route=\/wp\/v2\/product"}],"about":[{"href":"https:\/\/santepara.ma\/index.php?rest_route=\/wp\/v2\/types\/product"}],"replies":[{"embeddable":true,"href":"https:\/\/santepara.ma\/index.php?rest_route=%2Fwp%2Fv2%2Fcomments&post=88203"}],"wp:featuredmedia":[{"embeddable":true,"href":"https:\/\/santepara.ma\/index.php?rest_route=\/wp\/v2\/media\/88202"}],"wp:attachment":[{"href":"https:\/\/santepara.ma\/index.php?rest_route=%2Fwp%2Fv2%2Fmedia&parent=88203"}],"wp:term":[{"taxonomy":"pwb-brand","embeddable":true,"href":"https:\/\/santepara.ma\/index.php?rest_route=%2Fwp%2Fv2%2Fpwb-brand&post=88203"},{"taxonomy":"product_cat","embeddable":true,"href":"https:\/\/santepara.ma\/index.php?rest_route=%2Fwp%2Fv2%2Fproduct_cat&post=88203"},{"taxonomy":"product_tag","embeddable":true,"href":"https:\/\/santepara.ma\/index.php?rest_route=%2Fwp%2Fv2%2Fproduct_tag&post=88203"}],"curies":[{"name":"wp","href":"https:\/\/api.w.org\/{rel}","templated":true}]}}