{"id":88219,"date":"2023-08-09T00:07:57","date_gmt":"2023-08-08T23:07:57","guid":{"rendered":"https:\/\/santepara.ma\/?product=listerine-bain-de-bouche-protection-dents-et-gencives-250ml"},"modified":"2023-11-09T14:34:41","modified_gmt":"2023-11-09T13:34:41","slug":"listerine-bain-de-bouche-protection-dents-et-gencives-250ml","status":"publish","type":"product","link":"https:\/\/santepara.ma\/?product=listerine-bain-de-bouche-protection-dents-et-gencives-250ml","title":{"rendered":"LISTERINE BAIN DE BOUCHE PROTECTION DENTS ET GENCIVES 250ML"},"content":{"rendered":"<div class=\"product-tabs\">\n<div class=\"std new-std\">\n<div class=\"product-tabs\">\n<div class=\"std new-std\">\n<p>Utilis\u00e9 deux fois par jour en compl\u00e9ment du brossage, Listerine Protection Dents et Gencives enrichi en fluor procure une protection durable pour des dents et des gencives plus saines.<\/p>\n<p>C&rsquo;est cliniquement prouv\u00e9e, Listerine Protection Dents et Gencives :<\/p>\n<ul>\n<li>\u00a0Renforce l&rsquo;\u00e9mail des dents pour favoriser la pr\u00e9vention des caries.<\/li>\n<li>Pr\u00e9vient et r\u00e9duit la plaque, une des principales causes des probl\u00e8mes de gencives.<\/li>\n<li>Elimine les bact\u00e9ries entre les dents.<\/li>\n<li>Rafra\u00eechit l&rsquo;haleine.<\/li>\n<\/ul>\n<\/div>\n<\/div>\n<div class=\"product-tabs\">\n<h3 class=\"tabs-title\">Conseils d&rsquo;utilisation<\/h3>\n<div class=\"std new-std\">\n<p>A utiliser deux fois par jour.<\/p>\n<\/div>\n<\/div>\n<\/div>\n<\/div>\n","protected":false},"excerpt":{"rendered":"<p>Protection dents et gencives<\/p>\n<p>R\u00e9duit les plaques<\/p>\n<p>Contient du fluor<\/p>\n<p>Menthe-fra\u00eeche<\/p>\n","protected":false},"featured_media":88218,"comment_status":"open","ping_status":"closed","template":"","meta":{"_joinchat":[]},"pwb-brand":[582],"product_cat":[272],"product_tag":[],"brands":[{"id":582,"name":"LISTERINE","slug":"listerine"}],"_links":{"self":[{"href":"https:\/\/santepara.ma\/index.php?rest_route=\/wp\/v2\/product\/88219"}],"collection":[{"href":"https:\/\/santepara.ma\/index.php?rest_route=\/wp\/v2\/product"}],"about":[{"href":"https:\/\/santepara.ma\/index.php?rest_route=\/wp\/v2\/types\/product"}],"replies":[{"embeddable":true,"href":"https:\/\/santepara.ma\/index.php?rest_route=%2Fwp%2Fv2%2Fcomments&post=88219"}],"wp:featuredmedia":[{"embeddable":true,"href":"https:\/\/santepara.ma\/index.php?rest_route=\/wp\/v2\/media\/88218"}],"wp:attachment":[{"href":"https:\/\/santepara.ma\/index.php?rest_route=%2Fwp%2Fv2%2Fmedia&parent=88219"}],"wp:term":[{"taxonomy":"pwb-brand","embeddable":true,"href":"https:\/\/santepara.ma\/index.php?rest_route=%2Fwp%2Fv2%2Fpwb-brand&post=88219"},{"taxonomy":"product_cat","embeddable":true,"href":"https:\/\/santepara.ma\/index.php?rest_route=%2Fwp%2Fv2%2Fproduct_cat&post=88219"},{"taxonomy":"product_tag","embeddable":true,"href":"https:\/\/santepara.ma\/index.php?rest_route=%2Fwp%2Fv2%2Fproduct_tag&post=88219"}],"curies":[{"name":"wp","href":"https:\/\/api.w.org\/{rel}","templated":true}]}}