{"id":88223,"date":"2023-08-09T00:07:58","date_gmt":"2023-08-08T23:07:58","guid":{"rendered":"https:\/\/santepara.ma\/?product=soleilbiafine-emulsion-solaire-visage-fps-50-50-ml"},"modified":"2023-11-14T11:49:36","modified_gmt":"2023-11-14T10:49:36","slug":"soleilbiafine-emulsion-solaire-visage-fps-50-50-ml","status":"publish","type":"product","link":"https:\/\/santepara.ma\/?product=soleilbiafine-emulsion-solaire-visage-fps-50-50-ml","title":{"rendered":"SoleilBiafine \u00c9mulsion Solaire Visage FPS 50 50 ml"},"content":{"rendered":"<p>La protection solaire visage des peaux les plus sensibles, tr\u00e8s claires ou claires offre une double protection:<\/p>\n<ul>\n<li>Prot\u00e8ge des coups de soleil\u00a0gr\u00e2ce au syst\u00e8me performant et photostable de filtres anti-UVA et UVB \u00e0 large spectre.<\/li>\n<li>Prot\u00e8ge des dommages cutan\u00e9s \u00e0 long terme.<\/li>\n<\/ul>\n<p>D\u00e9velopp\u00e9 pour les\u00a0peaux tr\u00e8s claires,\u00a0claires\u00a0ou\u00a0sensibles\u00a0de toute la famille (enfants de plus de 3 ans).<\/p>\n<p>Protection solaire du visage.<\/p>\n<p><strong><strong>Composition : <\/strong> <\/strong><\/p>\n<ul>\n<li>\u00a0Syst\u00e8me de filtres performant photostable et \u00e0 large spectre, anti UVA et UVB.<\/li>\n<li>Feverfew,\u00a0actif brevet\u00e9 d&rsquo;origine v\u00e9g\u00e9tale aux propri\u00e9t\u00e9s anti-radicalaire et apaisante.<\/li>\n<li>D\u00e9riv\u00e9 de\u00a0vitamine E,\u00a0actif reconnu pour son activit\u00e9 anti-oxydante.<\/li>\n<li>Glyc\u00e9rine, humectant reconnu pour sa propri\u00e9t\u00e9 hydratante.<\/li>\n<\/ul>\n<p><strong><strong>Conseils d&rsquo;Utilisation : <\/strong> <\/strong><\/p>\n<p>Avant l\u2019exposition au soleil, appliquer g\u00e9n\u00e9reusement et uniform\u00e9ment sur l\u2019ensemble des zones expos\u00e9es.<\/p>\n<p>Une application r\u00e9duite de protection solaire peut baisser significativement le niveau de protection.<\/p>\n<p>Renouveler fr\u00e9quemment l\u2019application, en particulier apr\u00e8s avoir transpir\u00e9, nag\u00e9 ou vous \u00eatre essuy\u00e9.<\/p>\n","protected":false},"excerpt":{"rendered":"<p>La protection solaire visage des peaux les plus sensibles, tr\u00e8s claires ou claires offre une double protection: Prot\u00e8ge des coups<\/p>\n","protected":false},"featured_media":88222,"comment_status":"open","ping_status":"closed","template":"","meta":{"_joinchat":[]},"pwb-brand":[295],"product_cat":[180],"product_tag":[],"brands":[{"id":295,"name":"BIAFINE","slug":"biafine"}],"_links":{"self":[{"href":"https:\/\/santepara.ma\/index.php?rest_route=\/wp\/v2\/product\/88223"}],"collection":[{"href":"https:\/\/santepara.ma\/index.php?rest_route=\/wp\/v2\/product"}],"about":[{"href":"https:\/\/santepara.ma\/index.php?rest_route=\/wp\/v2\/types\/product"}],"replies":[{"embeddable":true,"href":"https:\/\/santepara.ma\/index.php?rest_route=%2Fwp%2Fv2%2Fcomments&post=88223"}],"wp:featuredmedia":[{"embeddable":true,"href":"https:\/\/santepara.ma\/index.php?rest_route=\/wp\/v2\/media\/88222"}],"wp:attachment":[{"href":"https:\/\/santepara.ma\/index.php?rest_route=%2Fwp%2Fv2%2Fmedia&parent=88223"}],"wp:term":[{"taxonomy":"pwb-brand","embeddable":true,"href":"https:\/\/santepara.ma\/index.php?rest_route=%2Fwp%2Fv2%2Fpwb-brand&post=88223"},{"taxonomy":"product_cat","embeddable":true,"href":"https:\/\/santepara.ma\/index.php?rest_route=%2Fwp%2Fv2%2Fproduct_cat&post=88223"},{"taxonomy":"product_tag","embeddable":true,"href":"https:\/\/santepara.ma\/index.php?rest_route=%2Fwp%2Fv2%2Fproduct_tag&post=88223"}],"curies":[{"name":"wp","href":"https:\/\/api.w.org\/{rel}","templated":true}]}}