{"id":88246,"date":"2023-08-09T00:08:07","date_gmt":"2023-08-08T23:08:07","guid":{"rendered":"https:\/\/santepara.ma\/?product=biokera-color-n5-5-chatain-clair-a-reflet-acajou"},"modified":"2023-11-09T14:33:53","modified_gmt":"2023-11-09T13:33:53","slug":"biokera-color-n5-5-chatain-clair-a-reflet-acajou","status":"publish","type":"product","link":"https:\/\/santepara.ma\/?product=biokera-color-n5-5-chatain-clair-a-reflet-acajou","title":{"rendered":"Biokera Color N\u00b05.5 Chatain Clair \u00e0 Reflet Acajou"},"content":{"rendered":"<div class=\"wpb_text_column wpb_content_element \">\n<div class=\"wpb_wrapper\">\n<p><strong>Biokera Natura Color\u00a0<\/strong>n\u00e9 dans la ligne\u00a0la plus naturelle\u00a0de la marque est donc une coloration sans parab\u00e8nes, sans silicones, sans PPD, sans r\u00e9sorcine et avec des huiles v\u00e9g\u00e9tales organiques certifi\u00e9es.<\/p>\n<p>Une coloration sous un\u00a0point de vue naturel avec deux principales pr\u00e9misses : prot\u00e9ger les cheveux et apporter un r\u00e9sultat parfait.<\/p>\n<\/div>\n<\/div>\n<h4 class=\"vc_custom_heading\">MODE D\u2019EMPLOI :<\/h4>\n<div class=\"wpb_text_column wpb_content_element \">\n<div class=\"wpb_wrapper\">\n<p>M\u00e9langez dans la proportion d\u2019une\u00a0partie de couleur avec une partie d\u2019oxydant Biokera. Appliquez sur la racine et laissez agir 25 minutes.<\/p>\n<p>Passez sur les pointes et laissez agir 5 minutes<\/p>\n<\/div>\n<\/div>\n","protected":false},"excerpt":{"rendered":"<ul>\n<li class=\"vc_custom_heading\">Coloration par oxydation avec des huiles v\u00e9g\u00e9tales organiques.<\/li>\n<li class=\"vc_custom_heading\">Couleurs intenses, brillantes et durables<\/li>\n<\/ul>\n","protected":false},"featured_media":88235,"comment_status":"open","ping_status":"closed","template":"","meta":{"_joinchat":[]},"pwb-brand":[584],"product_cat":[268,281],"product_tag":[],"brands":[{"id":584,"name":"BIOKERA","slug":"biokera"}],"_links":{"self":[{"href":"https:\/\/santepara.ma\/index.php?rest_route=\/wp\/v2\/product\/88246"}],"collection":[{"href":"https:\/\/santepara.ma\/index.php?rest_route=\/wp\/v2\/product"}],"about":[{"href":"https:\/\/santepara.ma\/index.php?rest_route=\/wp\/v2\/types\/product"}],"replies":[{"embeddable":true,"href":"https:\/\/santepara.ma\/index.php?rest_route=%2Fwp%2Fv2%2Fcomments&post=88246"}],"wp:featuredmedia":[{"embeddable":true,"href":"https:\/\/santepara.ma\/index.php?rest_route=\/wp\/v2\/media\/88235"}],"wp:attachment":[{"href":"https:\/\/santepara.ma\/index.php?rest_route=%2Fwp%2Fv2%2Fmedia&parent=88246"}],"wp:term":[{"taxonomy":"pwb-brand","embeddable":true,"href":"https:\/\/santepara.ma\/index.php?rest_route=%2Fwp%2Fv2%2Fpwb-brand&post=88246"},{"taxonomy":"product_cat","embeddable":true,"href":"https:\/\/santepara.ma\/index.php?rest_route=%2Fwp%2Fv2%2Fproduct_cat&post=88246"},{"taxonomy":"product_tag","embeddable":true,"href":"https:\/\/santepara.ma\/index.php?rest_route=%2Fwp%2Fv2%2Fproduct_tag&post=88246"}],"curies":[{"name":"wp","href":"https:\/\/api.w.org\/{rel}","templated":true}]}}