{"id":88278,"date":"2023-08-09T00:08:17","date_gmt":"2023-08-08T23:08:17","guid":{"rendered":"https:\/\/santepara.ma\/?product=biokera-shampoing-specifique-gras-300ml"},"modified":"2023-11-04T13:02:30","modified_gmt":"2023-11-04T12:02:30","slug":"biokera-shampoing-specifique-gras-300ml","status":"publish","type":"product","link":"https:\/\/santepara.ma\/?product=biokera-shampoing-specifique-gras-300ml","title":{"rendered":"BIOKERA SHAMPOING SP\u00c9CIFIQUE GRAS 300ML"},"content":{"rendered":"<div class=\"wpb_text_column wpb_content_element \">\n<div class=\"wpb_wrapper\">\n<p><strong>Shampoing Sp\u00e9cifique Gras\u00a0<\/strong>est un shampoing id\u00e9al pour des cheveux avec des probl\u00e8mes dans le cycle de production du gras. Sa formule int\u00e8gre des compos\u00e9s sp\u00e9cifiques pour nettoyer de mani\u00e8re douce et r\u00e9guler le cycle de production de gras naturel, et elle augmente donc le temps entre les lavages.<\/p>\n<\/div>\n<\/div>\n<h4 class=\"vc_custom_heading\">MODE D\u2019EMPLOI :<\/h4>\n<div class=\"wpb_text_column wpb_content_element \">\n<div class=\"wpb_wrapper\">\n<p>Humectez les cheveux avec de l\u2019eau ti\u00e8de et appliquez le Shampoing Sp\u00e9cifique Gras\u00a0en l\u2019\u00e9talant bien. Rincez et r\u00e9p\u00e9tez le processus, en laissant quelques minutes de temps d\u2019exposition et rincez avec de l\u2019eau.<\/p>\n<\/div>\n<\/div>\n","protected":false},"excerpt":{"rendered":"<p>Shampoing Sp\u00e9cifique Gras\u00a0est un shampoing id\u00e9al pour des cheveux avec des probl\u00e8mes dans le cycle de production du gras. Sa<\/p>\n","protected":false},"featured_media":88277,"comment_status":"open","ping_status":"closed","template":"","meta":{"_joinchat":[]},"pwb-brand":[584],"product_cat":[150,144],"product_tag":[],"brands":[{"id":584,"name":"BIOKERA","slug":"biokera"}],"_links":{"self":[{"href":"https:\/\/santepara.ma\/index.php?rest_route=\/wp\/v2\/product\/88278"}],"collection":[{"href":"https:\/\/santepara.ma\/index.php?rest_route=\/wp\/v2\/product"}],"about":[{"href":"https:\/\/santepara.ma\/index.php?rest_route=\/wp\/v2\/types\/product"}],"replies":[{"embeddable":true,"href":"https:\/\/santepara.ma\/index.php?rest_route=%2Fwp%2Fv2%2Fcomments&post=88278"}],"wp:featuredmedia":[{"embeddable":true,"href":"https:\/\/santepara.ma\/index.php?rest_route=\/wp\/v2\/media\/88277"}],"wp:attachment":[{"href":"https:\/\/santepara.ma\/index.php?rest_route=%2Fwp%2Fv2%2Fmedia&parent=88278"}],"wp:term":[{"taxonomy":"pwb-brand","embeddable":true,"href":"https:\/\/santepara.ma\/index.php?rest_route=%2Fwp%2Fv2%2Fpwb-brand&post=88278"},{"taxonomy":"product_cat","embeddable":true,"href":"https:\/\/santepara.ma\/index.php?rest_route=%2Fwp%2Fv2%2Fproduct_cat&post=88278"},{"taxonomy":"product_tag","embeddable":true,"href":"https:\/\/santepara.ma\/index.php?rest_route=%2Fwp%2Fv2%2Fproduct_tag&post=88278"}],"curies":[{"name":"wp","href":"https:\/\/api.w.org\/{rel}","templated":true}]}}