{"id":88290,"date":"2023-08-09T00:08:19","date_gmt":"2023-08-08T23:08:19","guid":{"rendered":"https:\/\/santepara.ma\/?product=biokera-masque-grapeology-raisin-200ml"},"modified":"2023-11-04T13:02:30","modified_gmt":"2023-11-04T12:02:30","slug":"biokera-masque-grapeology-raisin-200ml","status":"publish","type":"product","link":"https:\/\/santepara.ma\/?product=biokera-masque-grapeology-raisin-200ml","title":{"rendered":"BIOKERA MASQUE GRAPEOLOGY RAISIN 200ML"},"content":{"rendered":"<div class=\"wpb_text_column wpb_content_element \">\n<div class=\"wpb_wrapper\">\n<p><strong>Masque\u00a0Grapeology<\/strong>\u00a0est un masque d\u2019huile \u00e0 base de p\u00e9pins de raisin tritur\u00e9 qui nourrit et hydrate en profondeur les cheveux. Sa formule avec une teneur \u00e9lev\u00e9e en Vitamine E, des prot\u00e9ines et de l\u2019arginine r\u00e9pare et am\u00e9liore la brillance naturel du cheveu en plus d\u2019apporter force et \u00e9lasticit\u00e9. Sa teneur \u00e9lev\u00e9e en antioxydants prot\u00e8ge les cheveux face aux agents externes et diminue le vieillissement.<\/p>\n<p>Avec une extr\u00eame nutrition et douceur,\u00a0Masque\u00a0Grapeology\u00a0est sp\u00e9cialement indiqu\u00e9 pour des cheveux color\u00e9s car il maintient la tonalit\u00e9 sur des cheveux blancs ou d\u00e9color\u00e9s, et peut s\u2019utiliser pour tous les lavages si n\u00e9cessaire.<\/p>\n<\/div>\n<\/div>\n<h4 class=\"vc_custom_heading\">MODE D\u2019EMPLOI<\/h4>\n<div class=\"wpb_text_column wpb_content_element \">\n<div class=\"wpb_wrapper\">\n<p>Apr\u00e8s le lavage, appliquez\u00a0<strong>Masque<\/strong>\u00a0<strong>Grapeology<\/strong>\u00a0sur toute la chevelure, sans toucher le cuir chevelu. Peignez les cheveux pour le r\u00e9partir et laissez poser quelques minutes. Rincez ensuite \u00e0 l\u2019eau ti\u00e8de puis, coiffez les cheveux.<\/p>\n<\/div>\n<\/div>\n","protected":false},"excerpt":{"rendered":"<p class=\"vc_custom_heading\">Nourrit en profondeur les cheveux<\/p>\n<p class=\"vc_custom_heading\">Avec des propri\u00e9t\u00e9s antioxydantes pour la couleur<\/p>\n","protected":false},"featured_media":88289,"comment_status":"open","ping_status":"closed","template":"","meta":{"_joinchat":[]},"pwb-brand":[584],"product_cat":[143,149],"product_tag":[],"brands":[{"id":584,"name":"BIOKERA","slug":"biokera"}],"_links":{"self":[{"href":"https:\/\/santepara.ma\/index.php?rest_route=\/wp\/v2\/product\/88290"}],"collection":[{"href":"https:\/\/santepara.ma\/index.php?rest_route=\/wp\/v2\/product"}],"about":[{"href":"https:\/\/santepara.ma\/index.php?rest_route=\/wp\/v2\/types\/product"}],"replies":[{"embeddable":true,"href":"https:\/\/santepara.ma\/index.php?rest_route=%2Fwp%2Fv2%2Fcomments&post=88290"}],"wp:featuredmedia":[{"embeddable":true,"href":"https:\/\/santepara.ma\/index.php?rest_route=\/wp\/v2\/media\/88289"}],"wp:attachment":[{"href":"https:\/\/santepara.ma\/index.php?rest_route=%2Fwp%2Fv2%2Fmedia&parent=88290"}],"wp:term":[{"taxonomy":"pwb-brand","embeddable":true,"href":"https:\/\/santepara.ma\/index.php?rest_route=%2Fwp%2Fv2%2Fpwb-brand&post=88290"},{"taxonomy":"product_cat","embeddable":true,"href":"https:\/\/santepara.ma\/index.php?rest_route=%2Fwp%2Fv2%2Fproduct_cat&post=88290"},{"taxonomy":"product_tag","embeddable":true,"href":"https:\/\/santepara.ma\/index.php?rest_route=%2Fwp%2Fv2%2Fproduct_tag&post=88290"}],"curies":[{"name":"wp","href":"https:\/\/api.w.org\/{rel}","templated":true}]}}