{"id":88344,"date":"2023-08-09T00:08:33","date_gmt":"2023-08-08T23:08:33","guid":{"rendered":"https:\/\/santepara.ma\/?product=fiderma-clarifid-plus-creme-depigmentante-intensive-50ml"},"modified":"2023-11-04T13:02:33","modified_gmt":"2023-11-04T12:02:33","slug":"fiderma-clarifid-plus-creme-depigmentante-intensive-50ml","status":"publish","type":"product","link":"https:\/\/santepara.ma\/?product=fiderma-clarifid-plus-creme-depigmentante-intensive-50ml","title":{"rendered":"FIDERMA CLARIFID PLUS Cr\u00e9me D\u00e9pigmentante Intensive 50ml"},"content":{"rendered":"<p>CLARIFID PLUS Cr\u00e9me d\u00e9pigmentante\u00a0 intensive est une cr\u00e9me sp\u00e9cialement con\u00e7u pour traiter l&rsquo;hyperpigmentation cutan\u00e9e localis\u00e9e (visage, mains d\u00e9collet\u00e9). sa formule r\u00e9duit les taches d\u00e9ja pr\u00e9sentes et pr\u00e9vient l&rsquo;apparition de nouvelles hyperpigmentations.<\/p>\n<p><strong>MODE D&#8217;emploi:<\/strong> appliquer clarifid plus cr\u00e9me d\u00e9pigmentante intensive une fois par jour sur les zones concern\u00e9es.<\/p>\n","protected":false},"excerpt":{"rendered":"<p>CLARIFID PLUS Cr\u00e9me d\u00e9pigmentante\u00a0 intensive est une cr\u00e9me sp\u00e9cialement con\u00e7u pour traiter l&rsquo;hyperpigmentation cutan\u00e9e localis\u00e9e (visage, mains d\u00e9collet\u00e9). sa formule<\/p>\n","protected":false},"featured_media":88343,"comment_status":"open","ping_status":"closed","template":"","meta":{"_joinchat":[]},"pwb-brand":[492],"product_cat":[128,126],"product_tag":[],"brands":[{"id":492,"name":"FIDERMA","slug":"fiderma"}],"_links":{"self":[{"href":"https:\/\/santepara.ma\/index.php?rest_route=\/wp\/v2\/product\/88344"}],"collection":[{"href":"https:\/\/santepara.ma\/index.php?rest_route=\/wp\/v2\/product"}],"about":[{"href":"https:\/\/santepara.ma\/index.php?rest_route=\/wp\/v2\/types\/product"}],"replies":[{"embeddable":true,"href":"https:\/\/santepara.ma\/index.php?rest_route=%2Fwp%2Fv2%2Fcomments&post=88344"}],"wp:featuredmedia":[{"embeddable":true,"href":"https:\/\/santepara.ma\/index.php?rest_route=\/wp\/v2\/media\/88343"}],"wp:attachment":[{"href":"https:\/\/santepara.ma\/index.php?rest_route=%2Fwp%2Fv2%2Fmedia&parent=88344"}],"wp:term":[{"taxonomy":"pwb-brand","embeddable":true,"href":"https:\/\/santepara.ma\/index.php?rest_route=%2Fwp%2Fv2%2Fpwb-brand&post=88344"},{"taxonomy":"product_cat","embeddable":true,"href":"https:\/\/santepara.ma\/index.php?rest_route=%2Fwp%2Fv2%2Fproduct_cat&post=88344"},{"taxonomy":"product_tag","embeddable":true,"href":"https:\/\/santepara.ma\/index.php?rest_route=%2Fwp%2Fv2%2Fproduct_tag&post=88344"}],"curies":[{"name":"wp","href":"https:\/\/api.w.org\/{rel}","templated":true}]}}