{"id":88362,"date":"2023-08-09T00:08:37","date_gmt":"2023-08-08T23:08:37","guid":{"rendered":"https:\/\/santepara.ma\/?product=uriage-hyseac-masque-purifiant-peel-off-50ml"},"modified":"2026-03-23T10:43:37","modified_gmt":"2026-03-23T09:43:37","slug":"uriage-hyseac-masque-purifiant-peel-off-50ml","status":"publish","type":"product","link":"https:\/\/santepara.ma\/?product=uriage-hyseac-masque-purifiant-peel-off-50ml","title":{"rendered":"URIAGE HYS\u00c9AC MASQUE PURIFIANT PEEL-OFF 50ML"},"content":{"rendered":"<p>Le geste hebdomadaire essentiel pour une peau parfaite. Ce masque int\u00e8gre des actifs purifiants dans une texture peel-off ultra-innovante pour des r\u00e9sultats visibles d\u00e8s la 1\u00e8re utilisation. Efficacit\u00e9 prouv\u00e9e sur peaux \u00e0 tendance acn\u00e9ique.<\/p>\n<p><strong>PURIFIE<\/strong><\/p>\n<p>Gr\u00e2ce \u00e0 l\u2019association de Kaolin d\u00e9sincrustant et d\u2019un D\u00e9riv\u00e9 d\u2019Acide Malique k\u00e9rator\u00e9gulateur, il absorbe les impuret\u00e9s et r\u00e9duit les imperfections.<\/p>\n<p><strong>RESSERRE LES PORES<\/strong><\/p>\n<p>Sa formule int\u00e8gre un Extrait V\u00e9g\u00e9tal Pore Refiner pour une peau plus lisse et plus nette.<\/p>\n<p><strong>MATIFIE<\/strong><\/p>\n<p>Enrichi en Zinc matifiant, il r\u00e9gule les brillances. La peau est imm\u00e9diatement matifi\u00e9e et \u00e0 long terme.<\/p>\n<p>ON ADORE : Son application innovante gr\u00e2ce \u00e0 sa texture gel peel-off qui se retire comme une seconde peau. Pas besoin de rincer !<\/p>\n<p><strong><strong>Conseils d&rsquo;Utilisation : <\/strong> <\/strong><\/p>\n<p>1. Sur peau propre et s\u00e8che, appliquer une fine couche en \u00e9vitant le contour des yeux et la racine des cheveux. (2 noisettes de produit suffisent pour l\u2019ensemble du visage)<\/p>\n<p>2. Laisser poser 15 minutes jusqu\u2019\u00e0 s\u00e9chage complet.<\/p>\n<p>3. D\u00e9coller d\u00e9licatement de l\u2019ext\u00e9rieur vers l\u2019int\u00e9rieur. Sans rin\u00e7age.<\/p>\n<p><strong>Utiliser une fois par semaine.\u00a0\u00a0Ne pas utiliser sur une peau sensible ou irrit\u00e9e.<\/strong><\/p>\n","protected":false},"excerpt":{"rendered":"<p class=\"c-product__subtitle\">MASQUE PURIFIANT EFFET SECONDE PEAU<\/p>\n","protected":false},"featured_media":88361,"comment_status":"open","ping_status":"closed","template":"","meta":{"_joinchat":[]},"pwb-brand":[321],"product_cat":[109,95,101],"product_tag":[],"brands":[{"id":321,"name":"URIAGE","slug":"uriage"}],"_links":{"self":[{"href":"https:\/\/santepara.ma\/index.php?rest_route=\/wp\/v2\/product\/88362"}],"collection":[{"href":"https:\/\/santepara.ma\/index.php?rest_route=\/wp\/v2\/product"}],"about":[{"href":"https:\/\/santepara.ma\/index.php?rest_route=\/wp\/v2\/types\/product"}],"replies":[{"embeddable":true,"href":"https:\/\/santepara.ma\/index.php?rest_route=%2Fwp%2Fv2%2Fcomments&post=88362"}],"wp:featuredmedia":[{"embeddable":true,"href":"https:\/\/santepara.ma\/index.php?rest_route=\/wp\/v2\/media\/88361"}],"wp:attachment":[{"href":"https:\/\/santepara.ma\/index.php?rest_route=%2Fwp%2Fv2%2Fmedia&parent=88362"}],"wp:term":[{"taxonomy":"pwb-brand","embeddable":true,"href":"https:\/\/santepara.ma\/index.php?rest_route=%2Fwp%2Fv2%2Fpwb-brand&post=88362"},{"taxonomy":"product_cat","embeddable":true,"href":"https:\/\/santepara.ma\/index.php?rest_route=%2Fwp%2Fv2%2Fproduct_cat&post=88362"},{"taxonomy":"product_tag","embeddable":true,"href":"https:\/\/santepara.ma\/index.php?rest_route=%2Fwp%2Fv2%2Fproduct_tag&post=88362"}],"curies":[{"name":"wp","href":"https:\/\/api.w.org\/{rel}","templated":true}]}}