{"id":88585,"date":"2023-08-09T00:09:39","date_gmt":"2023-08-08T23:09:39","guid":{"rendered":"https:\/\/santepara.ma\/?product=clarine-creme-eclaircissante"},"modified":"2024-05-30T15:45:52","modified_gmt":"2024-05-30T14:45:52","slug":"clarine-creme-eclaircissante","status":"publish","type":"product","link":"https:\/\/santepara.ma\/?product=clarine-creme-eclaircissante","title":{"rendered":"Clarine Creme Eclaircissante"},"content":{"rendered":"<h2 class=\"tab-title not-mobile not-two-tiles\">Description<\/h2>\n<div>Cr\u00e8me Eclaircissante 30ml<\/p>\n<p><strong>UTILISATION:<\/strong><\/p>\n<p>Appliquer quotidiennement le soir par un l\u00e9ger massage sur des petites surfaces ou les t\u00e2ches \u00e0 \u00e9claircir.<\/p>\n<p>Garder la cr\u00e8me toute la nuit<\/p>\n<p>Bien nettoyer le visage le lendemain et Appliquer un \u00e9cran total le jour<\/p>\n<p>\u00c9vitez le contact avec les yeux, les l\u00e8vres et l&rsquo;exposition au soleil.<\/p>\n<\/div>\n","protected":false},"excerpt":{"rendered":"<p>Clarine \u00c9claircissement traitement des taches brunes et des cicatrices pigment\u00e9es, avec filtres solaires et vitamine C et sans hydropuinone.<\/p>\n","protected":false},"featured_media":88584,"comment_status":"open","ping_status":"closed","template":"","meta":{"_joinchat":[]},"pwb-brand":[613],"product_cat":[95,132],"product_tag":[],"brands":[{"id":613,"name":"CLARINE","slug":"clarine"}],"_links":{"self":[{"href":"https:\/\/santepara.ma\/index.php?rest_route=\/wp\/v2\/product\/88585"}],"collection":[{"href":"https:\/\/santepara.ma\/index.php?rest_route=\/wp\/v2\/product"}],"about":[{"href":"https:\/\/santepara.ma\/index.php?rest_route=\/wp\/v2\/types\/product"}],"replies":[{"embeddable":true,"href":"https:\/\/santepara.ma\/index.php?rest_route=%2Fwp%2Fv2%2Fcomments&post=88585"}],"wp:featuredmedia":[{"embeddable":true,"href":"https:\/\/santepara.ma\/index.php?rest_route=\/wp\/v2\/media\/88584"}],"wp:attachment":[{"href":"https:\/\/santepara.ma\/index.php?rest_route=%2Fwp%2Fv2%2Fmedia&parent=88585"}],"wp:term":[{"taxonomy":"pwb-brand","embeddable":true,"href":"https:\/\/santepara.ma\/index.php?rest_route=%2Fwp%2Fv2%2Fpwb-brand&post=88585"},{"taxonomy":"product_cat","embeddable":true,"href":"https:\/\/santepara.ma\/index.php?rest_route=%2Fwp%2Fv2%2Fproduct_cat&post=88585"},{"taxonomy":"product_tag","embeddable":true,"href":"https:\/\/santepara.ma\/index.php?rest_route=%2Fwp%2Fv2%2Fproduct_tag&post=88585"}],"curies":[{"name":"wp","href":"https:\/\/api.w.org\/{rel}","templated":true}]}}