{"id":88597,"date":"2023-08-09T00:09:42","date_gmt":"2023-08-08T23:09:42","guid":{"rendered":"https:\/\/santepara.ma\/?product=dologel-gel-gingival"},"modified":"2023-11-04T13:02:44","modified_gmt":"2023-11-04T12:02:44","slug":"dologel-gel-gingival","status":"publish","type":"product","link":"https:\/\/santepara.ma\/?product=dologel-gel-gingival","title":{"rendered":"Dologel Gel Gingival"},"content":{"rendered":"<div class=\"product-tabs\">\n<h3 class=\"tabs-title\">Description:<\/h3>\n<div class=\"std new-std\">\n<p>Gel Gingival.<\/p>\n<p>Irritations et l\u00e9sions de la bouche.<\/p>\n<p>Premi\u00e8res pouss\u00e9es dentaires.<\/p>\n<p>Le gel de massage gingival Dologel est \u00e0 utiliser en cas d&rsquo;irritations et l\u00e9sions de la boouche et d\u00e8s les premi\u00e8res pouss\u00e9es dentaires du nourrisson.<\/p>\n<\/div>\n<\/div>\n<div class=\"product-tabs\">\n<h3 class=\"tabs-title\">Conseils d&rsquo;utilisation:<\/h3>\n<div class=\"std new-std\">\n<p>Conseils d&rsquo;utilisation\u00a0:<\/p>\n<p>Masser d\u00e9licatement les gencives avec une petite noisette de gel.<\/p>\n<p>Renouveler plusqieurs fois par jour si besoin.<\/p>\n<p>Pr\u00e9cautions d&#8217;emploi : \u00e9viter l&rsquo;exposition \u00e0 des temp\u00e9ratures sup\u00e9rieures \u00e0 30 \u00b0C.<\/p>\n<p>Tenir hors de la port\u00e9e et de la vue des enfants.<\/p>\n<\/div>\n<\/div>\n<div class=\"product-tabs\">\n<h3 class=\"tabs-title\">Composition:<\/h3>\n<div class=\"std new-std\">\n<p>Formule INCI: Valeriana officinalis extract, chamomilla recutita extract, propolis cera extract exipient QSP.<\/p>\n<\/div>\n<\/div>\n","protected":false},"excerpt":{"rendered":"<h4>Gilbert Dologel Gel Ginjival gel de massage gingival Dologel est \u00e0 utiliser en cas d&rsquo;irritations et l\u00e9sions de la bouche et d\u00e8s les premi\u00e8res pouss\u00e9es dentaires du nourrisson.<\/h4>\n","protected":false},"featured_media":88596,"comment_status":"open","ping_status":"closed","template":"","meta":{"_joinchat":[]},"pwb-brand":[616],"product_cat":[105,95],"product_tag":[],"brands":[{"id":616,"name":"DOLOGEL","slug":"dologel"}],"_links":{"self":[{"href":"https:\/\/santepara.ma\/index.php?rest_route=\/wp\/v2\/product\/88597"}],"collection":[{"href":"https:\/\/santepara.ma\/index.php?rest_route=\/wp\/v2\/product"}],"about":[{"href":"https:\/\/santepara.ma\/index.php?rest_route=\/wp\/v2\/types\/product"}],"replies":[{"embeddable":true,"href":"https:\/\/santepara.ma\/index.php?rest_route=%2Fwp%2Fv2%2Fcomments&post=88597"}],"wp:featuredmedia":[{"embeddable":true,"href":"https:\/\/santepara.ma\/index.php?rest_route=\/wp\/v2\/media\/88596"}],"wp:attachment":[{"href":"https:\/\/santepara.ma\/index.php?rest_route=%2Fwp%2Fv2%2Fmedia&parent=88597"}],"wp:term":[{"taxonomy":"pwb-brand","embeddable":true,"href":"https:\/\/santepara.ma\/index.php?rest_route=%2Fwp%2Fv2%2Fpwb-brand&post=88597"},{"taxonomy":"product_cat","embeddable":true,"href":"https:\/\/santepara.ma\/index.php?rest_route=%2Fwp%2Fv2%2Fproduct_cat&post=88597"},{"taxonomy":"product_tag","embeddable":true,"href":"https:\/\/santepara.ma\/index.php?rest_route=%2Fwp%2Fv2%2Fproduct_tag&post=88597"}],"curies":[{"name":"wp","href":"https:\/\/api.w.org\/{rel}","templated":true}]}}