{"id":88611,"date":"2023-08-09T00:09:49","date_gmt":"2023-08-08T23:09:49","guid":{"rendered":"https:\/\/santepara.ma\/?product=skarflex-gel-reparateur-spf-50-30ml"},"modified":"2023-11-04T13:02:46","modified_gmt":"2023-11-04T12:02:46","slug":"skarflex-gel-reparateur-spf-50-30ml","status":"publish","type":"product","link":"https:\/\/santepara.ma\/?product=skarflex-gel-reparateur-spf-50-30ml","title":{"rendered":"Skarflex Gel Reparateur Spf 50+ 30Ml"},"content":{"rendered":"<p>Skarflex Gel traitement de cicatrices hypertrophiques, cicatrices d\u2019acn\u00e9, br\u00fblures, les cicatrices en g\u00e9n\u00e9ral. UTILISATION: Appliquer le produit doucement r\u00e9p\u00e9ter le massage 3 \u00e0 4 fois par jour ou comme indiqu\u00e9 par votre m\u00e9decin. COMPOSANTS: Aqua, Pelvetia canaliculata Extrait, glyc\u00e9rine, Ethylhexyl Palmitate, gluconate de mangan\u00e8se, d\u2019olive, Extrait, Allium Cepa ampoule Extrait, tocoph\u00e9rol ac\u00e9tate, tri\u00e9thanolamine, butylparaben, \u00e9thylparaben, Methylparaben, Propylparaben, ph\u00e9noxy\u00e9thanol, propyl\u00e8ne glycol, Carbomer, Acrylates\/C10-30, acrylate d\u2019alkyle Crosspolymer, dioxyde de titane, d\u2019alumine, sim\u00e9thicone (sim\u00e9ticone), Disodium EDTA, Parfum: Benzyl Salicylate, Hexyl Cinnamal, lonone Alphaisomethyl, Butylphenyl Methylpropional, polysorbate 20, allanto\u00efne. Avertissements Ne pas utiliser sur des plaies ouvertes . Ne pas avaler, \u00e9viter tout contact avec les yeux.<\/p>\n","protected":false},"excerpt":{"rendered":"<p>SKARFLEX GEL REPARATEUR 30ml<\/p>\n","protected":false},"featured_media":88610,"comment_status":"open","ping_status":"closed","template":"","meta":{"_joinchat":[]},"pwb-brand":[618],"product_cat":[189],"product_tag":[],"brands":[{"id":618,"name":"SKARFLEX-S","slug":"skarflex-s"}],"_links":{"self":[{"href":"https:\/\/santepara.ma\/index.php?rest_route=\/wp\/v2\/product\/88611"}],"collection":[{"href":"https:\/\/santepara.ma\/index.php?rest_route=\/wp\/v2\/product"}],"about":[{"href":"https:\/\/santepara.ma\/index.php?rest_route=\/wp\/v2\/types\/product"}],"replies":[{"embeddable":true,"href":"https:\/\/santepara.ma\/index.php?rest_route=%2Fwp%2Fv2%2Fcomments&post=88611"}],"wp:featuredmedia":[{"embeddable":true,"href":"https:\/\/santepara.ma\/index.php?rest_route=\/wp\/v2\/media\/88610"}],"wp:attachment":[{"href":"https:\/\/santepara.ma\/index.php?rest_route=%2Fwp%2Fv2%2Fmedia&parent=88611"}],"wp:term":[{"taxonomy":"pwb-brand","embeddable":true,"href":"https:\/\/santepara.ma\/index.php?rest_route=%2Fwp%2Fv2%2Fpwb-brand&post=88611"},{"taxonomy":"product_cat","embeddable":true,"href":"https:\/\/santepara.ma\/index.php?rest_route=%2Fwp%2Fv2%2Fproduct_cat&post=88611"},{"taxonomy":"product_tag","embeddable":true,"href":"https:\/\/santepara.ma\/index.php?rest_route=%2Fwp%2Fv2%2Fproduct_tag&post=88611"}],"curies":[{"name":"wp","href":"https:\/\/api.w.org\/{rel}","templated":true}]}}