{"id":88617,"date":"2023-08-09T00:09:51","date_gmt":"2023-08-08T23:09:51","guid":{"rendered":"https:\/\/santepara.ma\/?product=soskin-creme-super-hydratante"},"modified":"2023-11-04T13:02:46","modified_gmt":"2023-11-04T12:02:46","slug":"soskin-creme-super-hydratante","status":"publish","type":"product","link":"https:\/\/santepara.ma\/?product=soskin-creme-super-hydratante","title":{"rendered":"Soskin Cr\u00e9me Super Hydratante"},"content":{"rendered":"<p>Hydrate et prot\u00e8ge quotidiennement les peaux s\u00e8ches, \u00e0 tendance sensible ou d\u00e9shydrat\u00e9e.<\/p>\n<p>Durablement hydrat\u00e9e et nourrie, la peau retrouve sa souplesse, sa douceur et son \u00e9clat.<\/p>\n<p>Texture enveloppante et onctueuse pour une sensation d&rsquo;apaisement imm\u00e9diat.<\/p>\n<p>PROPRIETES DES ACTIFS :<\/p>\n<p>&#8211; Polysaccharides et panth\u00e9nol restaurent efficacement la barri\u00e8re cutan\u00e9e et apaisent les sensations d&rsquo;inconfort.<\/p>\n<p>&#8211; Acide hyaluronique, favorise une meilleure coh\u00e9sion pour retenir l&rsquo;eau dans la peau.<\/p>\n<p>&#8211; Huiles de jojoba et germe de bl\u00e9. La peau est intens\u00e9ment nourrie pour retrouver souplesse et douceur.<\/p>\n<p>&nbsp;<\/p>\n<p><strong>Conseils d&rsquo;Utilisation : <\/strong> <\/p>\n<p>&nbsp;<\/p>\n<p>Appliquer sur l&rsquo;ensemble du visage pr\u00e9alablement nettoy\u00e9. Patienter quelques minutes avant de vous maquiller.<\/p>\n","protected":false},"excerpt":{"rendered":"<p>Peaux s\u00e8ches \u00e0 tendance sensible.<\/p>\n","protected":false},"featured_media":88616,"comment_status":"open","ping_status":"closed","template":"","meta":{"_joinchat":[]},"pwb-brand":[615],"product_cat":[82,83],"product_tag":[],"brands":[{"id":615,"name":"Soskin","slug":"soskin"}],"_links":{"self":[{"href":"https:\/\/santepara.ma\/index.php?rest_route=\/wp\/v2\/product\/88617"}],"collection":[{"href":"https:\/\/santepara.ma\/index.php?rest_route=\/wp\/v2\/product"}],"about":[{"href":"https:\/\/santepara.ma\/index.php?rest_route=\/wp\/v2\/types\/product"}],"replies":[{"embeddable":true,"href":"https:\/\/santepara.ma\/index.php?rest_route=%2Fwp%2Fv2%2Fcomments&post=88617"}],"wp:featuredmedia":[{"embeddable":true,"href":"https:\/\/santepara.ma\/index.php?rest_route=\/wp\/v2\/media\/88616"}],"wp:attachment":[{"href":"https:\/\/santepara.ma\/index.php?rest_route=%2Fwp%2Fv2%2Fmedia&parent=88617"}],"wp:term":[{"taxonomy":"pwb-brand","embeddable":true,"href":"https:\/\/santepara.ma\/index.php?rest_route=%2Fwp%2Fv2%2Fpwb-brand&post=88617"},{"taxonomy":"product_cat","embeddable":true,"href":"https:\/\/santepara.ma\/index.php?rest_route=%2Fwp%2Fv2%2Fproduct_cat&post=88617"},{"taxonomy":"product_tag","embeddable":true,"href":"https:\/\/santepara.ma\/index.php?rest_route=%2Fwp%2Fv2%2Fproduct_tag&post=88617"}],"curies":[{"name":"wp","href":"https:\/\/api.w.org\/{rel}","templated":true}]}}