{"id":88639,"date":"2023-08-09T00:10:03","date_gmt":"2023-08-08T23:10:03","guid":{"rendered":"https:\/\/santepara.ma\/?product=eucerin-dermatoclean-3-en-1-lotion-micellaire-200ml"},"modified":"2024-02-22T16:19:09","modified_gmt":"2024-02-22T15:19:09","slug":"eucerin-dermatoclean-3-en-1-lotion-micellaire-200ml","status":"publish","type":"product","link":"https:\/\/santepara.ma\/?product=eucerin-dermatoclean-3-en-1-lotion-micellaire-200ml","title":{"rendered":"EUCERIN DermatoCLEAN 3 en 1 Lotion Micellaire 200ml"},"content":{"rendered":"<p>EUCERIN DermatoCLEAN Lotion Micellaire 3 en 1 est une solution rafra\u00eechissante et nettoyante qui\u00a0:<\/p>\n<ul>\n<li>D\u00e9maquille les yeux et le visage\u00a0;<\/li>\n<li>Aide la peau \u00e0 mieux respirer\u00a0;<\/li>\n<li>Application facile et rapide\u00a0;<\/li>\n<li>A une tol\u00e9rance cutan\u00e9e test\u00e9e et prouv\u00e9e sur lespeaux sensibles\u00a0et les yeux.<\/li>\n<\/ul>\n<p>Elle contient une combinaison innovante d&rsquo;ingr\u00e9dients actifs\u00a0:<\/p>\n<ul>\n<li>APG\u00a0: un complexe nettoyant extra doux et efficace.<\/li>\n<li>Glucoglyc\u00e9rol\u00a0: un ingr\u00e9dient hydratant<\/li>\n<li>Acide hyaluronique\u00a0: un ingr\u00e9dients actif qui fixe efficacement l&rsquo;eau dans la peau.<\/li>\n<\/ul>\n<p><strong>R\u00e9sultats\u00a0:<\/strong><\/p>\n<ul>\n<li>Les yeux et la peau sont nettoy\u00e9s et apais\u00e9s.<\/li>\n<li>La peau est visiblement douce et souple<\/li>\n<\/ul>\n<p>&nbsp;<\/p>\n<p><strong><strong>Conseils d&rsquo;Utilisation : <\/strong> <\/strong><\/p>\n<ul>\n<li>Une lotion micellaire peut \u00eatre appliqu\u00e9e matin et soir.<\/li>\n<li>Appliquez sur un coton et passez d\u00e9licatement sur les yeux, le visage, la gorge et le d\u00e9collet\u00e9.<\/li>\n<li>Renouvelez l&rsquo;application jusqu&rsquo;\u00e0 ce que le coton reste propre.<\/li>\n<li>Poursuivez avec un soin adapt\u00e9.<\/li>\n<\/ul>\n","protected":false},"excerpt":{"rendered":"<p>EUCERIN DermatoCLEAN Lotion Micellaire 3 en 1 est une solution rafra\u00eechissante et nettoyante qui\u00a0: D\u00e9maquille les yeux et le visage\u00a0;<\/p>\n","protected":false},"featured_media":88638,"comment_status":"open","ping_status":"closed","template":"","meta":{"_joinchat":[]},"pwb-brand":[328],"product_cat":[95,101],"product_tag":[],"brands":[{"id":328,"name":"EUCERIN","slug":"eucerin"}],"_links":{"self":[{"href":"https:\/\/santepara.ma\/index.php?rest_route=\/wp\/v2\/product\/88639"}],"collection":[{"href":"https:\/\/santepara.ma\/index.php?rest_route=\/wp\/v2\/product"}],"about":[{"href":"https:\/\/santepara.ma\/index.php?rest_route=\/wp\/v2\/types\/product"}],"replies":[{"embeddable":true,"href":"https:\/\/santepara.ma\/index.php?rest_route=%2Fwp%2Fv2%2Fcomments&post=88639"}],"wp:featuredmedia":[{"embeddable":true,"href":"https:\/\/santepara.ma\/index.php?rest_route=\/wp\/v2\/media\/88638"}],"wp:attachment":[{"href":"https:\/\/santepara.ma\/index.php?rest_route=%2Fwp%2Fv2%2Fmedia&parent=88639"}],"wp:term":[{"taxonomy":"pwb-brand","embeddable":true,"href":"https:\/\/santepara.ma\/index.php?rest_route=%2Fwp%2Fv2%2Fpwb-brand&post=88639"},{"taxonomy":"product_cat","embeddable":true,"href":"https:\/\/santepara.ma\/index.php?rest_route=%2Fwp%2Fv2%2Fproduct_cat&post=88639"},{"taxonomy":"product_tag","embeddable":true,"href":"https:\/\/santepara.ma\/index.php?rest_route=%2Fwp%2Fv2%2Fproduct_tag&post=88639"}],"curies":[{"name":"wp","href":"https:\/\/api.w.org\/{rel}","templated":true}]}}