{"id":88647,"date":"2023-08-09T00:10:13","date_gmt":"2023-08-08T23:10:13","guid":{"rendered":"https:\/\/santepara.ma\/?product=eucerin-hyaluron-filler-vitamine-c-booster-8ml"},"modified":"2024-02-22T16:19:12","modified_gmt":"2024-02-22T15:19:12","slug":"eucerin-hyaluron-filler-vitamine-c-booster-8ml","status":"publish","type":"product","link":"https:\/\/santepara.ma\/?product=eucerin-hyaluron-filler-vitamine-c-booster-8ml","title":{"rendered":"Eucerin Hyaluron Filler Vitamine C Booster 8ml"},"content":{"rendered":"<div class=\"product-tabs\">\n<div class=\"std new-std\">\n<p>Un soin booster pour faire face aux agressions ext\u00e9rieures<\/p>\n<p>HYALURON-FILLER Vitamine C Booster est un s\u00e9rum booster qui s\u2019appuie sur 3 ingr\u00e9dients permettant de renforcer et de lisser la peau, tout en comblant les rides du visage et de lutter contre le teint terne. Ces ingr\u00e9dients sont :<\/p>\n<p>\u25cf La vitamine C pure, un puissant antioxydant activable sur demande et dos\u00e9e \u00e0 hauteur de 10 %. La vitamine C est pr\u00e9sente dans le s\u00e9rum booster sous forme de poudre. Elle permet de neutraliser les radicaux libres et de renforcer le syst\u00e8me de d\u00e9fense de la peau tout en retardant les signes de l\u2019\u00e2ge.<\/p>\n<p>\u25cf L\u2019Acide Hyaluronique, qui favorise la p\u00e9n\u00e9tration de la solution dans l\u2019\u00e9piderme pour maximiser son efficacit\u00e9. Cet ingr\u00e9dient permet \u00e9galement de combler les rides dans les couches cutan\u00e9es de la peau.<\/p>\n<p>\u25cf La Licochalcone A, un actif aux effets antioxydants, qui permet de prot\u00e9ger la peau du visage des effets nocifs des rayons du soleil (les radicaux libres). Il est utilis\u00e9 ici pour renforcer l\u2019effet de la vitamine C et pour lutter contre les premiers signes de l\u2019\u00e2ge.<\/p>\n<p>Ce s\u00e9rum booster limite les effets du vieillissement et des agressions externes sur la peau du visage comme les UV ou la pollution.<\/p>\n<\/div>\n<\/div>\n<div class=\"product-tabs\">\n<h3 class=\"tabs-title\"><strong>Conseils d&rsquo;Utilisation : <\/strong> <\/h3>\n<div class=\"std new-std\">\n<p>Le produit HYALURON-FILLER Vitamine C Booster s\u2019utilise quotidiennement pour renforcer la peau, booster la production de collag\u00e8ne, combler les rides et avoir un teint plus \u00e9clatant. Gr\u00e2ce \u00e0 sa teneur \u00e0 hauteur de 10% de vitamine C et \u00e0 ses actifs qui nourrissent la peau en profondeur, la peau retrouve son \u00e9clat et les rides sont combl\u00e9es en sept jours seulement !<\/p>\n<p>\u00c0 utiliser seul ou en compl\u00e9ment d\u2019autres soins du visage, ce s\u00e9rum booster luttera contre les effets du vieillissement, que ce soit face au froid glacial de l\u2019hiver ou le soleil de plomb l\u2019\u00e9t\u00e9. \u00c0 appliquer avec vos soins du visage le matin ou le soir tout en limitant l\u2019exposition au soleil.<\/p>\n<p>Id\u00e9al pour une peau plus fra\u00eeche et plus \u00e9clatante, HYALURON-FILLER Vitamine C Booster saura combler les rides et redonner \u00e0 votre peau son \u00e9clat et sa fra\u00eecheur, le tout gr\u00e2ce \u00e0 une formulation prouv\u00e9e cliniquement.<\/p>\n<\/div>\n<\/div>\n","protected":false},"excerpt":{"rendered":"<p>Le soin HYALURON-FILLER Vitamine C Booster d\u00e9velopp\u00e9 par Eucerin est un v\u00e9ritable concentr\u00e9 de vitamines pour votre peau. C\u2019est le soin id\u00e9al pour retrouver un confort imm\u00e9diat gr\u00e2ce \u00e0 sa formulation avec 10% de vitamine C pure.<\/p>\n","protected":false},"featured_media":88646,"comment_status":"open","ping_status":"closed","template":"","meta":{"_joinchat":[]},"pwb-brand":[328],"product_cat":[95,101],"product_tag":[],"brands":[{"id":328,"name":"EUCERIN","slug":"eucerin"}],"_links":{"self":[{"href":"https:\/\/santepara.ma\/index.php?rest_route=\/wp\/v2\/product\/88647"}],"collection":[{"href":"https:\/\/santepara.ma\/index.php?rest_route=\/wp\/v2\/product"}],"about":[{"href":"https:\/\/santepara.ma\/index.php?rest_route=\/wp\/v2\/types\/product"}],"replies":[{"embeddable":true,"href":"https:\/\/santepara.ma\/index.php?rest_route=%2Fwp%2Fv2%2Fcomments&post=88647"}],"wp:featuredmedia":[{"embeddable":true,"href":"https:\/\/santepara.ma\/index.php?rest_route=\/wp\/v2\/media\/88646"}],"wp:attachment":[{"href":"https:\/\/santepara.ma\/index.php?rest_route=%2Fwp%2Fv2%2Fmedia&parent=88647"}],"wp:term":[{"taxonomy":"pwb-brand","embeddable":true,"href":"https:\/\/santepara.ma\/index.php?rest_route=%2Fwp%2Fv2%2Fpwb-brand&post=88647"},{"taxonomy":"product_cat","embeddable":true,"href":"https:\/\/santepara.ma\/index.php?rest_route=%2Fwp%2Fv2%2Fproduct_cat&post=88647"},{"taxonomy":"product_tag","embeddable":true,"href":"https:\/\/santepara.ma\/index.php?rest_route=%2Fwp%2Fv2%2Fproduct_tag&post=88647"}],"curies":[{"name":"wp","href":"https:\/\/api.w.org\/{rel}","templated":true}]}}