{"id":88690,"date":"2023-08-09T00:10:22","date_gmt":"2023-08-08T23:10:22","guid":{"rendered":"https:\/\/santepara.ma\/?product=avent-natural-coffret-nouveau-ne-rose-scd301-03"},"modified":"2023-11-04T13:02:50","modified_gmt":"2023-11-04T12:02:50","slug":"avent-natural-coffret-nouveau-ne-rose-scd301-03","status":"publish","type":"product","link":"https:\/\/santepara.ma\/?product=avent-natural-coffret-nouveau-ne-rose-scd301-03","title":{"rendered":"AVENT NATURAL COFFRET NOUVEAU NE ROSE SCD301\/03"},"content":{"rendered":"<p>Une alimentation naturelle: une grande t\u00e9tine extra douce imitant la forme du sein qui facilite l&rsquo;alternance sein \/ biberon Une valve anti-colique: emp\u00eache l&rsquo;air de p\u00e9n\u00e9trer dans l&rsquo;estomac de b\u00e9b\u00e9 Compatibilit\u00e9 sur toute la gamme de tire-lait, biberons et tasses Un biberon ergonomique: un unique forme qui permet de tenir le flacon dans toutes les directions, pour un confort maximal Facile \u00e0 utiliser et \u00e0 nettoyer: un col large qui facilite le remplissage et le nettoyage.<\/p>\n","protected":false},"excerpt":{"rendered":"<p>Une alimentation naturelle: une grande t\u00e9tine extra douce imitant la forme du sein qui facilite l&rsquo;alternance sein \/ biberon Une<\/p>\n","protected":false},"featured_media":88689,"comment_status":"open","ping_status":"closed","template":"","meta":{"_joinchat":[]},"pwb-brand":[251],"product_cat":[95,101],"product_tag":[],"brands":[{"id":251,"name":"AVENT","slug":"avent"}],"_links":{"self":[{"href":"https:\/\/santepara.ma\/index.php?rest_route=\/wp\/v2\/product\/88690"}],"collection":[{"href":"https:\/\/santepara.ma\/index.php?rest_route=\/wp\/v2\/product"}],"about":[{"href":"https:\/\/santepara.ma\/index.php?rest_route=\/wp\/v2\/types\/product"}],"replies":[{"embeddable":true,"href":"https:\/\/santepara.ma\/index.php?rest_route=%2Fwp%2Fv2%2Fcomments&post=88690"}],"wp:featuredmedia":[{"embeddable":true,"href":"https:\/\/santepara.ma\/index.php?rest_route=\/wp\/v2\/media\/88689"}],"wp:attachment":[{"href":"https:\/\/santepara.ma\/index.php?rest_route=%2Fwp%2Fv2%2Fmedia&parent=88690"}],"wp:term":[{"taxonomy":"pwb-brand","embeddable":true,"href":"https:\/\/santepara.ma\/index.php?rest_route=%2Fwp%2Fv2%2Fpwb-brand&post=88690"},{"taxonomy":"product_cat","embeddable":true,"href":"https:\/\/santepara.ma\/index.php?rest_route=%2Fwp%2Fv2%2Fproduct_cat&post=88690"},{"taxonomy":"product_tag","embeddable":true,"href":"https:\/\/santepara.ma\/index.php?rest_route=%2Fwp%2Fv2%2Fproduct_tag&post=88690"}],"curies":[{"name":"wp","href":"https:\/\/api.w.org\/{rel}","templated":true}]}}