{"id":88692,"date":"2023-08-09T00:10:22","date_gmt":"2023-08-08T23:10:22","guid":{"rendered":"https:\/\/santepara.ma\/?product=avent-sucette-ultra-douce-scf220-23-violette"},"modified":"2023-11-04T13:02:50","modified_gmt":"2023-11-04T12:02:50","slug":"avent-sucette-ultra-douce-scf220-23-violette","status":"publish","type":"product","link":"https:\/\/santepara.ma\/?product=avent-sucette-ultra-douce-scf220-23-violette","title":{"rendered":"Avent Sucette ultra-douce SCF220\/23 (violette)"},"content":{"rendered":"<p><strong>Une sucette tr\u00e8s douce pour la peau sensible de votre b\u00e9b\u00e9<\/strong><\/p>\n<p class=\"\">Prenez soin de la peau sensible de b\u00e9b\u00e9 avec la sucette ultra-douce Philips\u00a0Avent. Sa collerette tr\u00e8s douce* et souple \u00e9pouse les lignes de son visage et r\u00e9duit les marques et irritations sur sa peau, pour plus de confort<\/p>\n","protected":false},"excerpt":{"rendered":"<p>Une sucette tr\u00e8s douce pour la peau sensible de votre b\u00e9b\u00e9 Prenez soin de la peau sensible de b\u00e9b\u00e9 avec<\/p>\n","protected":false},"featured_media":88691,"comment_status":"open","ping_status":"closed","template":"","meta":{"_joinchat":[]},"pwb-brand":[251],"product_cat":[101],"product_tag":[],"brands":[{"id":251,"name":"AVENT","slug":"avent"}],"_links":{"self":[{"href":"https:\/\/santepara.ma\/index.php?rest_route=\/wp\/v2\/product\/88692"}],"collection":[{"href":"https:\/\/santepara.ma\/index.php?rest_route=\/wp\/v2\/product"}],"about":[{"href":"https:\/\/santepara.ma\/index.php?rest_route=\/wp\/v2\/types\/product"}],"replies":[{"embeddable":true,"href":"https:\/\/santepara.ma\/index.php?rest_route=%2Fwp%2Fv2%2Fcomments&post=88692"}],"wp:featuredmedia":[{"embeddable":true,"href":"https:\/\/santepara.ma\/index.php?rest_route=\/wp\/v2\/media\/88691"}],"wp:attachment":[{"href":"https:\/\/santepara.ma\/index.php?rest_route=%2Fwp%2Fv2%2Fmedia&parent=88692"}],"wp:term":[{"taxonomy":"pwb-brand","embeddable":true,"href":"https:\/\/santepara.ma\/index.php?rest_route=%2Fwp%2Fv2%2Fpwb-brand&post=88692"},{"taxonomy":"product_cat","embeddable":true,"href":"https:\/\/santepara.ma\/index.php?rest_route=%2Fwp%2Fv2%2Fproduct_cat&post=88692"},{"taxonomy":"product_tag","embeddable":true,"href":"https:\/\/santepara.ma\/index.php?rest_route=%2Fwp%2Fv2%2Fproduct_tag&post=88692"}],"curies":[{"name":"wp","href":"https:\/\/api.w.org\/{rel}","templated":true}]}}