{"id":88746,"date":"2023-08-09T00:10:36","date_gmt":"2023-08-08T23:10:36","guid":{"rendered":"https:\/\/santepara.ma\/?product=gph-propolis-250mg-100gelules"},"modified":"2026-02-26T17:42:35","modified_gmt":"2026-02-26T16:42:35","slug":"gph-propolis-250mg-100gelules","status":"publish","type":"product","link":"https:\/\/santepara.ma\/?product=gph-propolis-250mg-100gelules","title":{"rendered":"GPH Propolis 250mg 100gelules"},"content":{"rendered":"<p>Le propolis est l&rsquo;un des\u00a0<strong>tr\u00e9sors de la ruche<\/strong>\u00a0au m\u00eame titre que la gel\u00e9e royale. Il s&rsquo;agit d&rsquo;une substance \u00e0 la texture r\u00e9sineuse, fabriqu\u00e9e par les abeilles, issue d&rsquo;un m\u00e9lange de r\u00e9sines de plantes, de cire et de pollen. Au sein de la ruche elle est utilis\u00e9e pour\u00a0<strong>prot\u00e9ger la ruche et la reine des agressions ext\u00e9rieures,<\/strong>\u00a0gr\u00e2ce \u00e0 sa texture et \u00e0 sa\u00a0<strong>composition unique.<\/strong>\u00a0Elle contient des\u00a0<strong>polyph\u00e9nols, qui sont des bioflavono\u00efdes,<\/strong>\u00a0sp\u00e9cifiques \u00e0 la propolis. Ils apportent le\u00a0c\u00f4t\u00e9 antioxydant de la propolis.<\/p>\n<p>&nbsp;<\/p>\n<p>&nbsp;<\/p>\n<div class=\"bottom-title\">CONSEIL D&rsquo;UTILISATION :<\/div>\n<div class=\"bottom-title\"><\/div>\n<div class=\"bottom-title\"><\/div>\n<div>\n<p>2 \u00e0\u00a03 g\u00e9lules par jour avec un grand verre d&rsquo;eau, pendant les repas, et dans le cadre d&rsquo;une alimentation \u00e9quilibr\u00e9e. Tenir hors de port\u00e9e des enfants. Ne pas d\u00e9passer la dose journali\u00e8re recommand\u00e9e.<\/p>\n<\/div>\n","protected":false},"excerpt":{"rendered":"<p>GPH DIFFUSION PROPOLIS 250 MG BOITE 100 G\u00c9LULES<\/p>\n","protected":false},"featured_media":88745,"comment_status":"open","ping_status":"closed","template":"","meta":{"_joinchat":[]},"pwb-brand":[387],"product_cat":[104,95],"product_tag":[],"brands":[{"id":387,"name":"GPH","slug":"gph"}],"_links":{"self":[{"href":"https:\/\/santepara.ma\/index.php?rest_route=\/wp\/v2\/product\/88746"}],"collection":[{"href":"https:\/\/santepara.ma\/index.php?rest_route=\/wp\/v2\/product"}],"about":[{"href":"https:\/\/santepara.ma\/index.php?rest_route=\/wp\/v2\/types\/product"}],"replies":[{"embeddable":true,"href":"https:\/\/santepara.ma\/index.php?rest_route=%2Fwp%2Fv2%2Fcomments&post=88746"}],"wp:featuredmedia":[{"embeddable":true,"href":"https:\/\/santepara.ma\/index.php?rest_route=\/wp\/v2\/media\/88745"}],"wp:attachment":[{"href":"https:\/\/santepara.ma\/index.php?rest_route=%2Fwp%2Fv2%2Fmedia&parent=88746"}],"wp:term":[{"taxonomy":"pwb-brand","embeddable":true,"href":"https:\/\/santepara.ma\/index.php?rest_route=%2Fwp%2Fv2%2Fpwb-brand&post=88746"},{"taxonomy":"product_cat","embeddable":true,"href":"https:\/\/santepara.ma\/index.php?rest_route=%2Fwp%2Fv2%2Fproduct_cat&post=88746"},{"taxonomy":"product_tag","embeddable":true,"href":"https:\/\/santepara.ma\/index.php?rest_route=%2Fwp%2Fv2%2Fproduct_tag&post=88746"}],"curies":[{"name":"wp","href":"https:\/\/api.w.org\/{rel}","templated":true}]}}