{"id":89003,"date":"2023-08-09T00:11:51","date_gmt":"2023-08-08T23:11:51","guid":{"rendered":"https:\/\/santepara.ma\/?product=uv-control-creme-eclaircissante"},"modified":"2023-11-04T13:03:08","modified_gmt":"2023-11-04T12:03:08","slug":"uv-control-creme-eclaircissante","status":"publish","type":"product","link":"https:\/\/santepara.ma\/?product=uv-control-creme-eclaircissante","title":{"rendered":"Uv Control Creme Eclaircissante"},"content":{"rendered":"<p>UV CONTROL CREME ECLAIRCISSANTE traitement des taches brunes et des cicatrices pigment\u00e9es, avec filtres Solaires et vitamine C.et sans hydropuinone.<\/p>\n<p><strong>Conseils d&rsquo;utilisation:<\/strong><\/p>\n<p>Appliquer quotidiennement le soir par un l\u00e9ger massage sur des petites surfaces ou les T\u00e2ches \u00e0 \u00e9claircir.<\/p>\n<p>Garder la cr\u00e8me toute la nuit.<\/p>\n<p>Bien nettoyer le visage le lendemain et Appliquer un \u00e9cran total le jour,<\/p>\n<p>Evitez le contact avec les Yeux, les l\u00e8vres et l&rsquo;exposition au soleil.<\/p>\n","protected":false},"excerpt":{"rendered":"<p>UV CONTROL CREME ECLAIRCISSANTE traitement des taches brunes et des cicatrices pigment\u00e9es, avec filtres Solaires et vitamine C.et sans hydropuinone.<\/p>\n","protected":false},"featured_media":89002,"comment_status":"open","ping_status":"closed","template":"","meta":{"_joinchat":[]},"pwb-brand":[628],"product_cat":[126],"product_tag":[],"brands":[{"id":628,"name":"UV CONTROL","slug":"uv-control"}],"_links":{"self":[{"href":"https:\/\/santepara.ma\/index.php?rest_route=\/wp\/v2\/product\/89003"}],"collection":[{"href":"https:\/\/santepara.ma\/index.php?rest_route=\/wp\/v2\/product"}],"about":[{"href":"https:\/\/santepara.ma\/index.php?rest_route=\/wp\/v2\/types\/product"}],"replies":[{"embeddable":true,"href":"https:\/\/santepara.ma\/index.php?rest_route=%2Fwp%2Fv2%2Fcomments&post=89003"}],"wp:featuredmedia":[{"embeddable":true,"href":"https:\/\/santepara.ma\/index.php?rest_route=\/wp\/v2\/media\/89002"}],"wp:attachment":[{"href":"https:\/\/santepara.ma\/index.php?rest_route=%2Fwp%2Fv2%2Fmedia&parent=89003"}],"wp:term":[{"taxonomy":"pwb-brand","embeddable":true,"href":"https:\/\/santepara.ma\/index.php?rest_route=%2Fwp%2Fv2%2Fpwb-brand&post=89003"},{"taxonomy":"product_cat","embeddable":true,"href":"https:\/\/santepara.ma\/index.php?rest_route=%2Fwp%2Fv2%2Fproduct_cat&post=89003"},{"taxonomy":"product_tag","embeddable":true,"href":"https:\/\/santepara.ma\/index.php?rest_route=%2Fwp%2Fv2%2Fproduct_tag&post=89003"}],"curies":[{"name":"wp","href":"https:\/\/api.w.org\/{rel}","templated":true}]}}