{"id":89222,"date":"2023-08-09T00:12:54","date_gmt":"2023-08-08T23:12:54","guid":{"rendered":"https:\/\/santepara.ma\/?product=gold-creme-stick-labial-rose"},"modified":"2023-11-04T13:03:19","modified_gmt":"2023-11-04T12:03:19","slug":"gold-creme-stick-labial-rose","status":"publish","type":"product","link":"https:\/\/santepara.ma\/?product=gold-creme-stick-labial-rose","title":{"rendered":"Gold Creme Stick Labial Rose"},"content":{"rendered":"<div class=\"large-2 col pb-0 mb-0\">\n<h5 class=\"uppercase mt\">DESCRIPTION<\/h5>\n<\/div>\n<div class=\"large-10 col pb-0 mb-0\">\n<div class=\"panel entry-content\">\n<div class=\"col-md-12 col-lg-8 order-2\">\n<div id=\"myTabContent\" class=\"tab-content\">\n<div id=\"longDescription\" class=\"tab-pane fade show active\" role=\"tabpanel\" aria-labelledby=\"longDescription-tab\">\n<p>Ce soin Gold Cream au go\u00fbt naturel, nourrit et hydrate pendant 8h, prot\u00e8ge et apaise les l\u00e8vres sensibles dess\u00e9ch\u00e9es et ab\u00eem\u00e9es.<\/p>\n<\/div>\n<\/div>\n<\/div>\n<\/div>\n<\/div>\n","protected":false},"excerpt":{"rendered":"<p>DESCRIPTION Ce soin Gold Cream au go\u00fbt naturel, nourrit et hydrate pendant 8h, prot\u00e8ge et apaise les l\u00e8vres sensibles dess\u00e9ch\u00e9es<\/p>\n","protected":false},"featured_media":89221,"comment_status":"open","ping_status":"closed","template":"","meta":{"_joinchat":[]},"pwb-brand":[640],"product_cat":[192],"product_tag":[],"brands":[{"id":640,"name":"GOLD CREM","slug":"gold-crem"}],"_links":{"self":[{"href":"https:\/\/santepara.ma\/index.php?rest_route=\/wp\/v2\/product\/89222"}],"collection":[{"href":"https:\/\/santepara.ma\/index.php?rest_route=\/wp\/v2\/product"}],"about":[{"href":"https:\/\/santepara.ma\/index.php?rest_route=\/wp\/v2\/types\/product"}],"replies":[{"embeddable":true,"href":"https:\/\/santepara.ma\/index.php?rest_route=%2Fwp%2Fv2%2Fcomments&post=89222"}],"wp:featuredmedia":[{"embeddable":true,"href":"https:\/\/santepara.ma\/index.php?rest_route=\/wp\/v2\/media\/89221"}],"wp:attachment":[{"href":"https:\/\/santepara.ma\/index.php?rest_route=%2Fwp%2Fv2%2Fmedia&parent=89222"}],"wp:term":[{"taxonomy":"pwb-brand","embeddable":true,"href":"https:\/\/santepara.ma\/index.php?rest_route=%2Fwp%2Fv2%2Fpwb-brand&post=89222"},{"taxonomy":"product_cat","embeddable":true,"href":"https:\/\/santepara.ma\/index.php?rest_route=%2Fwp%2Fv2%2Fproduct_cat&post=89222"},{"taxonomy":"product_tag","embeddable":true,"href":"https:\/\/santepara.ma\/index.php?rest_route=%2Fwp%2Fv2%2Fproduct_tag&post=89222"}],"curies":[{"name":"wp","href":"https:\/\/api.w.org\/{rel}","templated":true}]}}