{"id":89231,"date":"2023-08-09T00:12:56","date_gmt":"2023-08-08T23:12:56","guid":{"rendered":"https:\/\/santepara.ma\/?product=novaderm-creme-eclaircissante-spf30-50ml"},"modified":"2023-11-04T13:03:20","modified_gmt":"2023-11-04T12:03:20","slug":"novaderm-creme-eclaircissante-spf30-50ml","status":"publish","type":"product","link":"https:\/\/santepara.ma\/?product=novaderm-creme-eclaircissante-spf30-50ml","title":{"rendered":"Novaderm Creme Eclaircissante spf30+ 50ml"},"content":{"rendered":"<p>PROPRI\u00c9T\u00c9S :<\/p>\n<p>NOVADERM cr\u00e8me \u00e9claircissante super formulation, tr\u00e8s bien tol\u00e9r\u00e9e par les peaux les plus fragiles, Cette cr\u00e8me sp\u00e9cifique aide \u00e0 pr\u00e9venir la formation des taches de la peau et \u00e0 en r\u00e9duire la pr\u00e9sence, gr\u00e2ce \u00e0 l&rsquo;action combin\u00e9e de ses actifs puissants qui emp\u00eachent la formation de nouvelles taches et \u00e9claircissent celles pr\u00e9sentes. La peau retrouve sa transparence et sa splendeur. Les taches sombres sont visiblement r\u00e9duites et les d\u00e9fenses naturelles de la peau sont renforc\u00e9es, am\u00e9liorant son apparence jour apr\u00e8s jour, pour un teint \u00e9clatant et uniforme.<\/p>\n<p>UTILISATION:<\/p>\n<p>Appliquer le soir sur une peau nettoy\u00e9e jusqu&rsquo;\u00e0 disparition des taches brunes.<\/p>\n<p>PR\u00c9CAUTION D&rsquo;EMPLOI : \u00c9viter contact avec les yeux.<\/p>\n","protected":false},"excerpt":{"rendered":"<p>NOVADERM cr\u00e8me \u00e9claircissante super formulation<\/p>\n","protected":false},"featured_media":89230,"comment_status":"open","ping_status":"closed","template":"","meta":{"_joinchat":[]},"pwb-brand":[654],"product_cat":[128,126],"product_tag":[],"brands":[{"id":654,"name":"NOVADERM","slug":"novaderm"}],"_links":{"self":[{"href":"https:\/\/santepara.ma\/index.php?rest_route=\/wp\/v2\/product\/89231"}],"collection":[{"href":"https:\/\/santepara.ma\/index.php?rest_route=\/wp\/v2\/product"}],"about":[{"href":"https:\/\/santepara.ma\/index.php?rest_route=\/wp\/v2\/types\/product"}],"replies":[{"embeddable":true,"href":"https:\/\/santepara.ma\/index.php?rest_route=%2Fwp%2Fv2%2Fcomments&post=89231"}],"wp:featuredmedia":[{"embeddable":true,"href":"https:\/\/santepara.ma\/index.php?rest_route=\/wp\/v2\/media\/89230"}],"wp:attachment":[{"href":"https:\/\/santepara.ma\/index.php?rest_route=%2Fwp%2Fv2%2Fmedia&parent=89231"}],"wp:term":[{"taxonomy":"pwb-brand","embeddable":true,"href":"https:\/\/santepara.ma\/index.php?rest_route=%2Fwp%2Fv2%2Fpwb-brand&post=89231"},{"taxonomy":"product_cat","embeddable":true,"href":"https:\/\/santepara.ma\/index.php?rest_route=%2Fwp%2Fv2%2Fproduct_cat&post=89231"},{"taxonomy":"product_tag","embeddable":true,"href":"https:\/\/santepara.ma\/index.php?rest_route=%2Fwp%2Fv2%2Fproduct_tag&post=89231"}],"curies":[{"name":"wp","href":"https:\/\/api.w.org\/{rel}","templated":true}]}}