{"id":89283,"date":"2023-08-09T00:13:11","date_gmt":"2023-08-08T23:13:11","guid":{"rendered":"https:\/\/santepara.ma\/?product=body-fine-elastic-genouillere-s"},"modified":"2023-11-04T13:03:22","modified_gmt":"2023-11-04T12:03:22","slug":"body-fine-elastic-genouillere-s","status":"publish","type":"product","link":"https:\/\/santepara.ma\/?product=body-fine-elastic-genouillere-s","title":{"rendered":"body fine Elastic genouillere S"},"content":{"rendered":"<p><strong>body fine Elastic genouillere S<\/strong><\/p>\n<p>1) Con\u00e7ue pour genoux instables et bl\u00e9ss\u00e9s.<\/p>\n<p>2) Velout\u00e9e, adapt\u00e9e au rhumatisme et \u00e0 la r\u00e9\u00e9ducation.<\/p>\n<p>3) Acrylique \u00abHigh Bulk\u00bb \u00e9vite toute irritation de la peau.<\/p>\n<p>4) Fonctionne tr\u00e8s bien avec des traumatismes l\u00e9gers et de l&rsquo;inflammation.<\/p>\n","protected":false},"excerpt":{"rendered":"<p>body fine Elastic genouillere S<\/p>\n","protected":false},"featured_media":89279,"comment_status":"open","ping_status":"closed","template":"","meta":{"_joinchat":[]},"pwb-brand":[656],"product_cat":[609],"product_tag":[],"brands":[{"id":656,"name":"BODY FINE","slug":"body-fine"}],"_links":{"self":[{"href":"https:\/\/santepara.ma\/index.php?rest_route=\/wp\/v2\/product\/89283"}],"collection":[{"href":"https:\/\/santepara.ma\/index.php?rest_route=\/wp\/v2\/product"}],"about":[{"href":"https:\/\/santepara.ma\/index.php?rest_route=\/wp\/v2\/types\/product"}],"replies":[{"embeddable":true,"href":"https:\/\/santepara.ma\/index.php?rest_route=%2Fwp%2Fv2%2Fcomments&post=89283"}],"wp:featuredmedia":[{"embeddable":true,"href":"https:\/\/santepara.ma\/index.php?rest_route=\/wp\/v2\/media\/89279"}],"wp:attachment":[{"href":"https:\/\/santepara.ma\/index.php?rest_route=%2Fwp%2Fv2%2Fmedia&parent=89283"}],"wp:term":[{"taxonomy":"pwb-brand","embeddable":true,"href":"https:\/\/santepara.ma\/index.php?rest_route=%2Fwp%2Fv2%2Fpwb-brand&post=89283"},{"taxonomy":"product_cat","embeddable":true,"href":"https:\/\/santepara.ma\/index.php?rest_route=%2Fwp%2Fv2%2Fproduct_cat&post=89283"},{"taxonomy":"product_tag","embeddable":true,"href":"https:\/\/santepara.ma\/index.php?rest_route=%2Fwp%2Fv2%2Fproduct_tag&post=89283"}],"curies":[{"name":"wp","href":"https:\/\/api.w.org\/{rel}","templated":true}]}}