{"id":89361,"date":"2023-08-09T00:13:36","date_gmt":"2023-08-08T23:13:36","guid":{"rendered":"https:\/\/santepara.ma\/?product=cc-pharma-creme-cicatrisante-visage-et-cou-50ml"},"modified":"2023-11-09T14:34:01","modified_gmt":"2023-11-09T13:34:01","slug":"cc-pharma-creme-cicatrisante-visage-et-cou-50ml","status":"publish","type":"product","link":"https:\/\/santepara.ma\/?product=cc-pharma-creme-cicatrisante-visage-et-cou-50ml","title":{"rendered":"CC PHARMA Cr\u00e8me Cicatrisante Visage et Cou 50ml"},"content":{"rendered":"<p>Peaux abim\u00e9es, irrit\u00e9es<\/p>\n<p><strong>Pincipaux Actifs :<\/strong><\/p>\n<ul>\n<li>Calendula<\/li>\n<li>D-Panthenol<\/li>\n<\/ul>\n<p>Apaisante, hydratante et protectrice<\/p>\n","protected":false},"excerpt":{"rendered":"<p>Soin R\u00e9parateur Apaisant<\/p>\n<p>&nbsp;<\/p>\n","protected":false},"featured_media":89360,"comment_status":"open","ping_status":"closed","template":"","meta":{"_joinchat":[]},"pwb-brand":[664],"product_cat":[189],"product_tag":[],"brands":[{"id":664,"name":"CC PHARMA","slug":"cc-pharma"}],"_links":{"self":[{"href":"https:\/\/santepara.ma\/index.php?rest_route=\/wp\/v2\/product\/89361"}],"collection":[{"href":"https:\/\/santepara.ma\/index.php?rest_route=\/wp\/v2\/product"}],"about":[{"href":"https:\/\/santepara.ma\/index.php?rest_route=\/wp\/v2\/types\/product"}],"replies":[{"embeddable":true,"href":"https:\/\/santepara.ma\/index.php?rest_route=%2Fwp%2Fv2%2Fcomments&post=89361"}],"wp:featuredmedia":[{"embeddable":true,"href":"https:\/\/santepara.ma\/index.php?rest_route=\/wp\/v2\/media\/89360"}],"wp:attachment":[{"href":"https:\/\/santepara.ma\/index.php?rest_route=%2Fwp%2Fv2%2Fmedia&parent=89361"}],"wp:term":[{"taxonomy":"pwb-brand","embeddable":true,"href":"https:\/\/santepara.ma\/index.php?rest_route=%2Fwp%2Fv2%2Fpwb-brand&post=89361"},{"taxonomy":"product_cat","embeddable":true,"href":"https:\/\/santepara.ma\/index.php?rest_route=%2Fwp%2Fv2%2Fproduct_cat&post=89361"},{"taxonomy":"product_tag","embeddable":true,"href":"https:\/\/santepara.ma\/index.php?rest_route=%2Fwp%2Fv2%2Fproduct_tag&post=89361"}],"curies":[{"name":"wp","href":"https:\/\/api.w.org\/{rel}","templated":true}]}}