{"id":89416,"date":"2023-08-09T00:13:58","date_gmt":"2023-08-08T23:13:58","guid":{"rendered":"https:\/\/santepara.ma\/?product=sante-bio-camomille-50ml"},"modified":"2023-11-04T13:03:28","modified_gmt":"2023-11-04T12:03:28","slug":"sante-bio-camomille-50ml","status":"publish","type":"product","link":"https:\/\/santepara.ma\/?product=sante-bio-camomille-50ml","title":{"rendered":"Sante Bio camomille 50Ml"},"content":{"rendered":"<p>DESCRIPTION<\/p>\n<div id=\"tab-description\" class=\"woocommerce-Tabs-panel woocommerce-Tabs-panel--description panel entry-content wc-tab\" role=\"tabpanel\" aria-labelledby=\"tab-title-description\">\n<ul>\n<li>Mac\u00e9rat huileux aux propri\u00e9t\u00e9s: adoucissante,calmante,rafraichissante,cicatrisante,d\u00e9congestionnante et purifiante.<\/li>\n<li>Recommand\u00e9e contre les cicatrices,les taches de vieillesse,les coups de soleil, les vergetures et la couperose.<\/li>\n<li>Nettoyage des peaux grasses,sensibles et mixtes.<\/li>\n<li>Huiles de massage et de soin pour les peaux de b\u00e9b\u00e9.<\/li>\n<\/ul>\n<\/div>\n","protected":false},"excerpt":{"rendered":"<h3 id=\"reply-title\" class=\"comment-reply-title\">BE THE FIRST TO REVIEW \u201cSANTE BIO PREMIUM HUILE DE CAMOMILLE 50 ML\u201d<\/h3>\n","protected":false},"featured_media":0,"comment_status":"open","ping_status":"closed","template":"","meta":{"_joinchat":[]},"pwb-brand":[589],"product_cat":[290],"product_tag":[],"brands":[{"id":589,"name":"SANTE BIO","slug":"sante-bio"}],"_links":{"self":[{"href":"https:\/\/santepara.ma\/index.php?rest_route=\/wp\/v2\/product\/89416"}],"collection":[{"href":"https:\/\/santepara.ma\/index.php?rest_route=\/wp\/v2\/product"}],"about":[{"href":"https:\/\/santepara.ma\/index.php?rest_route=\/wp\/v2\/types\/product"}],"replies":[{"embeddable":true,"href":"https:\/\/santepara.ma\/index.php?rest_route=%2Fwp%2Fv2%2Fcomments&post=89416"}],"wp:attachment":[{"href":"https:\/\/santepara.ma\/index.php?rest_route=%2Fwp%2Fv2%2Fmedia&parent=89416"}],"wp:term":[{"taxonomy":"pwb-brand","embeddable":true,"href":"https:\/\/santepara.ma\/index.php?rest_route=%2Fwp%2Fv2%2Fpwb-brand&post=89416"},{"taxonomy":"product_cat","embeddable":true,"href":"https:\/\/santepara.ma\/index.php?rest_route=%2Fwp%2Fv2%2Fproduct_cat&post=89416"},{"taxonomy":"product_tag","embeddable":true,"href":"https:\/\/santepara.ma\/index.php?rest_route=%2Fwp%2Fv2%2Fproduct_tag&post=89416"}],"curies":[{"name":"wp","href":"https:\/\/api.w.org\/{rel}","templated":true}]}}