{"id":89474,"date":"2023-08-09T00:14:14","date_gmt":"2023-08-08T23:14:14","guid":{"rendered":"https:\/\/santepara.ma\/?product=dietaroma-magnesium-marin-vitamine-b6-20ampoules10ml"},"modified":"2023-11-09T14:34:11","modified_gmt":"2023-11-09T13:34:11","slug":"dietaroma-magnesium-marin-vitamine-b6-20ampoules10ml","status":"publish","type":"product","link":"https:\/\/santepara.ma\/?product=dietaroma-magnesium-marin-vitamine-b6-20ampoules10ml","title":{"rendered":"Dietaroma Magnesium Marin +Vitamine B6 20Ampoules*10ml"},"content":{"rendered":"<h3>Description :<\/h3>\n<p>Manque d&rsquo;entrain, baisse de la concentration, sensation de fatigue g\u00e9n\u00e9rale&#8230;<\/p>\n<p><strong>Le magn\u00e9sium et la vitamine B6 contribuent au fonctionnement normal du syst\u00e8me nerveux et \u00e0 la r\u00e9duction de la fatigue.<\/strong><\/p>\n<p>Notre ampoule contient 300 mg de magn\u00e9sium (soit 80% des apports de r\u00e9f\u00e9rence) et 0.21mg de vitamine B (soit 15% des apports de r\u00e9f\u00e9rence).<\/p>\n<p>Notre magn\u00e9sium est d&rsquo;origine France.<\/p>\n<p>Pour \u00e9viter les carences, manger des produits riches en magn\u00e9sium : Consommer des c\u00e9r\u00e9ales et pain complet, bananes, agrumes, fromages \u00e0 p\u00e2tes dure, crustac\u00e9s, les ol\u00e9agineux (noix, amandes, noisettes, &#8230;) et les l\u00e9gumes secs. Manger en m\u00eame temps des prot\u00e9ines animales (viande, poissons, \u0153ufs) pour faciliter son absorption.<\/p>\n<p>Boite contenant 20 ampoules de 10 ml \/ dur\u00e9e 20 jours. Volume 200 ml.<\/p>\n<h3><strong>Conseils d&rsquo;Utilisation : <\/strong> <\/h3>\n<p>MODE D&rsquo;EMPLOI :<\/p>\n<p>&#8211; 1 ampoule par jour pendant 20 jours.<\/p>\n<p>&#8211; Agiter l&rsquo;ampoule avant ouverture.<\/p>\n<p>PRECAUTIONS D&rsquo;EMPLOI :<\/p>\n<p>&#8211; Ne pas d\u00e9passer la dose journali\u00e8re recommand\u00e9e.<\/p>\n<p>&#8211; Ne se substitue pas \u00e0 un r\u00e9gime alimentaire \u00e9quilibr\u00e9 et vari\u00e9 et \u00e0 un mode de vie sain.<\/p>\n<p>&#8211; Tenir hors de port\u00e9e des enfants.<\/p>\n<p>&#8211; A tenir \u00e0 l\u2019abri de la chaleur, de l\u2019humidit\u00e9 et de la lumi\u00e8re.<\/p>\n<h3><strong>Composition : <\/strong> <\/h3>\n<p>Ingr\u00e9dients : Eau de mer, Eau de mer concentr\u00e9e d\u00e9sod\u00e9e, vitamine B6 (Chlorhydrate de pyridoxine)<\/p>\n","protected":false},"excerpt":{"rendered":"<p>Description : Manque d&rsquo;entrain, baisse de la concentration, sensation de fatigue g\u00e9n\u00e9rale&#8230; Le magn\u00e9sium et la vitamine B6 contribuent au<\/p>\n","protected":false},"featured_media":89473,"comment_status":"open","ping_status":"closed","template":"","meta":{"_joinchat":[]},"pwb-brand":[505],"product_cat":[391],"product_tag":[],"brands":[{"id":505,"name":"DIETAROMA","slug":"dietaroma"}],"_links":{"self":[{"href":"https:\/\/santepara.ma\/index.php?rest_route=\/wp\/v2\/product\/89474"}],"collection":[{"href":"https:\/\/santepara.ma\/index.php?rest_route=\/wp\/v2\/product"}],"about":[{"href":"https:\/\/santepara.ma\/index.php?rest_route=\/wp\/v2\/types\/product"}],"replies":[{"embeddable":true,"href":"https:\/\/santepara.ma\/index.php?rest_route=%2Fwp%2Fv2%2Fcomments&post=89474"}],"wp:featuredmedia":[{"embeddable":true,"href":"https:\/\/santepara.ma\/index.php?rest_route=\/wp\/v2\/media\/89473"}],"wp:attachment":[{"href":"https:\/\/santepara.ma\/index.php?rest_route=%2Fwp%2Fv2%2Fmedia&parent=89474"}],"wp:term":[{"taxonomy":"pwb-brand","embeddable":true,"href":"https:\/\/santepara.ma\/index.php?rest_route=%2Fwp%2Fv2%2Fpwb-brand&post=89474"},{"taxonomy":"product_cat","embeddable":true,"href":"https:\/\/santepara.ma\/index.php?rest_route=%2Fwp%2Fv2%2Fproduct_cat&post=89474"},{"taxonomy":"product_tag","embeddable":true,"href":"https:\/\/santepara.ma\/index.php?rest_route=%2Fwp%2Fv2%2Fproduct_tag&post=89474"}],"curies":[{"name":"wp","href":"https:\/\/api.w.org\/{rel}","templated":true}]}}