{"id":89486,"date":"2023-08-09T00:14:17","date_gmt":"2023-08-08T23:14:17","guid":{"rendered":"https:\/\/santepara.ma\/?product=dietaroma-magnesium-marin-b6-b5-60cps"},"modified":"2024-07-17T16:19:55","modified_gmt":"2024-07-17T15:19:55","slug":"dietaroma-magnesium-marin-b6-b5-60cps","status":"publish","type":"product","link":"https:\/\/santepara.ma\/?product=dietaroma-magnesium-marin-b6-b5-60cps","title":{"rendered":"Dietaroma Magnesium marin+ B6 &amp; B5 60cps"},"content":{"rendered":"<h3>Description :<\/h3>\n<p>Nervosit\u00e9, fatigue, difficult\u00e9s d\u2019endormissement, crampes musculaires, baisse de la concentration&#8230; Ayez le r\u00e9flexe Dietaroma avec le\u00a0<strong>compl\u00e9ment alimentaire au magn\u00e9sium<\/strong>\u00a0Complexe Magn\u00e9sium marin + B6 &amp; B5 !<\/p>\n<p>Notre<strong>\u00a0formule unique et compl\u00e8te associe tous les nutriments<\/strong>\u00a0qui vous sont n\u00e9cessaires pour garantir son <strong>Efficacit\u00e9 : <\/strong> <\/p>\n<p><strong>&#8211; Le magn\u00e9sium<\/strong>,\u00a0<strong>les vitamines B5<\/strong>,\u00a0<strong>B6<\/strong>\u00a0et\u00a0<strong>B9<\/strong>\u00a0: contribuent \u00e0 la r\u00e9duction de la fatigue.<\/p>\n<p><strong>&#8211; Le magn\u00e9sium<\/strong>,\u00a0<strong>les vitamines<\/strong>\u00a0<strong>B6<\/strong>\u00a0et\u00a0<strong>B1<\/strong>\u00a0: aident au fonctionnement normal du syst\u00e8me nerveux.<\/p>\n<p><strong>&#8211; La vitamine B5<\/strong>\u00a0: contribue \u00e0 des performances intellectuelles normales.<\/p>\n<p><strong>&#8211; L\u2019huile de noix<\/strong>\u00a0: contient naturellement des om\u00e9gas 3 et 6.<\/p>\n<p>60 capsules &#8211;\u00a02 capsules\/jour =&gt; 30 Jours<\/p>\n<p>Poids net\u00a0: 32 g<\/p>\n<h3><strong>Conseils d&rsquo;Utilisation : <\/strong> <\/h3>\n<p>MODE D&rsquo;EMPLOI:<\/p>\n<p>&#8211; 2 capsules par jour pendant 1 mois \u00e0 prendre avec un grand verre d&rsquo;eau<\/p>\n<p>PR\u00c9CAUTIONS D&rsquo;EMPLOI:<\/p>\n<p>&#8211; Ne pas d\u00e9passer la dose journali\u00e8re recommand\u00e9e<\/p>\n<p>&#8211; Ce compl\u00e9ment alimentaire doit \u00eatre utilis\u00e9 dans le cadre d&rsquo;une alimentation \u00e9quilibr\u00e9e et vari\u00e9e et d&rsquo;un mode de vie sain<\/p>\n<p>&#8211; Consultez votre m\u00e9decin en cas de prise simultan\u00e9e de traitement de longue dur\u00e9e ou de maladie chronique<\/p>\n<p>&#8211; Tenir hors de prot\u00e9e des enfants<\/p>\n<h3><strong>Composition : <\/strong> <\/h3>\n<p>INGR\u00c9DIENTS : huile de noix (Juglans regia), oxyde de magn\u00e9sium d\u2019origine marine, g\u00e9latine de poissons, affermissant : glyc\u00e9rol, \u00e9paississant : cire d\u2019abeille jaune, amidon de ma\u00efs, d-alpha tocoph\u00e9rol (vitamine E naturelle) en solution dans huile de tournesol, Calcium D-pantoth\u00e9nate (vitamine B5), \u00e9mulsifiant : l\u00e9cithine de soja, pyridoxine chlorhydrate (vitamines B6), Mononitrate de thiamine (Vitamine B1), Acide pteroylmonoglutamique (acide folique, Vitamine B9).<\/p>\n<p>&nbsp;<\/p>\n<p><strong>LA CONCENTRATION DIETAROMA<\/strong>\u00a0&#8211; Apports par dose journali\u00e8re recommand\u00e9e\u00a0:<\/p>\n<p>&#8211; Huile de noix\u00a0: 520 mg<\/p>\n<p>&#8211; L\u00e9cithine de soja\u00a0: 3 mg<\/p>\n<p>&#8211; Magn\u00e9sium\u00a0: 124 mg \/ 33% des AJR*<\/p>\n<p>&#8211; Vitamine E\u00a0: 3,9 mg \/ 33% des AJR*<\/p>\n<p>&#8211; Vitamine B5\u00a0: 3 mg \/ 50% des AJR*<\/p>\n<p>&#8211; Vitamine B6\u00a0: 662 \u00b5g \/ 47% des AJR*<\/p>\n<p>&#8211; Vitamine B1\u00a0: 407 \u00b5g \/ 37% des AJR*<\/p>\n<p>&#8211; Vitamine B9\u00a0: 122 \u00b5g \/ 61% des AJR*<\/p>\n<p>*Apport Journalier Recommand\u00e9<\/p>\n","protected":false},"excerpt":{"rendered":"<p>Description : Nervosit\u00e9, fatigue, difficult\u00e9s d\u2019endormissement, crampes musculaires, baisse de la concentration&#8230; Ayez le r\u00e9flexe Dietaroma avec le\u00a0compl\u00e9ment alimentaire au<\/p>\n","protected":false},"featured_media":89485,"comment_status":"open","ping_status":"closed","template":"","meta":{"_joinchat":[]},"pwb-brand":[505],"product_cat":[331],"product_tag":[],"brands":[{"id":505,"name":"DIETAROMA","slug":"dietaroma"}],"_links":{"self":[{"href":"https:\/\/santepara.ma\/index.php?rest_route=\/wp\/v2\/product\/89486"}],"collection":[{"href":"https:\/\/santepara.ma\/index.php?rest_route=\/wp\/v2\/product"}],"about":[{"href":"https:\/\/santepara.ma\/index.php?rest_route=\/wp\/v2\/types\/product"}],"replies":[{"embeddable":true,"href":"https:\/\/santepara.ma\/index.php?rest_route=%2Fwp%2Fv2%2Fcomments&post=89486"}],"wp:featuredmedia":[{"embeddable":true,"href":"https:\/\/santepara.ma\/index.php?rest_route=\/wp\/v2\/media\/89485"}],"wp:attachment":[{"href":"https:\/\/santepara.ma\/index.php?rest_route=%2Fwp%2Fv2%2Fmedia&parent=89486"}],"wp:term":[{"taxonomy":"pwb-brand","embeddable":true,"href":"https:\/\/santepara.ma\/index.php?rest_route=%2Fwp%2Fv2%2Fpwb-brand&post=89486"},{"taxonomy":"product_cat","embeddable":true,"href":"https:\/\/santepara.ma\/index.php?rest_route=%2Fwp%2Fv2%2Fproduct_cat&post=89486"},{"taxonomy":"product_tag","embeddable":true,"href":"https:\/\/santepara.ma\/index.php?rest_route=%2Fwp%2Fv2%2Fproduct_tag&post=89486"}],"curies":[{"name":"wp","href":"https:\/\/api.w.org\/{rel}","templated":true}]}}