{"id":89520,"date":"2023-08-09T00:14:24","date_gmt":"2023-08-08T23:14:24","guid":{"rendered":"https:\/\/santepara.ma\/?product=neutraderm-baby-gel-nett-douceur-3en1-200ml"},"modified":"2023-11-04T13:03:33","modified_gmt":"2023-11-04T12:03:33","slug":"neutraderm-baby-gel-nett-douceur-3en1-200ml","status":"publish","type":"product","link":"https:\/\/santepara.ma\/?product=neutraderm-baby-gel-nett-douceur-3en1-200ml","title":{"rendered":"Neutraderm baby GEl Nett douceur 3en1 200ml"},"content":{"rendered":"<h3>DESCRIPTION :<\/h3>\n<p>Avec sa formule Haute tol\u00e9rance<sup>(1)\u00a0<\/sup>extra douce, Le Gel Nettoyant Douceur 3 en 1 mousse et se rince facilement. Il prot\u00e8ge la peau d\u00e9licate et le cuir chevelu. La peau de b\u00e9b\u00e9 est propre, adoucie et d\u00e9licatement parfum\u00e9e. Les cheveux sont doux et soyeux, faciles \u00e0 d\u00e9m\u00ealer. Compense les effets dess\u00e9chants du bain.<\/p>\n<p>97% d\u2019<strong>ingr\u00e9dients biod\u00e9gradables<\/strong>.<\/p>\n<p>100%\u00a0<strong>Respecte la peau de b\u00e9b\u00e9<\/strong><sup>(2)<\/sup>.<\/p>\n<p>Test\u00e9 sous contr\u00f4le p\u00e9diatrique.<\/p>\n<p>D\u00e8s la naissance.<\/p>\n<p>Conseil d\u2019utilisation : Verser dans la main. Laver le corps et le cuir chevelu en faisant mousser.<\/p>\n<p>Test d\u2019<strong>Efficacit\u00e9 : <\/strong> <\/p>\n<p>100% Respecte la peau de b\u00e9b\u00e9<sup>(2)<\/sup>.<\/p>\n<p>Evite les rougeurs et irritations : 100%<sup>(2)<\/sup>.<\/p>\n<p><strong>Brevets ACTIVE OLIGO SKIN COMPLEX<sup>(3)<\/sup>\u00a0\u2013 Respecte le microbiome cutan\u00e9.<\/strong><\/p>\n<p>Notre<strong>\u00a0actif naturel brevet\u00e9, l\u2019Active Oligo Skin Complex<\/strong>, apaise, remin\u00e9ralise et restructure la peau. Issu de l\u2019eau d\u2019Iroise et fortement concentr\u00e9 en min\u00e9raux et oligo-\u00e9l\u00e9ments, il restaure la barri\u00e8re cutan\u00e9e et maintient l\u2019\u00e9quilibre du microbiome de la peau.<\/p>\n<p><sup>(1)<\/sup>\u00a0Haute tol\u00e9rance cutan\u00e9e<\/p>\n<p><sup>(2)<\/sup>\u00a0Pourcentage de satisfaction. Test d\u2019usage p\u00e9diatrique r\u00e9alis\u00e9 sur 20 enfants entre 8 et 32 mois, pendant 21 jours.<\/p>\n<p><sup>(3)<\/sup>\u00a0Brevets : FR 2 872 046 \/ Brevet d\u00e9pos\u00e9 FR 1 853 214.<\/p>\n<p><sup>(4)\u00a0<\/sup>Hydratation des couches sup\u00e9rieures de l\u2019\u00e9piderme. Test instrumental r\u00e9alis\u00e9 sur 12 volontaires pendant 4 heures.<\/p>\n<h3><strong>Composition : <\/strong> <\/h3>\n<p>AQUA (WATER) \/ EAU , OLIGOACTIVE WATER<sup>(4)<\/sup>\u00a0, COCAMIDOPROPYL BETAINE , GLYCERIN , MAGNESIUM LAURETH SULFATE , COCO-GLUCOSIDE , GLYCERYL OLEATE , CAPRYLYL\/CAPRYL GLUCOSIDE , ACRYLATES\/C10-30 ALKYL ACRYLATE CROSSPOLYMER , ALPHA-GLUCAN OLIGOSACCHARIDE , OLEA EUROPAEA (OLIVE) LEAF EXTRACT , ALLANTOIN , POLYQUATERNIUM-10 , TOCOPHEROL , HYDROGENATED PALM GLYCERIDES CITRATE , PROPYLENE GLYCOL , PARFUM (FRAGRANCE) , CAPRYLYL GLYCOL , TETRASODIUM GLUTAMATE DIACETATE , SODIUM HYDROXIDE , CITRIC ACID , BENZOIC ACID , SODIUM BENZOATE.<\/p>\n<p><sup>(4)<\/sup>\u00a0= MARIS AQUA (SEA WATER) \/ EAU DE MER<\/p>\n","protected":false},"excerpt":{"rendered":"<p>DESCRIPTION : Avec sa formule Haute tol\u00e9rance(1)\u00a0extra douce, Le Gel Nettoyant Douceur 3 en 1 mousse et se rince facilement.<\/p>\n","protected":false},"featured_media":89519,"comment_status":"open","ping_status":"closed","template":"","meta":{"_joinchat":[]},"pwb-brand":[412],"product_cat":[206],"product_tag":[],"brands":[{"id":412,"name":"NEUTRADERM","slug":"neutraderm"}],"_links":{"self":[{"href":"https:\/\/santepara.ma\/index.php?rest_route=\/wp\/v2\/product\/89520"}],"collection":[{"href":"https:\/\/santepara.ma\/index.php?rest_route=\/wp\/v2\/product"}],"about":[{"href":"https:\/\/santepara.ma\/index.php?rest_route=\/wp\/v2\/types\/product"}],"replies":[{"embeddable":true,"href":"https:\/\/santepara.ma\/index.php?rest_route=%2Fwp%2Fv2%2Fcomments&post=89520"}],"wp:featuredmedia":[{"embeddable":true,"href":"https:\/\/santepara.ma\/index.php?rest_route=\/wp\/v2\/media\/89519"}],"wp:attachment":[{"href":"https:\/\/santepara.ma\/index.php?rest_route=%2Fwp%2Fv2%2Fmedia&parent=89520"}],"wp:term":[{"taxonomy":"pwb-brand","embeddable":true,"href":"https:\/\/santepara.ma\/index.php?rest_route=%2Fwp%2Fv2%2Fpwb-brand&post=89520"},{"taxonomy":"product_cat","embeddable":true,"href":"https:\/\/santepara.ma\/index.php?rest_route=%2Fwp%2Fv2%2Fproduct_cat&post=89520"},{"taxonomy":"product_tag","embeddable":true,"href":"https:\/\/santepara.ma\/index.php?rest_route=%2Fwp%2Fv2%2Fproduct_tag&post=89520"}],"curies":[{"name":"wp","href":"https:\/\/api.w.org\/{rel}","templated":true}]}}