{"id":89681,"date":"2023-08-09T00:15:17","date_gmt":"2023-08-08T23:15:17","guid":{"rendered":"https:\/\/santepara.ma\/?product=yves-ponroy-magnesium-et-vitamine-b6-30-comprimes"},"modified":"2023-11-09T14:35:15","modified_gmt":"2023-11-09T13:35:15","slug":"yves-ponroy-magnesium-et-vitamine-b6-30-comprimes","status":"publish","type":"product","link":"https:\/\/santepara.ma\/?product=yves-ponroy-magnesium-et-vitamine-b6-30-comprimes","title":{"rendered":"Yves Ponroy Magn\u00e9sium et vitamine B6 &#8211; 30 Comprimes"},"content":{"rendered":"<div class=\"accordion__content\">\n<p>Le magn\u00e9sium contribue au fonctionnement normal du syst\u00e8me nerveux et de la fonction musculaire.<\/p>\n<p>La vitamine B6 participe \u00e9galement au fonctionnement du syst\u00e8me nerveux et compl\u00e8te l&rsquo;action du magn\u00e9sium.<\/p>\n<p>L&rsquo;association Magn\u00e9sium et vitamine B6 contribue \u00e0 r\u00e9duire la fatigue. L&rsquo;assimilation du magn\u00e9sium est facilit\u00e9 par la vitamine B6.<\/p>\n<p><strong><strong>Conseils d&rsquo;Utilisation : <\/strong> <\/strong><\/p>\n<div class=\"accordion__content \">\n<p>Prendre 1 comprim\u00e9 avec un verre d&rsquo;eau au cours du repas du soir, par p\u00e9riode de 3 \u00e0 4 semaines.<\/p>\n<p>A renouveler si n\u00e9cessaire.<\/p>\n<p><strong>Pr\u00e9cautions d&#8217;emploi :<\/strong><\/p>\n<div class=\"accordion__content \">\n<p>Ne convient pas aux insuffisants r\u00e9naux (magn\u00e9sium).<\/p>\n<p>Une consommation excessive peut avoir des effets laxatifs (sorbitol).<\/p>\n<p>Il n&rsquo;est pas conseill\u00e9 de d\u00e9passer la dose recommand\u00e9e.<\/p>\n<p>\u00c0 consommer dans le cadre d&rsquo;une alimentation vari\u00e9e et \u00e9quilibr\u00e9e et d&rsquo;un mode de vie sain.<\/p>\n<p>Garder hors de port\u00e9e des enfants.<\/p>\n<\/div>\n<\/div>\n<\/div>\n","protected":false},"excerpt":{"rendered":"<p>Le magn\u00e9sium contribue au fonctionnement normal du syst\u00e8me nerveux et de la fonction musculaire. La vitamine B6 participe \u00e9galement au<\/p>\n","protected":false},"featured_media":89680,"comment_status":"open","ping_status":"closed","template":"","meta":{"_joinchat":[]},"pwb-brand":[672],"product_cat":[398],"product_tag":[],"brands":[{"id":672,"name":"YVES PONROY","slug":"yves-ponroy"}],"_links":{"self":[{"href":"https:\/\/santepara.ma\/index.php?rest_route=\/wp\/v2\/product\/89681"}],"collection":[{"href":"https:\/\/santepara.ma\/index.php?rest_route=\/wp\/v2\/product"}],"about":[{"href":"https:\/\/santepara.ma\/index.php?rest_route=\/wp\/v2\/types\/product"}],"replies":[{"embeddable":true,"href":"https:\/\/santepara.ma\/index.php?rest_route=%2Fwp%2Fv2%2Fcomments&post=89681"}],"wp:featuredmedia":[{"embeddable":true,"href":"https:\/\/santepara.ma\/index.php?rest_route=\/wp\/v2\/media\/89680"}],"wp:attachment":[{"href":"https:\/\/santepara.ma\/index.php?rest_route=%2Fwp%2Fv2%2Fmedia&parent=89681"}],"wp:term":[{"taxonomy":"pwb-brand","embeddable":true,"href":"https:\/\/santepara.ma\/index.php?rest_route=%2Fwp%2Fv2%2Fpwb-brand&post=89681"},{"taxonomy":"product_cat","embeddable":true,"href":"https:\/\/santepara.ma\/index.php?rest_route=%2Fwp%2Fv2%2Fproduct_cat&post=89681"},{"taxonomy":"product_tag","embeddable":true,"href":"https:\/\/santepara.ma\/index.php?rest_route=%2Fwp%2Fv2%2Fproduct_tag&post=89681"}],"curies":[{"name":"wp","href":"https:\/\/api.w.org\/{rel}","templated":true}]}}