{"id":89687,"date":"2023-08-09T00:15:18","date_gmt":"2023-08-08T23:15:18","guid":{"rendered":"https:\/\/santepara.ma\/?product=yves-ponroy-gelee-royale-30-capsules"},"modified":"2023-11-09T14:35:14","modified_gmt":"2023-11-09T13:35:14","slug":"yves-ponroy-gelee-royale-30-capsules","status":"publish","type":"product","link":"https:\/\/santepara.ma\/?product=yves-ponroy-gelee-royale-30-capsules","title":{"rendered":"Yves Ponroy Gel\u00e9e Royale 30 Capsules"},"content":{"rendered":"<p>Exclusivement nourrie de gel\u00e9e royale, la reine des abeilles vit 4 \u00e0 5 ans contre 45 jours pour une ouvri\u00e8re. Elle doit cette incroyable long\u00e9vit\u00e9 \u00e0 son pouvoir particuli\u00e8rement revitalisant.<\/p>\n<p>La gel\u00e9e royale est aussi l&rsquo;alimentation des larves au premier stade de leur d\u00e9veloppement car sa valeur nutritive leur assure une croissance rapide.<\/p>\n<p>Gr\u00e2ce \u00e0 sa richesse nutritive, la gel\u00e9e royale est utilis\u00e9e depuis longtemps de fa\u00e7on traditionnelle dans l&rsquo;alimentation humaine.<\/p>\n<p>En plus de la gel\u00e9e royale (200 mg par capsule), ce produit renferme du miel liquide tr\u00e8s \u00e9nerg\u00e9tique.<\/p>\n<p>La forme gal\u00e9nique en capsules d&rsquo;adresse en particulier aux personnes ayant des difficult\u00e9s \u00e0 consommer la gel\u00e9e royale pure.<\/p>\n<div class=\"accordion__content \">\n<p><strong><strong>Conseils d&rsquo;Utilisation : <\/strong> <\/strong><\/p>\n<p>1 capsule chaque matin, pendant 1 mois.<\/p>\n<p>\u00c0 renouveler r\u00e9guli\u00e8rement.<\/p>\n<\/div>\n","protected":false},"excerpt":{"rendered":"<div class=\"product attribute subtitle\">\n<div class=\"value\">\n<p><strong>Des capsules de gel\u00e9e royale, puissant reconstituant naturel<\/strong><\/p>\n<\/div>\n<\/div>\n<div class=\"product attribute overview\"><\/div>\n","protected":false},"featured_media":89686,"comment_status":"open","ping_status":"closed","template":"","meta":{"_joinchat":[]},"pwb-brand":[672],"product_cat":[391],"product_tag":[],"brands":[{"id":672,"name":"YVES PONROY","slug":"yves-ponroy"}],"_links":{"self":[{"href":"https:\/\/santepara.ma\/index.php?rest_route=\/wp\/v2\/product\/89687"}],"collection":[{"href":"https:\/\/santepara.ma\/index.php?rest_route=\/wp\/v2\/product"}],"about":[{"href":"https:\/\/santepara.ma\/index.php?rest_route=\/wp\/v2\/types\/product"}],"replies":[{"embeddable":true,"href":"https:\/\/santepara.ma\/index.php?rest_route=%2Fwp%2Fv2%2Fcomments&post=89687"}],"wp:featuredmedia":[{"embeddable":true,"href":"https:\/\/santepara.ma\/index.php?rest_route=\/wp\/v2\/media\/89686"}],"wp:attachment":[{"href":"https:\/\/santepara.ma\/index.php?rest_route=%2Fwp%2Fv2%2Fmedia&parent=89687"}],"wp:term":[{"taxonomy":"pwb-brand","embeddable":true,"href":"https:\/\/santepara.ma\/index.php?rest_route=%2Fwp%2Fv2%2Fpwb-brand&post=89687"},{"taxonomy":"product_cat","embeddable":true,"href":"https:\/\/santepara.ma\/index.php?rest_route=%2Fwp%2Fv2%2Fproduct_cat&post=89687"},{"taxonomy":"product_tag","embeddable":true,"href":"https:\/\/santepara.ma\/index.php?rest_route=%2Fwp%2Fv2%2Fproduct_tag&post=89687"}],"curies":[{"name":"wp","href":"https:\/\/api.w.org\/{rel}","templated":true}]}}