{"id":89780,"date":"2023-08-09T00:15:54","date_gmt":"2023-08-08T23:15:54","guid":{"rendered":"https:\/\/santepara.ma\/?product=floxia-serum-capillaire-anti-chute"},"modified":"2023-11-04T13:03:45","modified_gmt":"2023-11-04T12:03:45","slug":"floxia-serum-capillaire-anti-chute","status":"publish","type":"product","link":"https:\/\/santepara.ma\/?product=floxia-serum-capillaire-anti-chute","title":{"rendered":"Floxia Serum Capillaire Anti-Chute"},"content":{"rendered":"<div class=\"et_pb_module et_pb_tabs et_pb_tabs_1 \">\n<div class=\"et_pb_all_tabs\">\n<div class=\"et_pb_tab et_pb_tab_2 clearfix et_pb_active_content et-pb-active-slide\">\n<div class=\"et_pb_tab_content\">\n<p>C\u2019est un complexe d\u2019actif \u00e0 base de plantes qui permet de conserver la jeunesse du cuir chevelu et de la densit\u00e9 pilaire. Nous l\u2019utilisons dans nos produits cosm\u00e9tiques pour stimuler la circulation sanguine au niveau du follicule, restaurer la qualit\u00e9 du follicule et renforce ses capacit\u00e9s d\u2019ancrage.<\/p>\n<\/div>\n<\/div>\n<\/div>\n<\/div>\n<div class=\"et_pb_module et_pb_accordion et_pb_accordion_1\">\n<div class=\"et_pb_toggle et_pb_module et_pb_accordion_item et_pb_accordion_item_2  et_pb_toggle_open\">\n<h5 class=\"et_pb_toggle_title\">Le conseil d&rsquo;utilisation:<\/h5>\n<div class=\"et_pb_toggle_content clearfix\">\n<p>Cuir chevelu.<\/p>\n<p>Appliquer matin et soir sur les zones concern\u00e9es. Masser d\u00e9licatement. Ce soin traitant est \u00e0 appliquer au moins 3 mois ou selon recommandation dermatologique. Ne pas rincer.<\/p>\n<\/div>\n<\/div>\n<\/div>\n","protected":false},"excerpt":{"rendered":"<p>S\u00e9rum revitalisant anti chute.<\/p>\n<p>Le s\u00e9rum capillaire Floxia aide \u00e0 augmenter l\u2019ancrage et la densit\u00e9 et ralentir sa chute.<\/p>\n","protected":false},"featured_media":89779,"comment_status":"open","ping_status":"closed","template":"","meta":{"_joinchat":[]},"pwb-brand":[682],"product_cat":[152],"product_tag":[],"brands":[{"id":682,"name":"FLOXIA","slug":"floxia"}],"_links":{"self":[{"href":"https:\/\/santepara.ma\/index.php?rest_route=\/wp\/v2\/product\/89780"}],"collection":[{"href":"https:\/\/santepara.ma\/index.php?rest_route=\/wp\/v2\/product"}],"about":[{"href":"https:\/\/santepara.ma\/index.php?rest_route=\/wp\/v2\/types\/product"}],"replies":[{"embeddable":true,"href":"https:\/\/santepara.ma\/index.php?rest_route=%2Fwp%2Fv2%2Fcomments&post=89780"}],"wp:featuredmedia":[{"embeddable":true,"href":"https:\/\/santepara.ma\/index.php?rest_route=\/wp\/v2\/media\/89779"}],"wp:attachment":[{"href":"https:\/\/santepara.ma\/index.php?rest_route=%2Fwp%2Fv2%2Fmedia&parent=89780"}],"wp:term":[{"taxonomy":"pwb-brand","embeddable":true,"href":"https:\/\/santepara.ma\/index.php?rest_route=%2Fwp%2Fv2%2Fpwb-brand&post=89780"},{"taxonomy":"product_cat","embeddable":true,"href":"https:\/\/santepara.ma\/index.php?rest_route=%2Fwp%2Fv2%2Fproduct_cat&post=89780"},{"taxonomy":"product_tag","embeddable":true,"href":"https:\/\/santepara.ma\/index.php?rest_route=%2Fwp%2Fv2%2Fproduct_tag&post=89780"}],"curies":[{"name":"wp","href":"https:\/\/api.w.org\/{rel}","templated":true}]}}