{"id":89788,"date":"2023-08-09T00:15:57","date_gmt":"2023-08-08T23:15:57","guid":{"rendered":"https:\/\/santepara.ma\/?product=floxia-shampooing-revitalisant-cheveux-gras-200ml"},"modified":"2023-11-04T13:03:47","modified_gmt":"2023-11-04T12:03:47","slug":"floxia-shampooing-revitalisant-cheveux-gras-200ml","status":"publish","type":"product","link":"https:\/\/santepara.ma\/?product=floxia-shampooing-revitalisant-cheveux-gras-200ml","title":{"rendered":"Floxia Shampooing Revitalisant Cheveux Gras 200Ml"},"content":{"rendered":"<ul class=\"tabs wc-tabs\" role=\"tablist\">\n<li id=\"tab-title-description\" class=\"description_tab active\" role=\"tab\">Description<\/li>\n<\/ul>\n<div id=\"tab-description\" class=\"woocommerce-Tabs-panel woocommerce-Tabs-panel--description panel entry-content wc-tab\" role=\"tabpanel\" aria-labelledby=\"tab-title-description\">\n<p>Une formulation innovante et adapt\u00e9e aux cheveux normaux \u00e0 gras. Il agit seul ou en compl\u00e9ment avec le s\u00e9rum capillaire, et favorise la revitalisation, gr\u00e2ce \u00e0 l\u2019action du\u00a0D-panth\u00e9nol.<\/p>\n<p>D-Panth\u00e9nol\u00a0: Propri\u00e9t\u00e9s anti-inflammatoires et nourrit en profondeur le cuir chevelu. Il am\u00e9liore l\u2019aspect de la peau, des cheveux et des ongles.<\/p>\n<p><u>R\u00f4le du D<\/u>\u00a0<u>Panth\u00e9nol<\/u>\u00a0<u>dans les soins capillaires:\u00a0<\/u>hydratant longue dur\u00e9e,\u00a0pr\u00e9vient les dommages capillaires,\u00a0renforce la fibre capillaire,\u00a0apporte \u00e9clat et brillance<\/p>\n<p>Zinc PCA\u00a0:Permet\u00a0\u00a0une diminution de la quantit\u00e9 de s\u00e9bum, d\u2019o\u00f9 une diminution des inflammations et infections des glandes s\u00e9bac\u00e9es.<\/p>\n<p><strong>Conseils d\u2019utilisation<\/strong><\/p>\n<p>Mouiller les cheveux, appliquer le shampooing et faites mousser.<\/p>\n<p>Nettoyer les cheveux et le cuir chevelu, puis rincer soigneusement.<\/p>\n<p>Eviter le contact avec les yeux.<\/p>\n<\/div>\n","protected":false},"excerpt":{"rendered":"<p>Description Une formulation innovante et adapt\u00e9e aux cheveux normaux \u00e0 gras. Il agit seul ou en compl\u00e9ment avec le s\u00e9rum<\/p>\n","protected":false},"featured_media":89787,"comment_status":"open","ping_status":"closed","template":"","meta":{"_joinchat":[]},"pwb-brand":[682],"product_cat":[144],"product_tag":[],"brands":[{"id":682,"name":"FLOXIA","slug":"floxia"}],"_links":{"self":[{"href":"https:\/\/santepara.ma\/index.php?rest_route=\/wp\/v2\/product\/89788"}],"collection":[{"href":"https:\/\/santepara.ma\/index.php?rest_route=\/wp\/v2\/product"}],"about":[{"href":"https:\/\/santepara.ma\/index.php?rest_route=\/wp\/v2\/types\/product"}],"replies":[{"embeddable":true,"href":"https:\/\/santepara.ma\/index.php?rest_route=%2Fwp%2Fv2%2Fcomments&post=89788"}],"wp:featuredmedia":[{"embeddable":true,"href":"https:\/\/santepara.ma\/index.php?rest_route=\/wp\/v2\/media\/89787"}],"wp:attachment":[{"href":"https:\/\/santepara.ma\/index.php?rest_route=%2Fwp%2Fv2%2Fmedia&parent=89788"}],"wp:term":[{"taxonomy":"pwb-brand","embeddable":true,"href":"https:\/\/santepara.ma\/index.php?rest_route=%2Fwp%2Fv2%2Fpwb-brand&post=89788"},{"taxonomy":"product_cat","embeddable":true,"href":"https:\/\/santepara.ma\/index.php?rest_route=%2Fwp%2Fv2%2Fproduct_cat&post=89788"},{"taxonomy":"product_tag","embeddable":true,"href":"https:\/\/santepara.ma\/index.php?rest_route=%2Fwp%2Fv2%2Fproduct_tag&post=89788"}],"curies":[{"name":"wp","href":"https:\/\/api.w.org\/{rel}","templated":true}]}}