{"id":89792,"date":"2023-08-09T00:15:58","date_gmt":"2023-08-08T23:15:58","guid":{"rendered":"https:\/\/santepara.ma\/?product=floxia-ecran-emulsion-invisible-spf50"},"modified":"2023-11-04T13:03:47","modified_gmt":"2023-11-04T12:03:47","slug":"floxia-ecran-emulsion-invisible-spf50","status":"publish","type":"product","link":"https:\/\/santepara.ma\/?product=floxia-ecran-emulsion-invisible-spf50","title":{"rendered":"Floxia Ecran emulsion invisible spf50"},"content":{"rendered":"<p>Cette nouvelle formule cr\u00e8me solaire SPF50 protection organo-min\u00e9rale, prot\u00e8ge des effets des rayonnements UVA et UVB tout en gardant une peau douce, gr\u00e2ce \u00e0 la pr\u00e9sence de 5 filtres, de plusieurs actifs aux propri\u00e9t\u00e9s nourrissantes et d\u2019une texture hydratante.<\/p>\n<p>Texture non grasse, incolore une fois appliqu\u00e9. Ne laisse pas de film gras et pas de traces blanches. R\u00e9sistant \u00e0 l\u2019eau, Sans Parfum, Sans Parab\u00e8ne, Sans Huile Min\u00e9rale.<\/p>\n<h5 class=\"et_pb_toggle_title\">Le conseil d&rsquo;utilisation<\/h5>\n<div class=\"et_pb_toggle_content clearfix\">\n<p>Appliquer sur le corps et le visage avant l\u2019exposition au soleil. Renouveler fr\u00e9quemment l\u2019application, et en particulier apr\u00e8s avoir nag\u00e9, transpir\u00e9 ou s\u2019\u00eatre essuy\u00e9. M\u00eame avec une protection solaire aussi forte, \u00e9viter l\u2019exposition entre 12h et 16h. Ne convient pas aux enfants de moins de 3 ans. Ne pas exposer b\u00e9b\u00e9s et jeunes enfants directement au soleil. \u00c9viter le contact avec les yeux.<\/p>\n<\/div>\n","protected":false},"excerpt":{"rendered":"<p>Cette nouvelle formule cr\u00e8me solaire SPF50 protection organo-min\u00e9rale, prot\u00e8ge des effets des rayonnements UVA et UVB tout en gardant une peau douce, gr\u00e2ce \u00e0 la pr\u00e9sence de 5 filtres, de plusieurs actifs aux propri\u00e9t\u00e9s nourrissantes et d\u2019une texture hydratante.<\/p>\n<p>Texture non grasse, incolore une fois appliqu\u00e9. Ne laisse pas de film gras et pas de traces blanches. R\u00e9sistant \u00e0 l\u2019eau, Sans Parfum, Sans Parab\u00e8ne, Sans Huile Min\u00e9rale.<\/p>\n","protected":false},"featured_media":89791,"comment_status":"open","ping_status":"closed","template":"","meta":{"_joinchat":[]},"pwb-brand":[682],"product_cat":[95],"product_tag":[],"brands":[{"id":682,"name":"FLOXIA","slug":"floxia"}],"_links":{"self":[{"href":"https:\/\/santepara.ma\/index.php?rest_route=\/wp\/v2\/product\/89792"}],"collection":[{"href":"https:\/\/santepara.ma\/index.php?rest_route=\/wp\/v2\/product"}],"about":[{"href":"https:\/\/santepara.ma\/index.php?rest_route=\/wp\/v2\/types\/product"}],"replies":[{"embeddable":true,"href":"https:\/\/santepara.ma\/index.php?rest_route=%2Fwp%2Fv2%2Fcomments&post=89792"}],"wp:featuredmedia":[{"embeddable":true,"href":"https:\/\/santepara.ma\/index.php?rest_route=\/wp\/v2\/media\/89791"}],"wp:attachment":[{"href":"https:\/\/santepara.ma\/index.php?rest_route=%2Fwp%2Fv2%2Fmedia&parent=89792"}],"wp:term":[{"taxonomy":"pwb-brand","embeddable":true,"href":"https:\/\/santepara.ma\/index.php?rest_route=%2Fwp%2Fv2%2Fpwb-brand&post=89792"},{"taxonomy":"product_cat","embeddable":true,"href":"https:\/\/santepara.ma\/index.php?rest_route=%2Fwp%2Fv2%2Fproduct_cat&post=89792"},{"taxonomy":"product_tag","embeddable":true,"href":"https:\/\/santepara.ma\/index.php?rest_route=%2Fwp%2Fv2%2Fproduct_tag&post=89792"}],"curies":[{"name":"wp","href":"https:\/\/api.w.org\/{rel}","templated":true}]}}