{"id":89910,"date":"2023-08-09T00:16:34","date_gmt":"2023-08-08T23:16:34","guid":{"rendered":"https:\/\/santepara.ma\/?product=bio-oil-skincare-oil-natural-125-ml"},"modified":"2023-11-04T13:03:53","modified_gmt":"2023-11-04T12:03:53","slug":"bio-oil-skincare-oil-natural-125-ml","status":"publish","type":"product","link":"https:\/\/santepara.ma\/?product=bio-oil-skincare-oil-natural-125-ml","title":{"rendered":"BIO-OIL SKINCARE OIL NATURAL 125 ML"},"content":{"rendered":"<div id=\"page\" class=\"container_9 clearfix\">\n<div id=\"columns\" class=\"grid_9 alpha omega clearfix\">\n<div id=\"center_column\">\n<div id=\"category_produit\">\n<div id=\"more_info_block\" class=\"clear\">\n<div id=\"more_info_sheets\" class=\"sheets align_justify\">\n<div id=\"idTab1\" class=\"rte\">\n<p>L&rsquo;huile de soin de la peau Bio-Oil (naturelle) est un produit sp\u00e9cialis\u00e9 enti\u00e8rement naturel cliniquement prouv\u00e9 pour am\u00e9liorer l&rsquo;apparence des cicatrices et des vergetures.\u00a0Cette huile 100% naturelle et non grasse contient une puissante association de 3 huiles de base, 4 huiles sp\u00e9cialis\u00e9es, 2 huiles vitamin\u00e9es et 5 extraits v\u00e9g\u00e9taux.\u00a0L&rsquo;huile de soin de la peau Bio-Oil (naturelle) s&rsquo;absorbe facilement et aide \u00e0 renforcer l&rsquo;\u00e9lasticit\u00e9 de la peau en la gardant souple et hydrat\u00e9e, et favorise la r\u00e9g\u00e9n\u00e9ration de la peau en soutenant et en restaurant la peau endommag\u00e9e<\/p>\n<\/div>\n<\/div>\n<\/div>\n<\/div>\n<\/div>\n<div id=\"right_column\" class=\"column grid_2 omega\"><\/div>\n<\/div>\n<\/div>\n<div id=\"footer\" class=\"grid_9 alpha omega clearfix\">\n<div id=\"sous_footer\">\n<div id=\"block_various_links_footer\" class=\"block_various_links\"><\/div>\n<\/div>\n<\/div>\n","protected":false},"excerpt":{"rendered":"<p>L&rsquo;huile de soin de la peau Bio-Oil (naturelle) est un produit sp\u00e9cialis\u00e9 enti\u00e8rement naturel cliniquement prouv\u00e9 pour am\u00e9liorer l&rsquo;apparence des<\/p>\n","protected":false},"featured_media":89909,"comment_status":"open","ping_status":"closed","template":"","meta":{"_joinchat":[]},"pwb-brand":[288],"product_cat":[189,187,333,334],"product_tag":[],"brands":[{"id":288,"name":"BIO-OIL","slug":"bio-oil"}],"_links":{"self":[{"href":"https:\/\/santepara.ma\/index.php?rest_route=\/wp\/v2\/product\/89910"}],"collection":[{"href":"https:\/\/santepara.ma\/index.php?rest_route=\/wp\/v2\/product"}],"about":[{"href":"https:\/\/santepara.ma\/index.php?rest_route=\/wp\/v2\/types\/product"}],"replies":[{"embeddable":true,"href":"https:\/\/santepara.ma\/index.php?rest_route=%2Fwp%2Fv2%2Fcomments&post=89910"}],"wp:featuredmedia":[{"embeddable":true,"href":"https:\/\/santepara.ma\/index.php?rest_route=\/wp\/v2\/media\/89909"}],"wp:attachment":[{"href":"https:\/\/santepara.ma\/index.php?rest_route=%2Fwp%2Fv2%2Fmedia&parent=89910"}],"wp:term":[{"taxonomy":"pwb-brand","embeddable":true,"href":"https:\/\/santepara.ma\/index.php?rest_route=%2Fwp%2Fv2%2Fpwb-brand&post=89910"},{"taxonomy":"product_cat","embeddable":true,"href":"https:\/\/santepara.ma\/index.php?rest_route=%2Fwp%2Fv2%2Fproduct_cat&post=89910"},{"taxonomy":"product_tag","embeddable":true,"href":"https:\/\/santepara.ma\/index.php?rest_route=%2Fwp%2Fv2%2Fproduct_tag&post=89910"}],"curies":[{"name":"wp","href":"https:\/\/api.w.org\/{rel}","templated":true}]}}