{"id":89940,"date":"2023-08-09T00:16:39","date_gmt":"2023-08-08T23:16:39","guid":{"rendered":"https:\/\/santepara.ma\/?product=curasept-brossette-interdentaire-proxi-angle-p06"},"modified":"2023-11-04T13:03:53","modified_gmt":"2023-11-04T12:03:53","slug":"curasept-brossette-interdentaire-proxi-angle-p06","status":"publish","type":"product","link":"https:\/\/santepara.ma\/?product=curasept-brossette-interdentaire-proxi-angle-p06","title":{"rendered":"CURASEPT BROSSETTE INTERDENTAIRE PROXI ANGLE P06"},"content":{"rendered":"<p>Choisissez le diam\u00e8tre de votre brossette interdentaire Proxi Angle, id\u00e9ale en pr\u00e9vention et traitement pour nettoyer tous vos espaces interdentaires. Votre brossette interdentaire angle\u00a0se glisse l\u00e0 o\u00f9 votre brosse \u00e0 dents ne peut pas aller .\u00a0Sa prise en main ergonomique et la r\u00e9sistance de ces brins permettent un nettoyage complet dans les espaces interdentaires.<\/p>\n<p>Notre coffret contient 5 brossettes interdentaires identiques.<\/p>\n","protected":false},"excerpt":{"rendered":"<p>Choisissez le diam\u00e8tre de votre brossette interdentaire Proxi Angle, id\u00e9ale en pr\u00e9vention et traitement pour nettoyer tous vos espaces interdentaires.<\/p>\n","protected":false},"featured_media":89939,"comment_status":"open","ping_status":"closed","template":"","meta":{"_joinchat":[]},"pwb-brand":[689],"product_cat":[302],"product_tag":[],"brands":[{"id":689,"name":"CURASEPT","slug":"curasept"}],"_links":{"self":[{"href":"https:\/\/santepara.ma\/index.php?rest_route=\/wp\/v2\/product\/89940"}],"collection":[{"href":"https:\/\/santepara.ma\/index.php?rest_route=\/wp\/v2\/product"}],"about":[{"href":"https:\/\/santepara.ma\/index.php?rest_route=\/wp\/v2\/types\/product"}],"replies":[{"embeddable":true,"href":"https:\/\/santepara.ma\/index.php?rest_route=%2Fwp%2Fv2%2Fcomments&post=89940"}],"wp:featuredmedia":[{"embeddable":true,"href":"https:\/\/santepara.ma\/index.php?rest_route=\/wp\/v2\/media\/89939"}],"wp:attachment":[{"href":"https:\/\/santepara.ma\/index.php?rest_route=%2Fwp%2Fv2%2Fmedia&parent=89940"}],"wp:term":[{"taxonomy":"pwb-brand","embeddable":true,"href":"https:\/\/santepara.ma\/index.php?rest_route=%2Fwp%2Fv2%2Fpwb-brand&post=89940"},{"taxonomy":"product_cat","embeddable":true,"href":"https:\/\/santepara.ma\/index.php?rest_route=%2Fwp%2Fv2%2Fproduct_cat&post=89940"},{"taxonomy":"product_tag","embeddable":true,"href":"https:\/\/santepara.ma\/index.php?rest_route=%2Fwp%2Fv2%2Fproduct_tag&post=89940"}],"curies":[{"name":"wp","href":"https:\/\/api.w.org\/{rel}","templated":true}]}}