{"id":89963,"date":"2023-08-09T00:16:47","date_gmt":"2023-08-08T23:16:47","guid":{"rendered":"https:\/\/santepara.ma\/?product=curasept-brossettes-interdentaires-proxi-p09"},"modified":"2023-11-04T13:03:55","modified_gmt":"2023-11-04T12:03:55","slug":"curasept-brossettes-interdentaires-proxi-p09","status":"publish","type":"product","link":"https:\/\/santepara.ma\/?product=curasept-brossettes-interdentaires-proxi-p09","title":{"rendered":"CURASEPT BROSSETTES INTERDENTAIRES PROXI P09"},"content":{"rendered":"<div id=\"page\" class=\"container_9 clearfix\">\n<div id=\"columns\" class=\"grid_9 alpha omega clearfix\">\n<div id=\"center_column\">\n<div id=\"category_produit\">\n<div id=\"more_info_block\" class=\"clear\">\n<div id=\"more_info_sheets\" class=\"sheets align_justify\">\n<div id=\"idTab1\" class=\"rte\">\n<p>Les brossettes interdentaires CURASEPT PROXI P09 sont id\u00e9ales en pr\u00e9vention, pour nettoyer votre plaque dentaire. Elles se glissent l\u00e0 o\u00f9 votre brosse \u00e0 dents ne peut pas aller avec son diam\u00e8tre de 1,1mm.<\/p>\n<\/div>\n<\/div>\n<\/div>\n<\/div>\n<\/div>\n<div id=\"right_column\" class=\"column grid_2 omega\"><\/div>\n<\/div>\n<\/div>\n<div id=\"footer\" class=\"grid_9 alpha omega clearfix\">\n<div id=\"sous_footer\">\n<div id=\"block_various_links_footer\" class=\"block_various_links\"><\/div>\n<\/div>\n<\/div>\n","protected":false},"excerpt":{"rendered":"<p>Les brossettes interdentaires CURASEPT PROXI P09 sont id\u00e9ales en pr\u00e9vention, pour nettoyer votre plaque dentaire. Elles se glissent l\u00e0 o\u00f9<\/p>\n","protected":false},"featured_media":89962,"comment_status":"open","ping_status":"closed","template":"","meta":{"_joinchat":[]},"pwb-brand":[689],"product_cat":[302],"product_tag":[],"brands":[{"id":689,"name":"CURASEPT","slug":"curasept"}],"_links":{"self":[{"href":"https:\/\/santepara.ma\/index.php?rest_route=\/wp\/v2\/product\/89963"}],"collection":[{"href":"https:\/\/santepara.ma\/index.php?rest_route=\/wp\/v2\/product"}],"about":[{"href":"https:\/\/santepara.ma\/index.php?rest_route=\/wp\/v2\/types\/product"}],"replies":[{"embeddable":true,"href":"https:\/\/santepara.ma\/index.php?rest_route=%2Fwp%2Fv2%2Fcomments&post=89963"}],"wp:featuredmedia":[{"embeddable":true,"href":"https:\/\/santepara.ma\/index.php?rest_route=\/wp\/v2\/media\/89962"}],"wp:attachment":[{"href":"https:\/\/santepara.ma\/index.php?rest_route=%2Fwp%2Fv2%2Fmedia&parent=89963"}],"wp:term":[{"taxonomy":"pwb-brand","embeddable":true,"href":"https:\/\/santepara.ma\/index.php?rest_route=%2Fwp%2Fv2%2Fpwb-brand&post=89963"},{"taxonomy":"product_cat","embeddable":true,"href":"https:\/\/santepara.ma\/index.php?rest_route=%2Fwp%2Fv2%2Fproduct_cat&post=89963"},{"taxonomy":"product_tag","embeddable":true,"href":"https:\/\/santepara.ma\/index.php?rest_route=%2Fwp%2Fv2%2Fproduct_tag&post=89963"}],"curies":[{"name":"wp","href":"https:\/\/api.w.org\/{rel}","templated":true}]}}