{"id":90040,"date":"2023-08-09T00:17:06","date_gmt":"2023-08-08T23:17:06","guid":{"rendered":"https:\/\/santepara.ma\/?product=lierac-sunissime-fluide-protecteur-dore-anti-age-global-spf50-40ml"},"modified":"2023-11-09T14:34:37","modified_gmt":"2023-11-09T13:34:37","slug":"lierac-sunissime-fluide-protecteur-dore-anti-age-global-spf50-40ml","status":"publish","type":"product","link":"https:\/\/santepara.ma\/?product=lierac-sunissime-fluide-protecteur-dore-anti-age-global-spf50-40ml","title":{"rendered":"LIERAC SUNISSIME  FLUIDE PROTECTEUR DORE ANTI-AGE GLOBAL SPF50+ 40ML"},"content":{"rendered":"<div class=\"product-tabs\">\n<div class=\"std new-std\">\n<p>Pour toutes les femmes qui veulent avoir bonne mine tout au long de l\u2019ann\u00e9e, notamment d\u00e8s le d\u00e9but de la belle saison.<\/p>\n<p>Mais aussi, celles qui recherchent une BB cr\u00e8me avec une protection solaire aussi s\u00e9rieuse que celle d\u2019une \u00ab\u00a0vraie\u00a0\u00bb cr\u00e8me solaire.<\/p>\n<p>L\u2019essentiel de la formule et son syst\u00e8me protecteur ultra large spectre tient les UVA et B \u00e0 distance avec des filtres tri\u00e9s sur le volet pour leur innocuit\u00e9.<\/p>\n<p>On y retrouve aussi les flavono\u00efdes v\u00e9g\u00e9taux qui neutralisent les infrarouges et la m\u00e9lanine fractionn\u00e9e qui absorbe la lumi\u00e8re visible.<\/p>\n<p>Sans oublier, la pro-taurine qui transforme les radicaux libres en flux d\u2019\u00e9nergie pour la peau.<\/p>\n<p>Les ingr\u00e9dients bonus de la bb cr\u00e8me est l\u2019acide hyaluronique, bio-mim\u00e9tique, hydrate et repulpe la peau parfois ass\u00e9ch\u00e9e par le soleil, tandis qu\u2019un peptide activateur de bronzage fait monter la m\u00e9lanine en acc\u00e9l\u00e9r\u00e9 pour un h\u00e2le rayonnant et uniforme, sans taches, et sans multiplier les expositions.<\/p>\n<p>Plus fin qu\u2019une cr\u00e8me, presque un lait, ce fluide au d\u00e9licieux parfum de bergamote givr\u00e9e, de jasmin et d\u2019eau de coco fait corps avec la peau et y infuse un voile de pigments dor\u00e9s, si l\u00e9ger qu\u2019il se marie \u00e0 toutes les carnations.<\/p>\n<p>Les imperfections s\u2019estompent, le teint est unifi\u00e9 et joliment satin\u00e9.<\/p>\n<\/div>\n<\/div>\n<div class=\"product-tabs\">\n<h3 class=\"tabs-title\"><strong>Conseils d&rsquo;Utilisation : <\/strong> <\/h3>\n<div class=\"std new-std\">\n<p>Avant l\u2019exposition, appliquez en compl\u00e9ment de votre soin de jour,\u00a0elle ne laisse pas de traces ou de marques.<\/p>\n<p>Renouvelez toutes les deux heures en cas d\u2019exposition directe.<\/p>\n<\/div>\n<\/div>\n","protected":false},"excerpt":{"rendered":"<p>Anti-age Global<\/p>\n<p>T\u00e2ches, rides, rel\u00e2chement<\/p>\n<p>Peau hydrat\u00e9e, bonne mine instantan\u00e9e<\/p>\n<p>Visage et d\u00e9collet\u00e9<\/p>\n","protected":false},"featured_media":90039,"comment_status":"open","ping_status":"closed","template":"","meta":{"_joinchat":[]},"pwb-brand":[438],"product_cat":[224,158],"product_tag":[],"brands":[{"id":438,"name":"LIERAC","slug":"lierac"}],"_links":{"self":[{"href":"https:\/\/santepara.ma\/index.php?rest_route=\/wp\/v2\/product\/90040"}],"collection":[{"href":"https:\/\/santepara.ma\/index.php?rest_route=\/wp\/v2\/product"}],"about":[{"href":"https:\/\/santepara.ma\/index.php?rest_route=\/wp\/v2\/types\/product"}],"replies":[{"embeddable":true,"href":"https:\/\/santepara.ma\/index.php?rest_route=%2Fwp%2Fv2%2Fcomments&post=90040"}],"wp:featuredmedia":[{"embeddable":true,"href":"https:\/\/santepara.ma\/index.php?rest_route=\/wp\/v2\/media\/90039"}],"wp:attachment":[{"href":"https:\/\/santepara.ma\/index.php?rest_route=%2Fwp%2Fv2%2Fmedia&parent=90040"}],"wp:term":[{"taxonomy":"pwb-brand","embeddable":true,"href":"https:\/\/santepara.ma\/index.php?rest_route=%2Fwp%2Fv2%2Fpwb-brand&post=90040"},{"taxonomy":"product_cat","embeddable":true,"href":"https:\/\/santepara.ma\/index.php?rest_route=%2Fwp%2Fv2%2Fproduct_cat&post=90040"},{"taxonomy":"product_tag","embeddable":true,"href":"https:\/\/santepara.ma\/index.php?rest_route=%2Fwp%2Fv2%2Fproduct_tag&post=90040"}],"curies":[{"name":"wp","href":"https:\/\/api.w.org\/{rel}","templated":true}]}}