{"id":90287,"date":"2023-08-09T00:18:15","date_gmt":"2023-08-08T23:18:15","guid":{"rendered":"https:\/\/santepara.ma\/?product=eric-favre-omega-3-coeur-cerveau-1000-mg-60-capsules"},"modified":"2024-05-30T15:43:47","modified_gmt":"2024-05-30T14:43:47","slug":"eric-favre-omega-3-coeur-cerveau-1000-mg-60-capsules","status":"publish","type":"product","link":"https:\/\/santepara.ma\/?product=eric-favre-omega-3-coeur-cerveau-1000-mg-60-capsules","title":{"rendered":"ERIC FAVRE OMEGA 3 C\u0152UR &#038; CERVEAU 1000 MG 60 CAPSULES"},"content":{"rendered":"<p>Il est conseill\u00e9 de consulter un m\u00e9decin ou un nutritionniste en cas de doute sur la posologie et\/ou l&rsquo;utilisation de ce produit. Les informations nutritionnelles peuvent varier selon le parfum du produit.<\/p>\n<p>L\u2019acide eicosapenta\u00e9noique (EPA) et l\u2019acide docosahexa\u00e9noique (DHA) contribuent \u00e0 une fonction cardiaque normale. L\u2019effet b\u00e9n\u00e9fique est obtenu par la consommation journali\u00e8re de 250 mg EPA \/ DHA. Le DHA contribue au fonctionnement normal du cerveau. L\u2019effet b\u00e9n\u00e9fique est obtenu par la consommation journali\u00e8re de 250 mg de DHA. L\u2019EPA et le DHA sont sources d\u2019Om\u00e9ga 3.<\/p>\n<p>Prendre 1 \u00e0 2 capsule(s) par jour le matin, pendant le petit d\u00e9jeuner.<\/p>\n<p>Se conformer aux conseils d\u2019utilisation.<\/p>\n<p>\u00c0 utiliser dans le cadre d\u2019une alimentation diversifi\u00e9e et d\u2019un mode de vie sain.<\/p>\n<p>Respecter les dosages recommand\u00e9s en France.<\/p>\n<p>Ne constitue pas un substitut d\u2019un r\u00e9gime alimentaire vari\u00e9.<\/p>\n<p>Conserver dans un endroit frais et sec, \u00e0 l\u2019abri de la lumi\u00e8re.<\/p>\n<p>D\u00e9conseill\u00e9 aux enfants, aux adolescents, aux femmes enceintes ou allaitantes.<\/p>\n","protected":false},"excerpt":{"rendered":"<p>Ce produit n\u2019est pas un m\u00e9dicament mais un compl\u00e9ment alimentaire \u00e0 base d\u2019huile de poisson et de vitamine E.<\/p>\n","protected":false},"featured_media":90286,"comment_status":"open","ping_status":"closed","template":"","meta":{"_joinchat":[]},"pwb-brand":[463],"product_cat":[695],"product_tag":[],"brands":[{"id":463,"name":"ERIC FAVRE","slug":"eric-favre"}],"_links":{"self":[{"href":"https:\/\/santepara.ma\/index.php?rest_route=\/wp\/v2\/product\/90287"}],"collection":[{"href":"https:\/\/santepara.ma\/index.php?rest_route=\/wp\/v2\/product"}],"about":[{"href":"https:\/\/santepara.ma\/index.php?rest_route=\/wp\/v2\/types\/product"}],"replies":[{"embeddable":true,"href":"https:\/\/santepara.ma\/index.php?rest_route=%2Fwp%2Fv2%2Fcomments&post=90287"}],"wp:featuredmedia":[{"embeddable":true,"href":"https:\/\/santepara.ma\/index.php?rest_route=\/wp\/v2\/media\/90286"}],"wp:attachment":[{"href":"https:\/\/santepara.ma\/index.php?rest_route=%2Fwp%2Fv2%2Fmedia&parent=90287"}],"wp:term":[{"taxonomy":"pwb-brand","embeddable":true,"href":"https:\/\/santepara.ma\/index.php?rest_route=%2Fwp%2Fv2%2Fpwb-brand&post=90287"},{"taxonomy":"product_cat","embeddable":true,"href":"https:\/\/santepara.ma\/index.php?rest_route=%2Fwp%2Fv2%2Fproduct_cat&post=90287"},{"taxonomy":"product_tag","embeddable":true,"href":"https:\/\/santepara.ma\/index.php?rest_route=%2Fwp%2Fv2%2Fproduct_tag&post=90287"}],"curies":[{"name":"wp","href":"https:\/\/api.w.org\/{rel}","templated":true}]}}