{"id":90291,"date":"2023-08-09T00:18:16","date_gmt":"2023-08-08T23:18:16","guid":{"rendered":"https:\/\/santepara.ma\/?product=dermalium-gel-lavant-apaisant-150ml"},"modified":"2023-11-04T13:04:10","modified_gmt":"2023-11-04T12:04:10","slug":"dermalium-gel-lavant-apaisant-150ml","status":"publish","type":"product","link":"https:\/\/santepara.ma\/?product=dermalium-gel-lavant-apaisant-150ml","title":{"rendered":"Dermalium Gel Lavant apaisant 150ml"},"content":{"rendered":"<p>Ce Gel lavant apaisant du laboratoire DERMALIUM est con\u00e7u sp\u00e9cialement pour les peaux fines et sensible \u00e0 base de savon neutre non irritant riche en glyc\u00e9rine nettoie et am\u00e9liore le confort de la peau tout en respectant le film hydrolipidique.<\/p>\n<p>Un soin agr\u00e9able au quotidien pour toute la famille.<\/p>\n<p>Sa base lavante douce \u00e9limine toutes les impuret\u00e9s de la peau sans agresser.<\/p>\n<p>Ses actifs surgraissants et hydratants am\u00e9liorent le confort cutan\u00e9.<\/p>\n<p><strong><strong>Conseils d&rsquo;Utilisation : <\/strong> <\/strong><\/p>\n<p>Appliquer sur le visage ou le corps, faire mousser puis rincer.<\/p>\n","protected":false},"excerpt":{"rendered":"<p><strong>La peau est parfaitement nettoy\u00e9e\u00a0 hydrat\u00e9e et apais\u00e9e.<\/strong><\/p>\n","protected":false},"featured_media":90290,"comment_status":"open","ping_status":"closed","template":"","meta":{"_joinchat":[]},"pwb-brand":[452],"product_cat":[98,92],"product_tag":[],"brands":[{"id":452,"name":"DERMALIUM","slug":"dermalium"}],"_links":{"self":[{"href":"https:\/\/santepara.ma\/index.php?rest_route=\/wp\/v2\/product\/90291"}],"collection":[{"href":"https:\/\/santepara.ma\/index.php?rest_route=\/wp\/v2\/product"}],"about":[{"href":"https:\/\/santepara.ma\/index.php?rest_route=\/wp\/v2\/types\/product"}],"replies":[{"embeddable":true,"href":"https:\/\/santepara.ma\/index.php?rest_route=%2Fwp%2Fv2%2Fcomments&post=90291"}],"wp:featuredmedia":[{"embeddable":true,"href":"https:\/\/santepara.ma\/index.php?rest_route=\/wp\/v2\/media\/90290"}],"wp:attachment":[{"href":"https:\/\/santepara.ma\/index.php?rest_route=%2Fwp%2Fv2%2Fmedia&parent=90291"}],"wp:term":[{"taxonomy":"pwb-brand","embeddable":true,"href":"https:\/\/santepara.ma\/index.php?rest_route=%2Fwp%2Fv2%2Fpwb-brand&post=90291"},{"taxonomy":"product_cat","embeddable":true,"href":"https:\/\/santepara.ma\/index.php?rest_route=%2Fwp%2Fv2%2Fproduct_cat&post=90291"},{"taxonomy":"product_tag","embeddable":true,"href":"https:\/\/santepara.ma\/index.php?rest_route=%2Fwp%2Fv2%2Fproduct_tag&post=90291"}],"curies":[{"name":"wp","href":"https:\/\/api.w.org\/{rel}","templated":true}]}}