{"id":90437,"date":"2023-08-09T00:19:01","date_gmt":"2023-08-08T23:19:01","guid":{"rendered":"https:\/\/santepara.ma\/?product=penta-penta-u30-emulsion-100-ml"},"modified":"2023-11-04T13:04:17","modified_gmt":"2023-11-04T12:04:17","slug":"penta-penta-u30-emulsion-100-ml","status":"publish","type":"product","link":"https:\/\/santepara.ma\/?product=penta-penta-u30-emulsion-100-ml","title":{"rendered":"PENTA PENTA U30 \u00c9MULSION 100 ML"},"content":{"rendered":"<p>Emulsion \u00e0 action k\u00e9ratolytique et hydratante. Il lisse la peau tr\u00e8s s\u00e8che et squameuse, l&rsquo;hydrate et l&rsquo;adoucit. Formule non grasse et facilement absorb\u00e9e. Adjuvant efficace dans le traitement des peaux vieillissantes ou soumises aux rayons UV. Sans parfum.<\/p>\n<p><strong>PRINCIPES ACTIFS :<\/strong><\/p>\n<p>L&rsquo;ur\u00e9e 30% aux propri\u00e9t\u00e9s hydratantes et k\u00e9ratolytiques \/ exfoliantes, favorise l&rsquo;\u00e9limination des cellules mortes de la peau. L&rsquo;allanto\u00efne (allanto\u00efne) a une action hydratante. Le glyc\u00e9rol (glyc\u00e9rine) a une action humectante.<\/p>\n<p><strong><strong>Conseils d&rsquo;Utilisation : <\/strong> <\/strong><\/p>\n<p>Lavez soigneusement les parties concern\u00e9es, puis appliquez le produit sur les zones \u00e0 traiter en massant doucement afin de permettre une p\u00e9n\u00e9tration optimale de la peau. R\u00e9p\u00e9tez le traitement deux fois par jour. Conserver \u00e0 une temp\u00e9rature ne d\u00e9passant pas 25 \u00b0 C.<\/p>\n","protected":false},"excerpt":{"rendered":"<p>Soin hydratant et k\u00e9ratolytique, sp\u00e9cifique des peaux s\u00e8ches, \u00e9paissies et squameuses \u00e0 base d&rsquo;UREA 30%.<\/p>\n<p>Gr\u00e2ce \u00e0 sa formulation, il garantit une hydratation prolong\u00e9e.<\/p>\n<p>Redonne \u00e9lasticit\u00e9, douceur et douceur aux peaux les plus s\u00e8ches.<\/p>\n","protected":false},"featured_media":90436,"comment_status":"open","ping_status":"closed","template":"","meta":{"_joinchat":[]},"pwb-brand":[503],"product_cat":[82],"product_tag":[],"brands":[{"id":503,"name":"PENTA","slug":"penta"}],"_links":{"self":[{"href":"https:\/\/santepara.ma\/index.php?rest_route=\/wp\/v2\/product\/90437"}],"collection":[{"href":"https:\/\/santepara.ma\/index.php?rest_route=\/wp\/v2\/product"}],"about":[{"href":"https:\/\/santepara.ma\/index.php?rest_route=\/wp\/v2\/types\/product"}],"replies":[{"embeddable":true,"href":"https:\/\/santepara.ma\/index.php?rest_route=%2Fwp%2Fv2%2Fcomments&post=90437"}],"wp:featuredmedia":[{"embeddable":true,"href":"https:\/\/santepara.ma\/index.php?rest_route=\/wp\/v2\/media\/90436"}],"wp:attachment":[{"href":"https:\/\/santepara.ma\/index.php?rest_route=%2Fwp%2Fv2%2Fmedia&parent=90437"}],"wp:term":[{"taxonomy":"pwb-brand","embeddable":true,"href":"https:\/\/santepara.ma\/index.php?rest_route=%2Fwp%2Fv2%2Fpwb-brand&post=90437"},{"taxonomy":"product_cat","embeddable":true,"href":"https:\/\/santepara.ma\/index.php?rest_route=%2Fwp%2Fv2%2Fproduct_cat&post=90437"},{"taxonomy":"product_tag","embeddable":true,"href":"https:\/\/santepara.ma\/index.php?rest_route=%2Fwp%2Fv2%2Fproduct_tag&post=90437"}],"curies":[{"name":"wp","href":"https:\/\/api.w.org\/{rel}","templated":true}]}}