{"id":90439,"date":"2023-08-09T00:19:01","date_gmt":"2023-08-08T23:19:01","guid":{"rendered":"https:\/\/santepara.ma\/?product=penta-penta-u10-creme-250-ml"},"modified":"2023-11-04T13:04:17","modified_gmt":"2023-11-04T12:04:17","slug":"penta-penta-u10-creme-250-ml","status":"publish","type":"product","link":"https:\/\/santepara.ma\/?product=penta-penta-u10-creme-250-ml","title":{"rendered":"PENTA PENTA U10 CR\u00c8ME 250 ML"},"content":{"rendered":"<p>Traitement sp\u00e9cifique pour les peaux s\u00e8ches et squameuses \u00e0 base d&rsquo;UREA 10% et de vitamine E.<\/p>\n<p>Produit sp\u00e9cialement formul\u00e9 pour restaurer la peau s\u00e8che, squameuse, irritante et sensible des enfants et des adultes \u00e0 la normale.<\/p>\n<p>Enfant et Adulte<\/p>\n","protected":false},"excerpt":{"rendered":"<p><strong>Visage et corps<\/strong><\/p>\n","protected":false},"featured_media":90438,"comment_status":"open","ping_status":"closed","template":"","meta":{"_joinchat":[]},"pwb-brand":[503],"product_cat":[91],"product_tag":[],"brands":[{"id":503,"name":"PENTA","slug":"penta"}],"_links":{"self":[{"href":"https:\/\/santepara.ma\/index.php?rest_route=\/wp\/v2\/product\/90439"}],"collection":[{"href":"https:\/\/santepara.ma\/index.php?rest_route=\/wp\/v2\/product"}],"about":[{"href":"https:\/\/santepara.ma\/index.php?rest_route=\/wp\/v2\/types\/product"}],"replies":[{"embeddable":true,"href":"https:\/\/santepara.ma\/index.php?rest_route=%2Fwp%2Fv2%2Fcomments&post=90439"}],"wp:featuredmedia":[{"embeddable":true,"href":"https:\/\/santepara.ma\/index.php?rest_route=\/wp\/v2\/media\/90438"}],"wp:attachment":[{"href":"https:\/\/santepara.ma\/index.php?rest_route=%2Fwp%2Fv2%2Fmedia&parent=90439"}],"wp:term":[{"taxonomy":"pwb-brand","embeddable":true,"href":"https:\/\/santepara.ma\/index.php?rest_route=%2Fwp%2Fv2%2Fpwb-brand&post=90439"},{"taxonomy":"product_cat","embeddable":true,"href":"https:\/\/santepara.ma\/index.php?rest_route=%2Fwp%2Fv2%2Fproduct_cat&post=90439"},{"taxonomy":"product_tag","embeddable":true,"href":"https:\/\/santepara.ma\/index.php?rest_route=%2Fwp%2Fv2%2Fproduct_tag&post=90439"}],"curies":[{"name":"wp","href":"https:\/\/api.w.org\/{rel}","templated":true}]}}