{"id":91077,"date":"2023-08-09T00:23:01","date_gmt":"2023-08-08T23:23:01","guid":{"rendered":"https:\/\/santepara.ma\/?product=roge-cavailles-deo-stick-dermato-40-ml"},"modified":"2023-11-04T13:04:48","modified_gmt":"2023-11-04T12:04:48","slug":"roge-cavailles-deo-stick-dermato-40-ml","status":"publish","type":"product","link":"https:\/\/santepara.ma\/?product=roge-cavailles-deo-stick-dermato-40-ml","title":{"rendered":"Rog\u00e9 Cavaill\u00e8s D\u00e9o-Stick Dermato 40 ml"},"content":{"rendered":"","protected":false},"excerpt":{"rendered":"","protected":false},"featured_media":91076,"comment_status":"open","ping_status":"closed","template":"","meta":{"_joinchat":[]},"pwb-brand":[451],"product_cat":[129],"product_tag":[],"brands":[{"id":451,"name":"ROGE CAVAILLES","slug":"roge-cavailles"}],"_links":{"self":[{"href":"https:\/\/santepara.ma\/index.php?rest_route=\/wp\/v2\/product\/91077"}],"collection":[{"href":"https:\/\/santepara.ma\/index.php?rest_route=\/wp\/v2\/product"}],"about":[{"href":"https:\/\/santepara.ma\/index.php?rest_route=\/wp\/v2\/types\/product"}],"replies":[{"embeddable":true,"href":"https:\/\/santepara.ma\/index.php?rest_route=%2Fwp%2Fv2%2Fcomments&post=91077"}],"wp:featuredmedia":[{"embeddable":true,"href":"https:\/\/santepara.ma\/index.php?rest_route=\/wp\/v2\/media\/91076"}],"wp:attachment":[{"href":"https:\/\/santepara.ma\/index.php?rest_route=%2Fwp%2Fv2%2Fmedia&parent=91077"}],"wp:term":[{"taxonomy":"pwb-brand","embeddable":true,"href":"https:\/\/santepara.ma\/index.php?rest_route=%2Fwp%2Fv2%2Fpwb-brand&post=91077"},{"taxonomy":"product_cat","embeddable":true,"href":"https:\/\/santepara.ma\/index.php?rest_route=%2Fwp%2Fv2%2Fproduct_cat&post=91077"},{"taxonomy":"product_tag","embeddable":true,"href":"https:\/\/santepara.ma\/index.php?rest_route=%2Fwp%2Fv2%2Fproduct_tag&post=91077"}],"curies":[{"name":"wp","href":"https:\/\/api.w.org\/{rel}","templated":true}]}}