{"id":91483,"date":"2023-08-09T00:25:04","date_gmt":"2023-08-08T23:25:04","guid":{"rendered":"https:\/\/santepara.ma\/?product=urgo-tul-1010-2"},"modified":"2023-11-04T13:05:03","modified_gmt":"2023-11-04T12:05:03","slug":"urgo-tul-1010-2","status":"publish","type":"product","link":"https:\/\/santepara.ma\/?product=urgo-tul-1010-2","title":{"rendered":"Urgo Tul 10*10"},"content":{"rendered":"<p><strong>Le pansement URGOTUL<\/strong>\u00a0a \u00e9t\u00e9 con\u00e7u dans le but d\u2019aider \u00e0 cicatriser les\u00a0<strong>plaies<\/strong>\u00a0aigu\u00ebs (br\u00fblures, dermabrasion, plaies traumatiques, plaies post-op\u00e9ratoires &#8230;), et les plaies chroniques (ulc\u00e8res de jambes, escarres, plaies du pied diab\u00e9tique). Urgotul est une\u00a0<strong>interface lipido-collo\u00efde<\/strong>\u00a0qui g\u00e9n\u00e8re une association de particules hydrocollo\u00efdes (macromol\u00e9cules hydrosolubles) \u00e0 de la vaseline (pommade) dans une trame polyester ventil\u00e9e et non occlusive.<\/p>\n<p>Le pansement\u00a0<strong>Urgotul<\/strong>\u00a0hautement conformable est ultra-souple,\u00a0<strong>non adh\u00e9sif<\/strong>, non occlusif et non adh\u00e9rent \u00e0 la plaie. Ce dernier est employ\u00e9 afin de faciliter la cicatrisation en milieu humide. Ce type de compresse est constitu\u00e9e de substances semi-synth\u00e9tiques qui ont pour r\u00f4le de former un gel lipido-colloide lorsqu\u2019elles sont en contact avec la peau. Cela permet ainsi de cr\u00e9er un<strong>\u00a0environnement favorable \u00e0 la cicatrisation<\/strong>.<\/p>\n<p>Ces pansements respectent les tissus n\u00e9o-form\u00e9s et \u00e9vitent toute mac\u00e9ration. De plus,\u00a0<strong>Urgotul<\/strong>\u00a0n\u2019adh\u00e8re pas \u00e0 la plaie et a pour avantage de procurer un\u00a0<strong>retrait atraumatique et indolore<\/strong>.<\/p>\n<p>Cette compresse peut \u00eatre d\u00e9coup\u00e9e avec du mat\u00e9riel st\u00e9rile pour adapter la taille du pansement \u00e0 la plaie. Il est important d\u2019ajouter un second pansement qui recouvre ainsi la compresse Urgotul.<\/p>\n","protected":false},"excerpt":{"rendered":"<p>Le pansement URGOTUL\u00a0a \u00e9t\u00e9 con\u00e7u dans le but d\u2019aider \u00e0 cicatriser les\u00a0plaies\u00a0aigu\u00ebs (br\u00fblures, dermabrasion, plaies traumatiques, plaies post-op\u00e9ratoires &#8230;), et<\/p>\n","protected":false},"featured_media":91481,"comment_status":"open","ping_status":"closed","template":"","meta":{"_joinchat":[]},"pwb-brand":[443],"product_cat":[626,608,594],"product_tag":[],"brands":[{"id":443,"name":"URGO","slug":"urgo"}],"_links":{"self":[{"href":"https:\/\/santepara.ma\/index.php?rest_route=\/wp\/v2\/product\/91483"}],"collection":[{"href":"https:\/\/santepara.ma\/index.php?rest_route=\/wp\/v2\/product"}],"about":[{"href":"https:\/\/santepara.ma\/index.php?rest_route=\/wp\/v2\/types\/product"}],"replies":[{"embeddable":true,"href":"https:\/\/santepara.ma\/index.php?rest_route=%2Fwp%2Fv2%2Fcomments&post=91483"}],"wp:featuredmedia":[{"embeddable":true,"href":"https:\/\/santepara.ma\/index.php?rest_route=\/wp\/v2\/media\/91481"}],"wp:attachment":[{"href":"https:\/\/santepara.ma\/index.php?rest_route=%2Fwp%2Fv2%2Fmedia&parent=91483"}],"wp:term":[{"taxonomy":"pwb-brand","embeddable":true,"href":"https:\/\/santepara.ma\/index.php?rest_route=%2Fwp%2Fv2%2Fpwb-brand&post=91483"},{"taxonomy":"product_cat","embeddable":true,"href":"https:\/\/santepara.ma\/index.php?rest_route=%2Fwp%2Fv2%2Fproduct_cat&post=91483"},{"taxonomy":"product_tag","embeddable":true,"href":"https:\/\/santepara.ma\/index.php?rest_route=%2Fwp%2Fv2%2Fproduct_tag&post=91483"}],"curies":[{"name":"wp","href":"https:\/\/api.w.org\/{rel}","templated":true}]}}